{"id":1047,"date":"2020-08-21T11:16:10","date_gmt":"2020-08-21T11:16:10","guid":{"rendered":"https:\/\/www.skinperfection.nl\/?post_type=product&#038;p=1047"},"modified":"2025-03-18T11:07:29","modified_gmt":"2025-03-18T11:07:29","slug":"atrimove","status":"publish","type":"product","link":"https:\/\/skinperfection.nl\/index.php\/product\/atrimove\/","title":{"rendered":"Atrimove"},"content":{"rendered":"<div class=\"product-single-menu\">\n<div class=\"js-sticky is-sticky\" data-margin-top=\"177\" data-sticky-class=\"is-sticky\">\n<nav class=\"menu-block js-scroll-spy \" data-scrollspy-options=\"{&quot;currentClass&quot;:&quot;menu-block__item--current&quot;}\"><span style=\"font-size: 2em;\">Glucosamine<\/span><\/nav>\n<\/div>\n<\/div>\n<div class=\"product-single-content content-styles collapse-group\">\n<div class=\"collapse-group-product\">\n<div id=\"product-single-description\" class=\"product-single-description product-single-section js-product-single-section active\">\n<div class=\"js-product-single-section-content\">\n<p>Atrimove<sup>\u00ae<\/sup>\u00a0bevat 2000 mg glucosaminesulfaat. Dit staat gelijk aan 1750 elementaire glucosamine. Wereldwijd is er geen enkel glucosamine supplement met een dergelijk hoge dosering. Laat staan dat er een glucosamine product bestaat dat met zo veel andere gezondheidsbevorderende nutri\u00ebnten wordt gecombineerd. Daarnaast garandeert Vitakruid de allerhoogste kwaliteitseisen met betrekking tot zuiverheid en microbiologische kwaliteit volgens\u00a0<em>United States Pharmacopoeia<\/em>\u00a0richtlijnen.<\/p>\n<h2 class=\"icon-title \">Chondro\u00eftine<\/h2>\n<p>Chondro\u00eftine is een dure grondstof waar vaak op bezuinigd wordt. Vitakruid houdt niet van bezuinigen op waardevolle nutri\u00ebnten, en dus bevat Atrimove<sup>\u00ae<\/sup>\u00a0maar liefst 1500 mg chondro\u00eftine, een riante dosering! De verhouding chondro\u00eftine\/glucosaminesulfaat in Atrimove<sup>\u00ae<\/sup>\u00a0is 3:4, de dosering met de beste resultaten in de huidige wetenschappelijke literatuur. Vitakruid wil uitsluitend de beste nutri\u00ebnten in haar producten. Daarom wordt de chondro\u00eftine in Atrimove<sup>\u00ae<\/sup>\u00a0getest op kwaliteit en zuiverheid volgens de laatste regels van\u00a0<em>Pharmacopeia European<\/em>.<\/p>\n<div class=\"readmore-text js-readmore-text js-readmore-mobile js-readmore-mobile\">\n<div class=\"readmore-text-content js-readmore-content\">\n<h2 class=\"icon-title \">MSM<\/h2>\n<p>MSM (methylsulfonylmethaan) is een zwavel. De zwavelsoort wordt in supplementen voor het bewegingsapparaat vaker gecombineerd met glucosamine, chondro\u00eftine en in uitzonderlijke gevallen met vitamine C. Een dosering van 3000 mg is echter uniek. Samen met de hoge doseringen glucosamine (1750 mg) en chondro\u00eftine (1500 mg) is Atrimove<sup>\u00ae<\/sup>\u00a0het hoogst gedoseerde combinatiepreperaat verkrijgbaar!<\/p>\n<h2 class=\"icon-title \">Mangaan &amp; vitamine C<\/h2>\n<p>Atrimove<sup>\u00ae<\/sup>bevat de hoge dosering van 7,6 mg mangaan per maatschep. In die dosering is het metaal goed voor de botaanmaak en het kraakbeen*. Daarnaast zorgt het nutri\u00ebnt voor de bescherming van het lichaam tegen oxidatieve schade*. Een eigenschap die we ook aan het bekende vitamine C toeschrijven*. Bovendien bevat Atrimove<sup>\u00ae<\/sup>\u00a0vitamine C in de vorm calcium\/magnesium ascorbaat. Een uiterst goed opneembare vorm die voor een synergetische werking zorgt met calcium en magnesium. Twee nutri\u00ebnten die een waardevolle aanvulling voor de Atrimove<sup>\u00ae<\/sup>\u00a0formule vormen!<\/p>\n<p><img data-recalc-dims=\"1\" decoding=\"async\" src=\"https:\/\/i0.wp.com\/www.vitakruid.nl\/media\/image\/57\/ba\/9f0d60b5774cb687716d5fecd6af.jpeg?w=980&#038;ssl=1\" alt=\"Werking Mangaan &amp; vitamine C\" \/><\/p>\n<h2 class=\"icon-title \">Magnesium &amp; vitamine B6<\/h2>\n<p>Magnesium is een gezondheidsduizendpoot die bij meer dan 300 biochemische processen in het lichaam betrokken is. Binnen Atrimove\u00ae fungeert het mineraal voornamelijk als beschermer van botten en spieren*. Magnesium wordt bijgestaan door vitamine B6 in de veilige vorm pyridoxaal-5-fosfaat, wat de kans op stapelingen in het lichaam minimaliseert.<\/p>\n<p><img data-recalc-dims=\"1\" decoding=\"async\" src=\"https:\/\/i0.wp.com\/www.vitakruid.nl\/media\/image\/c0\/2f\/e382ebe439df00f27cdae3c47c31.jpeg?w=980&#038;ssl=1\" alt=\"Werking Vitamine B6 &amp; Magnesium\" \/><\/p>\n<h2 class=\"icon-title \">Calcium &amp; vitamine D<\/h2>\n<p>Calcium is een fundamenteel mineraal dat voornamelijk te vinden is in de botten. Het vervult daar een rol in botaanmaak*. Daarnaast is het veelzijdige mineraal goed voor de spieren en het skelet*. Door de combinatie met de zonnevitamine (D3) wordt de klassieke botversterker beter opgenomen door uw lichaam*. Twee verwanten voor de gezondheid van uw bewegingsapparaat*!<\/p>\n<p><img data-recalc-dims=\"1\" decoding=\"async\" src=\"https:\/\/i0.wp.com\/www.vitakruid.nl\/media\/image\/ec\/3c\/0ea7cbfe9bf0fd87f76e7f78a4e8.jpeg?w=980&#038;ssl=1\" alt=\"Werking Vitamine D3 &amp; Calcium\" \/><\/p>\n<h2 class=\"icon-title \">Prijs-kwaliteit verhouding<\/h2>\n<p>Atrimove is het voordeligste product op de markt waarin glucosamine, chondro\u00eftine en MSM gecombineerd zijn. Een mooie bewering natuurlijk, die u ongetwijfeld wel vaker hoort. Wij kunnen onze bewering echter onderbouwen met feiten. Zo betaalt u voor een dagdosering Atrimove<sup>\u00ae<\/sup>\u00a0\u20ac 1,32, en dan ontvangt u een goed gevulde maatschep van 10 gram. Een dagdosering Atrimove<sup>\u00ae<\/sup>\u00a0bevat 1750 mg elementaire glucosamine, 1500 mg chondro\u00eftine en 3000 mg MSM, samen 6,25 gram van de actieve nutri\u00ebnten in \u00e9\u00e9n maatschep. Wanneer we nu de prijs van een dagdosering (\u20ac1,32) delen door het actieve complex per maatschep (6,25 gram) dan weten we de prijs van \u00e9\u00e9n gram actief complex Atrimove<sup>\u00ae<\/sup>\u00a0(glucosamine, chondro\u00eftine en MSM). Dat maakt dus \u20ac1,32 \/ 6,25 = \u20ac0,21 per gram actief complex Atrimove<sup>\u00ae<\/sup>. Hieronder ziet u een grafiek waarin we onze prijs per gram actief complex vergelijken met concurrerende producten. Kleine kanttekening, deze concurrende producten bevatten allemaal geen vitamine C, vitamine B6, vitamine D3, mangaan, magnesium of calcium!<\/p>\n<p><img data-recalc-dims=\"1\" decoding=\"async\" src=\"https:\/\/i0.wp.com\/www.vitakruid.nl\/media\/image\/28\/94\/8aa413aa1c081a0228c6fe285831.jpeg?w=980&#038;ssl=1\" alt=\"Grafiek Atrimove\" \/><\/p>\n<h2 class=\"icon-title \">Poedervorm<\/h2>\n<p>Atrimove\u00ae granulaat is een supplement in poedervorm. We verkopen dit poeder ook in capsulevorm,\u00a0<a href=\"https:\/\/www.vitakruid.nl\/categorieen\/glucosamine\/atrimove-capsules\" target=\"_blank\" rel=\"noopener noreferrer\">Atrimove<sup>\u00ae<\/sup>\u00a0capsules<\/a>. Het grote voordeel van granulaat ten opzicht van capsules is dat u slecht \u00e9\u00e9nmaal per dag \u00e9\u00e9n maatschep hoeft in te nemen. Deze ene maatschep staat gelijk aan 10 capsules.<\/p>\n<h3>* Goedgekeurde gezondheidsclaims:<\/h3>\n<ul>\n<li>Calcium is goed voor het skelet en de kalkhuishouding.<\/li>\n<li>Calcium speelt een rol in botaanmaak, weefselgroei en is van belang voor sterke tanden.<\/li>\n<li>Magnesium en mangaan zijn goed voor het skelet en spelen een rol in botaanmaak.<\/li>\n<li>Magnesium is belangrijk voor de opbouw en het behoud van sterke tanden.<\/li>\n<li>Magnesium is goed voor de spieren en het celdelingsproces.<\/li>\n<li>Magnesium speelt een rol bij het opbouwen van lichaamseiwit; weefselgroei en -ontwikkeling.<\/li>\n<li>Vitamine B6 is o.a. goed voor de aanmaak van rode bloedcellen, de eiwitproductie, cyste\u00efne aanmaak en het glycogeen metabolisme.<\/li>\n<li>Vitamine C en mangaan beschermen het lichaam tegen oxidatieve schade.<\/li>\n<li>Vitamine C is goed voor het skelet en het kraakbeen.<\/li>\n<li>Vitamine C is van belang voor de vorming van collageen wat belangrijk is voor de botten.<\/li>\n<li>Vitamine C is belangrijk voor het tandvlees, de opbouw van sterke tanden en het beschermt gezonde cellen en weefsels.<\/li>\n<li>Vitamine D is goed voor de calciumhuishouding, de opname van calcium en voor het skelet.<\/li>\n<li>Vitamine D verhoogt de calciumopname in de botten en draagt bij aan de aanmaak van cellen en weefsels.<\/li>\n<li>Vitamine D is belangrijk voor de opname van calcium en fosfor.<\/li>\n<\/ul>\n<\/div>\n<\/div>\n<\/div>\n<\/div>\n<\/div>\n<\/div>\n","protected":false},"excerpt":{"rendered":"<p class=\"product-single-short-description\">Formule voor botten, spieren en gewrichten<\/p>\n<p class=\"m-b-2\"><span class=\"fl-center-vert primary-color product-substance js-product-substance\"><span class=\"js-product-substance-amount\">440<\/span>\u00a0<span class=\"product-substance-substance js-product-substance-substance\">gram<\/span><\/span><\/p>\n","protected":false},"featured_media":1048,"template":"","meta":[],"product_brand":[],"product_cat":[57,222],"product_tag":[],"class_list":{"0":"post-1047","1":"product","2":"type-product","3":"status-publish","4":"has-post-thumbnail","6":"product_cat-botten-spieren-en-gewrichten","7":"product_cat-vitakruid-vitmaines-mineralen-gezondheid","9":"first","10":"instock","11":"sale","12":"shipping-taxable","13":"purchasable","14":"product-type-simple"},"jetpack_sharing_enabled":true,"_links":{"self":[{"href":"https:\/\/skinperfection.nl\/index.php\/wp-json\/wp\/v2\/product\/1047","targetHints":{"allow":["GET"]}}],"collection":[{"href":"https:\/\/skinperfection.nl\/index.php\/wp-json\/wp\/v2\/product"}],"about":[{"href":"https:\/\/skinperfection.nl\/index.php\/wp-json\/wp\/v2\/types\/product"}],"wp:featuredmedia":[{"embeddable":true,"href":"https:\/\/skinperfection.nl\/index.php\/wp-json\/wp\/v2\/media\/1048"}],"wp:attachment":[{"href":"https:\/\/skinperfection.nl\/index.php\/wp-json\/wp\/v2\/media?parent=1047"}],"wp:term":[{"taxonomy":"product_brand","embeddable":true,"href":"https:\/\/skinperfection.nl\/index.php\/wp-json\/wp\/v2\/product_brand?post=1047"},{"taxonomy":"product_cat","embeddable":true,"href":"https:\/\/skinperfection.nl\/index.php\/wp-json\/wp\/v2\/product_cat?post=1047"},{"taxonomy":"product_tag","embeddable":true,"href":"https:\/\/skinperfection.nl\/index.php\/wp-json\/wp\/v2\/product_tag?post=1047"}],"curies":[{"name":"wp","href":"https:\/\/api.w.org\/{rel}","templated":true}]}}