{"id":1161,"date":"2021-01-22T11:58:48","date_gmt":"2021-01-22T11:58:48","guid":{"rendered":"https:\/\/www.skinperfection.nl\/?post_type=product&#038;p=1161"},"modified":"2023-05-13T08:04:59","modified_gmt":"2023-05-13T08:04:59","slug":"glucosil-gel","status":"publish","type":"product","link":"https:\/\/skinperfection.nl\/index.php\/product\/glucosil-gel\/","title":{"rendered":"Glucosil gel"},"content":{"rendered":"<div id=\"product-single-description\" class=\"product-single-description product-single-section js-product-single-section\">\n<div class=\"js-product-single-section-content\">\n<h2 class=\"icon-title \">Smeerbaar dus direct doeltreffend op behoevende plek<\/h2>\n<p>Het probleem met orale suppletie is dat het lichaam zelf moet uitzoeken op welke plek in het lichaam de nutri\u00ebnten gewenst zijn. Binnen het proces van het lokaliseren van de juiste plek gaan binnen het lichaam een hoop van de actieve nutri\u00ebnten verloren. Met een smeerbare gel verhelp je dit probleem. De nutri\u00ebnten breng je direct aan waar ze voor jouw gevoel nodig zijn. Op deze manier ondervindt de behoevende plek optimaal effect van de verschillende nutri\u00ebnten.<\/p>\n<h2 class=\"icon-title \">Organisch silicium voor optimale doorlaatbaarheid<\/h2>\n<p>Organisch silicium (methylsilanol) heeft een dubbele rol. Silicium fungeert binnen deze formule als zogenoemde carrier. Dat houdt in dat het silicium zich bindt aan andere moleculen waardoor de hele substantie makkelijk door de huid kan dringen. Op die manier ondersteunt organisch silicium de stoffen glucosamine, chondro\u00eftine en MSM in hun doordringbaarheid.<\/p>\n<div class=\"readmore-text js-readmore-text js-readmore-mobile\">\n<div class=\"readmore-text-content js-readmore-content\">\n<h2 class=\"icon-title \">De unieke combinatie van glucosamine, chondro\u00eftine en MSM<\/h2>\n<p>De actieve ingredi\u00ebnten van dit product zijn glucosamine, chondro\u00eftine en MSM. Dit vloeibare mengsel bestaat voor minimaal 2% uit glucosamine, bevat ongeveer 1% MSM en chondro\u00eftine is voor 0,5% vertegenwoordigd. Deze doseringen lijken misschien op het oog laag, maar kijkend naar vergelijkbare producten zijn het uitstekende waarden. Bovendien bevatten de meeste gels \u00e9\u00e9n of hooguit twee van bovenstaande effectieve nutrienten. GlucoSil is met de combinatie van glucosamine, chondro\u00eftine en MSM absoluut uniek op de huidige markt!<\/p>\n<h2 class=\"icon-title \">Aangevuld met kruiden voor verbeterde werking<\/h2>\n<p>De zogenoemde etherische oli\u00ebn in dit product hebben naast een verzachtend effect ook de eigenschap om makkelijk de huid door te dringen. Hierdoor bereiken de hoofdingredi\u00ebnten sneller de behoevende plek. Daarnaast heeft het mengsel van thymolie, gaultheria olie, thymvulgolie, lavendelolie, eucalyptusolie en bonenkruidolie een vriendelijke werking op de huid. Ohja, en de bloemen- en kruidenmix ruikt ook gewoon heel erg lekker!<\/p>\n<p>Dosering<\/p>\n<\/div>\n<\/div>\n<\/div>\n<\/div>\n<div id=\"product-single-dosage\" class=\"product-single-section js-product-single-section\">\n<div class=\"js-product-single-section-content\">\n<div>\n<p>Drie keer per dag cirkelvormig op de spieren en gewrichten inmasseren. Tenzij anders geadviseerd. Niet gebruiken tijdens de eerste drie maanden van de zwangerschap.<\/p>\n<p><strong>Let op:\u00a0<\/strong>Dit product bevat etherische oli\u00ebn. Contact met ogen en slijmvliezen vermijden. Handen goed wassen na gebruik.<\/p>\n<h3>Ingredi\u00ebnten<\/h3>\n<p>Aqua, Organisch silicium, Glucoaminesulfaat, Chondro\u00eftinesulfaat, MSM, etherische oli\u00ebn: Satureia montana, Thymus satureoides, Gaultheria procumbens, Thymus vulgaris CT thujanol, Lavendula burnatti CT super, Eucalyptus polybractea CT.<\/p>\n<p>Bevat geen: GMO, gluten, gist, lactose, suiker, kunstmatige kleurstoffen, smaakstoffen of conserveringsmiddelen.<\/p>\n<table class=\"table table--styled m-b-half\">\n<thead>\n<tr>\n<th colspan=\"2\">Ingredi\u00ebnten (3x daags inmasseren)<\/th>\n<th>RI*<\/th>\n<\/tr>\n<\/thead>\n<tbody>\n<tr>\n<td colspan=\"3\">Aqua<\/td>\n<\/tr>\n<tr>\n<td><a title=\"Silicium (organisch)\" href=\"https:\/\/www.vitakruid.nl\/ingredienten\/silicium\">Silicium (organisch)<\/a><\/td>\n<td><\/td>\n<td><\/td>\n<\/tr>\n<tr>\n<td><a title=\"Glucosamine (sulfaat)\" href=\"https:\/\/www.vitakruid.nl\/ingredienten\/glucosamine\">Glucosamine (sulfaat)<\/a><\/td>\n<td><\/td>\n<td><\/td>\n<\/tr>\n<tr>\n<td><a title=\"Chondro\u00eftine\" href=\"https:\/\/www.vitakruid.nl\/ingredienten\/chondroitine\">Chondro\u00eftine<\/a><\/td>\n<td><\/td>\n<td><\/td>\n<\/tr>\n<tr>\n<td><a title=\"MSM\" href=\"https:\/\/www.vitakruid.nl\/ingredienten\/msm\">MSM<\/a><\/td>\n<td><\/td>\n<td><\/td>\n<\/tr>\n<tr>\n<td colspan=\"3\">Etherische oli\u00ebn:<\/td>\n<\/tr>\n<tr>\n<td colspan=\"3\">Satureia montana<\/td>\n<\/tr>\n<tr>\n<td colspan=\"3\">Thymus satureoides<\/td>\n<\/tr>\n<tr>\n<td colspan=\"3\">Gaultheria procumbens<\/td>\n<\/tr>\n<tr>\n<td colspan=\"3\">Thymus vulgaris CT thujanol<\/td>\n<\/tr>\n<tr>\n<td colspan=\"3\">Lavendula burnatti CT super<\/td>\n<\/tr>\n<tr>\n<td colspan=\"3\">Eucalyptus polybractea CT<\/td>\n<\/tr>\n<\/tbody>\n<\/table>\n<div class=\"table m-b-full\"><small>* Referentie-Inname ** Geen RI vastgesteld<\/small><\/div>\n<\/div>\n<\/div>\n<\/div>\n<div id=\"product-single-safety\" class=\"product-single-section js-product-single-section\">\n<hr \/>\n<div class=\"h3 product-single-section__title\">Veiligheid<\/div>\n<div class=\"js-product-single-section-content\">\n<div>\n<p>Droog, buiten het bereik van zonlicht en op kamertemperatuur (15-25\u00b0C) bewaren. Niet in de koelkast of naast een toestel met een sterk elektromagnetisch veld bewaren.<\/p>\n<p>Niet gebruiken tijdens de eerste drie maanden van de zwangerschap. Handen goed wassen na gebruik. Bevat etherische oli\u00ebn. Contact met ogen of slijmvliezen vermijden. Buiten bereik en zicht van jonge kinderen houden.<\/p>\n<\/div>\n<\/div>\n<\/div>\n","protected":false},"excerpt":{"rendered":"<div id=\"product-single-description\" class=\"product-single-description product-single-section js-product-single-section\">\n<div class=\"js-product-single-section-content\">\n<p class=\"product-single-short-description\">Gel op basis van organisch Silicium met Glucosamine en MSM<\/p>\n<p class=\"m-b-2\"><span class=\"fl-center-vert primary-color product-substance js-product-substance\"><span class=\"product-substance-amount js-product-substance-amount\">150<\/span>\u00a0<span class=\"product-substance-substance js-product-substance-substance\">milliliter<\/span><\/span><\/p>\n<ul class=\"list list--lg list--check-circle-secondary m-b-full\">\n<li>Smeerbaar dus direct doeltreffend op behoevende plek<\/li>\n<li>Organisch silicium voor optimale doorlaatbaarheid<\/li>\n<li>De unieke combinatie van glucosamine, chondro\u00eftine en MSM<\/li>\n<li>Aangevuld met kruiden voor verbeterde werking<\/li>\n<\/ul>\n<h2><\/h2>\n<\/div>\n<\/div>\n<div id=\"product-single-safety\" class=\"product-single-section js-product-single-section\">\n<div class=\"js-product-single-section-content\">\n<div>\n<p>&nbsp;<\/p>\n<\/div>\n<\/div>\n<\/div>\n","protected":false},"featured_media":1162,"template":"","meta":[],"product_brand":[],"product_cat":[57,43,222,41],"product_tag":[],"class_list":{"0":"post-1161","1":"product","2":"type-product","3":"status-publish","4":"has-post-thumbnail","6":"product_cat-botten-spieren-en-gewrichten","7":"product_cat-spieren-en-gewrichten","8":"product_cat-vitakruid-vitmaines-mineralen-gezondheid","9":"product_cat-natuurgeneeskunde","11":"first","12":"instock","13":"shipping-taxable","14":"purchasable","15":"product-type-simple"},"jetpack_sharing_enabled":true,"_links":{"self":[{"href":"https:\/\/skinperfection.nl\/index.php\/wp-json\/wp\/v2\/product\/1161","targetHints":{"allow":["GET"]}}],"collection":[{"href":"https:\/\/skinperfection.nl\/index.php\/wp-json\/wp\/v2\/product"}],"about":[{"href":"https:\/\/skinperfection.nl\/index.php\/wp-json\/wp\/v2\/types\/product"}],"wp:featuredmedia":[{"embeddable":true,"href":"https:\/\/skinperfection.nl\/index.php\/wp-json\/wp\/v2\/media\/1162"}],"wp:attachment":[{"href":"https:\/\/skinperfection.nl\/index.php\/wp-json\/wp\/v2\/media?parent=1161"}],"wp:term":[{"taxonomy":"product_brand","embeddable":true,"href":"https:\/\/skinperfection.nl\/index.php\/wp-json\/wp\/v2\/product_brand?post=1161"},{"taxonomy":"product_cat","embeddable":true,"href":"https:\/\/skinperfection.nl\/index.php\/wp-json\/wp\/v2\/product_cat?post=1161"},{"taxonomy":"product_tag","embeddable":true,"href":"https:\/\/skinperfection.nl\/index.php\/wp-json\/wp\/v2\/product_tag?post=1161"}],"curies":[{"name":"wp","href":"https:\/\/api.w.org\/{rel}","templated":true}]}}