{"id":1262,"date":"2021-03-10T15:24:53","date_gmt":"2021-03-10T15:24:53","guid":{"rendered":"https:\/\/www.skinperfection.nl\/?post_type=product&#038;p=1262"},"modified":"2023-05-13T08:04:37","modified_gmt":"2023-05-13T08:04:37","slug":"symflora-basis-pre-en-probiotica","status":"publish","type":"product","link":"https:\/\/skinperfection.nl\/index.php\/product\/symflora-basis-pre-en-probiotica\/","title":{"rendered":"Symflora\u00ae Basis  Pre- en probiotica"},"content":{"rendered":"<div><\/div>\n<div>\n<div id=\"product\">\n<h1>Symflora\u00ae Basis<\/h1>\n<\/div>\n<div class=\"page-content\">\n<div class=\"collapse-group-product\">\n<div id=\"product-single-description\" class=\"product-single-description product-single-section js-product-single-section\">\n<div class=\"h3 product-single-section__title\">Beschrijving<\/div>\n<div class=\"js-product-single-section-content\">\n<div>\n<h2 class=\"icon-title \">Pre- en probiotica<\/h2>\n<p>Naast probiotica bestaat er ook prebiotica. Dit zijn onverteerbare voedingsvezels die als voeding dienen voor de probiotica. Hierdoor wordt het aantal werkzame bacteri\u00ebn groter, sterker en hebben ze een betere overlevingskans binnen ons verteringsgestel. We hebben ervoor gezorgd dat prebiotica al in Symflora<sup>\u00ae<\/sup>\u00a0Basis is opgenomen voor een optimale werking van de probiotica!<\/p>\n<h2 class=\"icon-title \">Meerdere stammen<\/h2>\n<p>Welke moet je nu selecteren voor een goed probioticum? Uit onderzoek blijkt dat een probioticum met meerdere stammen effectiever is dan een probiotica met slechts \u00e9\u00e9n stam. Met deze kennis in het achterhoofd hebben we bij Symflora<sup>\u00ae<\/sup>\u00a0Basis gekozen voor een formule met maar liefst acht stammen!<\/p>\n<div class=\"readmore-text js-readmore-text js-readmore-mobile\">\n<div class=\"readmore-text-content js-readmore-content\">\n<h2 class=\"icon-title \">Stabiliteit<\/h2>\n<p>We hebben ervoor gekozen om Symflora<sup>\u00ae<\/sup>\u00a0Basis te verpakken in sachets. Deze verpakkingskeuze heeft verschillende voordelen ten opzichte van andere verpakkingsmethoden. Zo blijft het product in een sachet optimaal beschermd tegen vocht, licht en lucht.<\/p>\n<h2 class=\"icon-title \">Overleving<\/h2>\n<p>Cruciaal voor de waarde van een probiotica is het overlevingscijfer van de bacteri\u00eble stammen na het doorlopen van ons verteringsgestel. Uit onderzoek van Winclove probiotics in samenwerking met de universiteit van Maastricht blijkt dat de (kve\/g)* in Symflora<sup>\u00ae<\/sup>\u00a0na het doorlopen van onze spijsvertering relatief stabiel blijft.<\/p>\n<h2 class=\"icon-title \">Metabole activiteit<\/h2>\n<p>Ook bleek uit hetzelfde onderzoek dat de (kve\/g)* in Symflora<sup>\u00ae<\/sup>\u00a0zorgen voor veel metabole activiteit. Kort gezegd staat metabole activiteit voor het activiteitslevel dat bacteri\u00eble stammen binnen ons verteringsgestel bereiken zonder te beschadigen.<\/p>\n<p>Het doorstaan van de overlevings- en metabole activiteitstest zijn relevante graadmeters voor het selecteren van een goed probioticum. Vaak wordt de indruk gewekt dat het aantal kolonievormende eenheden (kve\/g)* leidend is. Hoe meer (kve\/g)*, hoe beter het product. Dit is echter een misvatting. Want wat is het nut van een grote hoeveelheid (kve\/g)* wanneer de bacteri\u00ebn allemaal overlijden in ons maagzuur zonder dat de relevante bestemming, de darmen, is bereikt.<\/p>\n<p><small>*Kve\/g De afkorting (kve\/g) komt van de Engelse afkorting (cfu\/g), wat colony forming units per gram betekent. In het Nederlands hebben we daar het begrip, kolonievormende eenheden per gram van gemaakt. Het kiemgetal of de kolonievormende eenheden per gram staan voor het aantal koloni\u00ebn probiotica dat in een gram van het product aanwezig is. \u00c9\u00e9n gram Symflora<sup>\u00ae<\/sup>\u00a0Basis bevat 109 (kve\/g), dus \u00e9\u00e9n sachet a 2 gram bevat twee keer 109 (kve\/g).<\/small><\/p>\n<\/div>\n<\/div>\n<\/div>\n<\/div>\n<\/div>\n<\/div>\n<\/div>\n<\/div>\n<div><\/div>\n<div><\/div>\n<div class=\"h3 product-single-section__title\">Beschrijving<\/div>\n<div class=\"js-product-single-section-content\">\n<div>\n<h2 class=\"icon-title \">Pre- en probiotica<\/h2>\n<p>Naast probiotica bestaat er ook prebiotica. Dit zijn onverteerbare voedingsvezels die als voeding dienen voor de probiotica. Hierdoor wordt het aantal werkzame bacteri\u00ebn groter, sterker en hebben ze een betere overlevingskans binnen ons verteringsgestel. We hebben ervoor gezorgd dat prebiotica al in Symflora<sup>\u00ae<\/sup>\u00a0Basis is opgenomen voor een optimale werking van de probiotica!<\/p>\n<h2 class=\"icon-title \">Meerdere stammen<\/h2>\n<p>Welke moet je nu selecteren voor een goed probioticum? Uit onderzoek blijkt dat een probioticum met meerdere stammen effectiever is dan een probiotica met slechts \u00e9\u00e9n stam. Met deze kennis in het achterhoofd hebben we bij Symflora<sup>\u00ae<\/sup>\u00a0Basis gekozen voor een formule met maar liefst acht stammen!<\/p>\n<div class=\"readmore-text js-readmore-text js-readmore-mobile\">\n<div class=\"readmore-text-content js-readmore-content\">\n<h2 class=\"icon-title \">Stabiliteit<\/h2>\n<p>We hebben ervoor gekozen om Symflora<sup>\u00ae<\/sup>\u00a0Basis te verpakken in sachets. Deze verpakkingskeuze heeft verschillende voordelen ten opzichte van andere verpakkingsmethoden. Zo blijft het product in een sachet optimaal beschermd tegen vocht, licht en lucht.<\/p>\n<p>&nbsp;<\/p>\n<p>&nbsp;<\/p>\n<\/div>\n<\/div>\n<\/div>\n<\/div>\n","protected":false},"excerpt":{"rendered":"<h1 class=\"product-single-title\">Symflora\u00ae Basis<\/h1>\n<p class=\"product-single-short-description\">Hoogwaardige Pre- en Probiotica<\/p>\n<p class=\"m-b-2\"><span class=\"fl-center-vert primary-color product-substance js-product-substance\"><span class=\"product-substance-amount js-product-substance-amount\">30<\/span>\u00a0<span class=\"product-substance-substance js-product-substance-substance\">sachet<\/span><\/span><\/p>\n<div class=\"fl-center-vert m-b-full\"><\/div>\n<div class=\"product-single-price m-b-full\">\n<div class=\"js-product-price\"><\/div>\n<\/div>\n<ul class=\"list list--lg list--check-circle-secondary m-b-full\">\n<li>Een combinatie van pre- en probiotica<\/li>\n<li>Maar liefst acht verschillende bacteri\u00eble stammen<\/li>\n<li>Groot overlevingspercentage na doorlopen verteringsgestel<\/li>\n<li>Hoge metabole activiteit van de probiotica<\/li>\n<li>Sachet geeft optimale bescherming tegen vocht, licht en lucht<\/li>\n<\/ul>\n","protected":false},"featured_media":1263,"template":"","meta":[],"product_brand":[],"product_cat":[222,41,66,56],"product_tag":[],"class_list":{"0":"post-1262","1":"product","2":"type-product","3":"status-publish","4":"has-post-thumbnail","6":"product_cat-vitakruid-vitmaines-mineralen-gezondheid","7":"product_cat-natuurgeneeskunde","8":"product_cat-voedingssuplementen","9":"product_cat-weerstand-en-darmflora","11":"first","12":"instock","13":"shipping-taxable","14":"purchasable","15":"product-type-simple"},"jetpack_sharing_enabled":true,"_links":{"self":[{"href":"https:\/\/skinperfection.nl\/index.php\/wp-json\/wp\/v2\/product\/1262","targetHints":{"allow":["GET"]}}],"collection":[{"href":"https:\/\/skinperfection.nl\/index.php\/wp-json\/wp\/v2\/product"}],"about":[{"href":"https:\/\/skinperfection.nl\/index.php\/wp-json\/wp\/v2\/types\/product"}],"wp:featuredmedia":[{"embeddable":true,"href":"https:\/\/skinperfection.nl\/index.php\/wp-json\/wp\/v2\/media\/1263"}],"wp:attachment":[{"href":"https:\/\/skinperfection.nl\/index.php\/wp-json\/wp\/v2\/media?parent=1262"}],"wp:term":[{"taxonomy":"product_brand","embeddable":true,"href":"https:\/\/skinperfection.nl\/index.php\/wp-json\/wp\/v2\/product_brand?post=1262"},{"taxonomy":"product_cat","embeddable":true,"href":"https:\/\/skinperfection.nl\/index.php\/wp-json\/wp\/v2\/product_cat?post=1262"},{"taxonomy":"product_tag","embeddable":true,"href":"https:\/\/skinperfection.nl\/index.php\/wp-json\/wp\/v2\/product_tag?post=1262"}],"curies":[{"name":"wp","href":"https:\/\/api.w.org\/{rel}","templated":true}]}}