{"id":1357,"date":"2021-04-27T19:46:06","date_gmt":"2021-04-27T19:46:06","guid":{"rendered":"https:\/\/www.skinperfection.nl\/?post_type=product&#038;p=1357"},"modified":"2022-11-16T09:55:49","modified_gmt":"2022-11-16T09:55:49","slug":"davos-air-kuurolie","status":"publish","type":"product","link":"https:\/\/skinperfection.nl\/index.php\/product\/davos-air-kuurolie\/","title":{"rendered":"Davos Air Kuurolie"},"content":{"rendered":"<div class=\"block-title\"><strong style=\"font-size: 2em;\">Over Davos Air<\/strong><\/div>\n<div class=\"block-content pdp-full-desc read-opened\">\n<p><span data-contrast=\"auto\">Davos<\/span><span data-contrast=\"auto\">\u00a0is een dorpje in de Alpen in Zwitserland waar naast toeristen traditioneel ook veel longpati\u00ebnten komen. Door de hoge ligging in een bosgebied kan er optimaal geprofiteerd worden van de gezonde lucht! De zuivere lucht in kuuroorden zoals Davos in Zwitserland is mede te danken aan de essenti\u00eble oli\u00ebn die door de aanwezige dennenbossen worden \u2018uitgeademd.\u2019 Hetzelfde effect kun je natuurlijk ook in onze eigen bossen vaststellen: de essenti\u00eble oli\u00ebn in boslucht laten ons dieper en vrijer ademhalen. Dat geldt zelfs voor mensen die op geurstoffen normaal gevoelig reageren.\u00a0<\/span><span data-contrast=\"auto\">Zo komen wij\u00a0aan de naam voor onze 100% natuurlijke\u00a0<\/span><span data-contrast=\"auto\">Davos<\/span><span data-contrast=\"auto\">\u00a0<\/span><span data-contrast=\"auto\">Air kuurolie. D<\/span><span data-contrast=\"auto\">e<\/span><span data-contrast=\"auto\">\u00a0frisse\u00a0essenti\u00eble oli\u00ebn in deze mix\u00a0<\/span><span data-contrast=\"auto\">houden\u00a0<\/span><span data-contrast=\"auto\">de\u00a0<\/span><span data-contrast=\"auto\">lucht en<\/span><span data-contrast=\"auto\">\u00a0de<\/span><span data-contrast=\"auto\">\u00a0luchtwegen gezond.\u00a0<\/span>Davos kuurolie is dus h\u00e9t mengsel voor luchtzuivering en gezonde luchtwegen.\u00a0<span class=\"TextRun SCXW189668863 BCX0\" lang=\"NL-NL\" xml:lang=\"NL-NL\" data-contrast=\"auto\"><span class=\"NormalTextRun SCXW189668863 BCX0\">Deze etherische oli\u00ebn versterken elkaars werking zodat er een effectieve synergie ontstaat voor de luchtwegen.\u00a0<\/span><\/span>Davos kuurolie bestaat uit de essenti\u00eble oli\u00ebn van:<\/p>\n<ul>\n<li>grove den<\/li>\n<li>eucalyptus<\/li>\n<li>pepermunt<\/li>\n<li>akkermunt<\/li>\n<\/ul>\n<h2><strong>Verdampen<\/strong><\/h2>\n<p>In de verdamper of de aromabrander geeft de Davos Air kuurolie een verfrissende en prettige geur die lucht geeft en de ruimte zuivert en verfrist. Als verdampingsolie is Davos kuurolie zeer geschikt voor een ziekenkamer.\u00a0<strong>Tip:<\/strong>\u00a0Een frisse lucht voor onderweg? Houd deze olie dan\u00a0bij de hand met de\u00a0<a href=\"https:\/\/www.chi.nl\/aroma-inhaler.html\">Chi Aroma Inhaler<\/a>!<\/p>\n<p><strong>In de ultrasone verdamper<\/strong>: de neus bepaalt het aantal druppels, meestal tussen de 5 en 20 druppels op het water in de verdamper druppelen.<br \/>\n<strong>In de Aroma Inhaler:<\/strong>\u00a020 druppels op het katoenen staafje druppelen.<br \/>\n<strong>Op het geursteentje:<\/strong>\u00a0Gebruik 6 tot 10 druppels voor gebruik van het steentje op toilet, kledingkast of op het nachtkastje.<br \/>\n<strong>Stomen:<\/strong>\u00a0gebruik maximaal 4 druppels. Dit is intensief en effectief en helpt om vrijer te ademen door de neus.<\/p>\n<p>De\u00a0<a href=\"https:\/\/www.chi.nl\/davos-airspray-natuurlijke-luchtverfrisser.html\">Davos Airspray<\/a>\u00a0is een mix van de Davos essenti\u00eble oli\u00ebn gemengd met alcohol om snel een ruimte te begeuren. Een kamer voor of na bezoek, een praktijkruimte net voor de cli\u00ebnt komt,\u202feen muffige auto\u202fof om gewoon om jezelf of de ruimte op te frissen.<\/p>\n<h2><strong>Op de huid<\/strong><\/h2>\n<p>Gebruik Davos kuurolie nooit puur op de huid. Vermeng de olie eerst met een vette plantolie, hiervoor kun je bijvoorbeeld de\u00a0<a title=\"https:\/\/www.chi.nl\/aromassage-basic-2.html\" href=\"https:\/\/www.chi.nl\/aromassage-basic-2.html\" target=\"_blank\" rel=\"noopener\">Aromassage Basic<\/a>\u00a0gebruiken, of kies een\u00a0<a title=\"https:\/\/www.chi.nl\/aromatherapie\/plant-olien-voor-de-huid\" href=\"https:\/\/www.chi.nl\/aromatherapie\/plant-olien-voor-de-huid\" target=\"_blank\" rel=\"noopener\">vette plantolie<\/a>\u00a0naar keuze. Voor plaatselijk gebruik voeg je op 100 ml basisolie maximaal 5 ml Davos Air kuurolie (ongeveer 100 druppels) toe. Breng het mengsel aan op borst en rug. De\u00a0<a href=\"https:\/\/www.chi.nl\/davos-roller.html\">Davos roller<\/a>\u00a0is een kant-en-klaar product, waarbij de pure Davos al gemengd is met de huidverzorgende jojoba olie. Deze roller beweegt je gemakkelijk over borst en rug, maar ook onder de neus, je kunt meteen vrijer ademen. Ook heeft deze roller een verzachtende invloed op het hoofd.\u00a0<a href=\"https:\/\/www.chi.nl\/davos-roller-kids.html\">Davos roller for kids<\/a>\u00a0is speciaal geschikt voor kinderen vanaf 6 maanden door vervanging van de klassieke eucalyptus door de zachtere\u202fEucalyptus smithii.<\/p>\n<p><a href=\"https:\/\/www.chi.nl\/davos-spier-olie.html\">Davos spierolie<\/a>\u00a0is goed voor de verzorging van de spieren, en is ook geschikt om op de borst en rug aan te brengen voor gezonde luchtwegen! Aan de Davos mix zijn o.a ook de essenti\u00eble oli\u00ebn toegevoegd van kajeput, kamfer en een beetje kruidnagel. Dit alles in een basis van amandelolie, arnica- en St. Janskruid maceraat.<\/p>\n<h2><strong>In bad<\/strong><\/h2>\n<p>E\u00e9n van de meest prettige toepassingen van oli\u00ebn is het gebruik in een bad. Wanneer je de essenti\u00eble olie in het water druppelt, dan zie je de essenti\u00eble olie bovenop het water drijven. De olie en het water mengen namelijk niet met elkaar. Als de olie op het water blijft drijven, krijgt de huid direct contact met de olie en dit kan huidirritaties veroorzaken. Het is dus belangrijk om de olie in verdunde vorm in het badwater te gebruiken. Hiervoor heb je een zogenaamde emulgator nodig, die olie en water met elkaar kan verbinden. Kies voor een\u00a0<a title=\"emulgator\" href=\"https:\/\/www.chi.nl\/emulgator-bio.html\" target=\"_blank\" rel=\"noopener\">pure emulgator<\/a>\u00a0of voor een neutrale\u00a0<a title=\"badschuim\" href=\"https:\/\/www.chi.nl\/neutrale-badschuim-bio.html\" target=\"_blank\" rel=\"noopener\">badschuim<\/a>\u00a0of &#8211;<a title=\"hydrofiele olie\" href=\"https:\/\/www.chi.nl\/neutrale-hydrofiele-olie.html\" target=\"_blank\" rel=\"noopener\">olie<\/a>. Voor veilig gebruik van essenti\u00eble oli\u00ebn in bad gebruik je maximaal 10 druppels essenti\u00eble olie in 10 ml, badschuim, emulgator of hydrofiele olie voor een vol bad. Davos Air kuurolie is stimulerend en verfrissend en helpt om vrijer te ademen. Je kunt ook kiezen voor de kant-en-klare\u00a0<a href=\"https:\/\/www.chi.nl\/davos-badolie-luchtwegen.html\">Davos badolie<\/a>.<\/p>\n<h2><strong>Waarom Davos Air kuurolie?<\/strong><\/h2>\n<p>\u221a Luchtzuivering<br \/>\n\u221a Adem vrij<br \/>\n\u221a Gezonde luchtwegen<br \/>\n\u221a Gevoel van wellness en sauna<br \/>\n\u221a 100% natuurlijke luchtverfrisser<\/p>\n<h2><strong>Waarom kies je voor Chi?<\/strong><\/h2>\n<ul>\n<li>Sinds 1979, 40 jaar kennis en ervaring met aromatherapie!<\/li>\n<li>100% pure kracht uit de natuur<\/li>\n<li>Meest recente oogst van de hoogste kwaliteit<\/li>\n<li>Eigen productontwikkeling<\/li>\n<li>Eerlijke samenwerking met boeren over de hele wereld<\/li>\n<li>Eerlijke prijzen voor alle producten<\/li>\n<\/ul>\n<h4><strong>Meer weten?<\/strong><\/h4>\n<p>&#8211; Om meer te leren over aromatherapie lees je het boek van Harmen Rijpkema: het Aromecum!<\/p>\n<h4><strong>Waarschuwing<\/strong><\/h4>\n<p>Kan dodelijk zijn als de stof bij inslikken in de luchtwegen terechtkomt. Kan een allergische huidreactie veroorzaken. Buiten het bereik van kinderen houden. Na inslikken: onmiddellijk een vergiftigingencentrum of een arts raadplegen. Bij contact met de huid (of het haar): ontreinigde kleding onmiddellijk uittrekken &#8211; huid met water afspoelen\/afdouchen.<\/p>\n<p>&nbsp;<\/p>\n<\/div>\n<p>&nbsp;<\/p>\n","protected":false},"excerpt":{"rendered":"<p>Inhoud: 10 ml<\/p>\n<div class=\"block-title\"><strong>Specificaties<\/strong><\/div>\n<div class=\"block-content\">\n<table id=\"product-attribute-specs-table\" class=\"data table additional-attributes\">\n<tbody>\n<tr>\n<th class=\"col label\" scope=\"row\">Art.nr.<\/th>\n<td class=\"col data\" data-th=\"Art.nr.\">61820<\/td>\n<\/tr>\n<tr>\n<th class=\"col label\" scope=\"row\">Ingredients:<\/th>\n<td class=\"col data\" data-th=\"Ingredients:\">Eucalyptus globulus leaf oil, Pinus sylvestris leaf oil, Mentha arvensis leaf oil, Mentha piperita oil<\/td>\n<\/tr>\n<tr>\n<th class=\"col label\" scope=\"row\">Geur<\/th>\n<td class=\"col data\" data-th=\"Geur \">Den, Fris, Groen, Munt<\/td>\n<\/tr>\n<tr>\n<th class=\"col label\" scope=\"row\">Merk<\/th>\n<td class=\"col data\" data-th=\"Merk\">Davos Air<\/td>\n<\/tr>\n<\/tbody>\n<\/table>\n<\/div>\n<p>Davos Air kuurolie is de meest populaire mixolie voor gezonde luchtwegen en een ideale frisse geur in huis. Je waant je in het Zwitserse Davos, hoog in de bergen in de dennenbossen. Deze mixolie is een natuurlijke luchtverfrisser die niet alleen heerlijk ruikt, maar ook de lucht zuivert.\u00a0<span class=\"TextRun SCXW134686397 BCX0\" lang=\"NL-NL\" xml:lang=\"NL-NL\" data-contrast=\"auto\"><span class=\"NormalTextRun SCXW134686397 BCX0\">Zuiver de lucht en adem vrij met Davos Air.<\/span><\/span><\/p>\n","protected":false},"featured_media":1356,"template":"","meta":[],"product_brand":[],"product_cat":[204,79,41],"product_tag":[],"class_list":{"0":"post-1357","1":"product","2":"type-product","3":"status-publish","4":"has-post-thumbnail","6":"product_cat-chi-davos-luchtwegen-gezondheid-gezonde-lucht-in-huis-frisse-geur","7":"product_cat-davos-gezonde-luchtwegen-luchtzuiveren-spierolie-badolie-spray","8":"product_cat-natuurgeneeskunde","10":"first","11":"instock","12":"shipping-taxable","13":"purchasable","14":"product-type-simple"},"jetpack_sharing_enabled":true,"_links":{"self":[{"href":"https:\/\/skinperfection.nl\/index.php\/wp-json\/wp\/v2\/product\/1357","targetHints":{"allow":["GET"]}}],"collection":[{"href":"https:\/\/skinperfection.nl\/index.php\/wp-json\/wp\/v2\/product"}],"about":[{"href":"https:\/\/skinperfection.nl\/index.php\/wp-json\/wp\/v2\/types\/product"}],"wp:featuredmedia":[{"embeddable":true,"href":"https:\/\/skinperfection.nl\/index.php\/wp-json\/wp\/v2\/media\/1356"}],"wp:attachment":[{"href":"https:\/\/skinperfection.nl\/index.php\/wp-json\/wp\/v2\/media?parent=1357"}],"wp:term":[{"taxonomy":"product_brand","embeddable":true,"href":"https:\/\/skinperfection.nl\/index.php\/wp-json\/wp\/v2\/product_brand?post=1357"},{"taxonomy":"product_cat","embeddable":true,"href":"https:\/\/skinperfection.nl\/index.php\/wp-json\/wp\/v2\/product_cat?post=1357"},{"taxonomy":"product_tag","embeddable":true,"href":"https:\/\/skinperfection.nl\/index.php\/wp-json\/wp\/v2\/product_tag?post=1357"}],"curies":[{"name":"wp","href":"https:\/\/api.w.org\/{rel}","templated":true}]}}