{"id":1360,"date":"2021-04-27T19:52:40","date_gmt":"2021-04-27T19:52:40","guid":{"rendered":"https:\/\/www.skinperfection.nl\/?post_type=product&#038;p=1360"},"modified":"2022-11-16T09:55:23","modified_gmt":"2022-11-16T09:55:23","slug":"davos-badolie-luchtwegen","status":"publish","type":"product","link":"https:\/\/skinperfection.nl\/index.php\/product\/davos-badolie-luchtwegen\/","title":{"rendered":"Davos Badolie luchtwegen"},"content":{"rendered":"<div class=\"block-content pdp-full-desc read-opened\">\n<h2><strong>Over Davos badolie<\/strong><\/h2>\n<div>Davos staat voor luchtzuivering, gezonde luchtwegen en meer lucht! De Davos badolie is een klant en klaar mengsel met de bekende Davos Air essenti\u00eble oli\u00ebn:\u00a0<strong>grove den, eucalyptus, pepermunt en akkermunt.\u00a0<\/strong>Davos Air is onze populairste geur en geeft een echt wellness gevoel. De etherische oli\u00ebn in deze badolie zijn aangevuld met verzorgende amandelolie en een natuurlijke emulgator om de olie oplosbaar te maken in het water.<\/div>\n<div>\n<div><\/div>\n<\/div>\n<h2><strong>Hoe gebruik je Davos badolie?<\/strong><\/h2>\n<p>Voeg 2 dopjes toe aan een vol bad. Deze badolie is ook heerlijk te gebruiken na het sporten, voor de verzorging van spieren en voor soepele gewrichten. Ook in de zomer is dit een heerlijke badolie om het lichaam te verkoelen. De badolie frist je helemaal op bij een bad van 15 minuten. Ook te gebruiken in een voetenbad.<\/p>\n<h2><strong>Over Davos Air<\/strong><\/h2>\n<p>Davos Air kuurolie is de meest populaire mixolie voor gezonde luchtwegen en een ideale frisse geur in huis. Je waant je in het Zwitserse Davos, hoog in de bergen in de dennenbossen. Davos is een dorpje in de Alpen in Zwitserland waar naast toeristen traditioneel ook veel longpati\u00ebnten komen. Door de hoge ligging in een bosgebied kan er optimaal geprofiteerd worden van de gezonde lucht! De zuivere lucht in kuuroorden zoals Davos in Zwitserland is mede te danken aan de essenti\u00eble oli\u00ebn die door de aanwezige dennenbossen worden \u2018uitgeademd.\u2019 Hetzelfde effect kun je natuurlijk ook in onze eigen bossen vaststellen: de essenti\u00eble oli\u00ebn in boslucht laten ons dieper en vrijer ademhalen. Dat geldt zelfs voor mensen die op geurstoffen normaal gevoelig reageren. Zo komen wij aan de naam voor onze 100% natuurlijke Davos Air lijn. De frisse essenti\u00eble oli\u00ebn in deze mix houden de lucht en de luchtwegen gezond. Davos kuurolie is dus h\u00e9t mengsel voor luchtzuivering en gezonde luchtwegen!<\/p>\n<h2><strong>Waarom Davos Badolie?<\/strong><\/h2>\n<ul>\n<li>Kant-en-klaar voor gebruik in bad<\/li>\n<li>Helpt om vrijer te ademen<\/li>\n<li>Gezonde luchtwegen<\/li>\n<li>Onze populairste geur<\/li>\n<li>Gevoel van wellness en sauna<\/li>\n<li>100% natuurlijk<\/li>\n<\/ul>\n<h2><\/h2>\n<h2><strong>Waarom kies je voor Chi?<\/strong><\/h2>\n<ul>\n<li>Sinds 1979, 40 jaar kennis en ervaring met aromatherapie!<\/li>\n<li>100% pure kracht uit de natuur<\/li>\n<li>Meest recente oogst van de hoogste kwaliteit<\/li>\n<li>Eigen productontwikkeling<\/li>\n<li>Eerlijke samenwerking met boeren over de hele wereld<\/li>\n<li>Eerlijke prijzen voor alle producten<\/li>\n<li>Sponsoring van zorg- &amp; natuurprojecten<\/li>\n<\/ul>\n<p>&nbsp;<\/p>\n<\/div>\n<p>&nbsp;<\/p>\n","protected":false},"excerpt":{"rendered":"<ul>\n<li>Kant-en-klaar voor gebruik in bad<\/li>\n<li>Helpt om vrijer te ademen<\/li>\n<li>Gezonde luchtwegen<\/li>\n<li>Onze populairste geur<\/li>\n<li>Gevoel van wellness en sauna<\/li>\n<li>100% natuurlijk<\/li>\n<\/ul>\n<div class=\"block-title\"><strong>Specificaties<\/strong><\/div>\n<div class=\"block-content\">\n<table id=\"product-attribute-specs-table\" class=\"data table additional-attributes\">\n<tbody>\n<tr>\n<th class=\"col label\" scope=\"row\">Art.nr.<\/th>\n<td class=\"col data\" data-th=\"Art.nr.\">6880<\/td>\n<\/tr>\n<tr>\n<th class=\"col label\" scope=\"row\">EAN Code<\/th>\n<td class=\"col data\" data-th=\"EAN Code\">8714243040397<\/td>\n<\/tr>\n<tr>\n<th class=\"col label\" scope=\"row\">Geur<\/th>\n<td class=\"col data\" data-th=\"Geur \">Eucalyptus , Den, Munt<\/td>\n<\/tr>\n<tr>\n<th class=\"col label\" scope=\"row\">Beleving<\/th>\n<td class=\"col data\" data-th=\"Beleving\">Adem vrij , Schone lucht<\/td>\n<\/tr>\n<tr>\n<th class=\"col label\" scope=\"row\">Inhoud<\/th>\n<td class=\"col data\" data-th=\"Inhoud\">150 ml<\/td>\n<\/tr>\n<tr>\n<th class=\"col label\" scope=\"row\">Merk<\/th>\n<td class=\"col data\" data-th=\"Merk\">Davos Air<\/td>\n<\/tr>\n<\/tbody>\n<\/table>\n<\/div>\n","protected":false},"featured_media":1361,"template":"","meta":[],"product_brand":[],"product_cat":[204,79,41],"product_tag":[],"class_list":{"0":"post-1360","1":"product","2":"type-product","3":"status-publish","4":"has-post-thumbnail","6":"product_cat-chi-davos-luchtwegen-gezondheid-gezonde-lucht-in-huis-frisse-geur","7":"product_cat-davos-gezonde-luchtwegen-luchtzuiveren-spierolie-badolie-spray","8":"product_cat-natuurgeneeskunde","10":"first","11":"instock","12":"shipping-taxable","13":"purchasable","14":"product-type-simple"},"jetpack_sharing_enabled":true,"_links":{"self":[{"href":"https:\/\/skinperfection.nl\/index.php\/wp-json\/wp\/v2\/product\/1360","targetHints":{"allow":["GET"]}}],"collection":[{"href":"https:\/\/skinperfection.nl\/index.php\/wp-json\/wp\/v2\/product"}],"about":[{"href":"https:\/\/skinperfection.nl\/index.php\/wp-json\/wp\/v2\/types\/product"}],"wp:featuredmedia":[{"embeddable":true,"href":"https:\/\/skinperfection.nl\/index.php\/wp-json\/wp\/v2\/media\/1361"}],"wp:attachment":[{"href":"https:\/\/skinperfection.nl\/index.php\/wp-json\/wp\/v2\/media?parent=1360"}],"wp:term":[{"taxonomy":"product_brand","embeddable":true,"href":"https:\/\/skinperfection.nl\/index.php\/wp-json\/wp\/v2\/product_brand?post=1360"},{"taxonomy":"product_cat","embeddable":true,"href":"https:\/\/skinperfection.nl\/index.php\/wp-json\/wp\/v2\/product_cat?post=1360"},{"taxonomy":"product_tag","embeddable":true,"href":"https:\/\/skinperfection.nl\/index.php\/wp-json\/wp\/v2\/product_tag?post=1360"}],"curies":[{"name":"wp","href":"https:\/\/api.w.org\/{rel}","templated":true}]}}