{"id":1703,"date":"2022-03-02T12:32:32","date_gmt":"2022-03-02T12:32:32","guid":{"rendered":"https:\/\/www.skinperfection.nl\/?post_type=product&#038;p=1703"},"modified":"2024-01-16T14:17:20","modified_gmt":"2024-01-16T14:17:20","slug":"cec-skin-oil-touch-of-monoi","status":"publish","type":"product","link":"https:\/\/skinperfection.nl\/index.php\/product\/cec-skin-oil-touch-of-monoi\/","title":{"rendered":"CEC Skin Oil Touch of Monoi"},"content":{"rendered":"<h2>A Touch of Mono\u00ef<\/h2>\n<h2>Gebruik<\/h2>\n<p>Combineer de Skin Oil met \u00e9\u00e9n van de CEC lotions voor een complete dag- en nachtverzorging. Breng zowel \u2019s ochtends als \u2019s avonds 1 pompje aan op de gereinigde huid. Voor de juiste vet-vocht balans meng je de olie met 1 tot 4 sprays Lotion.<\/p>\n<h2>Over de ingredi\u00ebnten<\/h2>\n<p>Dit product is 100% biologisch<\/p>\n<p><strong><em>Over tiar\u00e9 absolue<\/em>:<\/strong>\u00a0Tiar\u00e9 is de Tahitiaanse naam voor de witte bloemen van de Gardenia tahitensis. Deze Gardenia komt alleen maar voor op Tahiti en omliggende eilanden. Na de pluk van de bijna volledig geopende bloemen moeten ze direct verwerkt worden. De bloemen worden minimaal 24 uur in kokosolie geweekt. Daarna wordt de olie gefilterd en is de olie klaar voor gebruik: Mono\u00ef de Tahiti. Hoe meer bloemen er gebruikt worden, hoe sterker de olie gaat geuren. Bijna alle vrouwen op de eilanden gebruiken Mono\u00ef in hun dagelijkse huidverzorging en voor droog en beschadigd haar.<\/p>\n<p><strong><em>Over kokos<\/em>:<\/strong>\u00a0Biologische kokosolie is een heerlijke olie voor de huid en is geschikt voor alle huidtypen. Vanwege de licht hydraterende werking is de olie met name geschikt voor de droge huid. Een mengsel met jojoba olie is ideaal bij een gebarsten huid. Biologische kokosolie werkt ontspannend en is licht verkoelend. De olie kan gebruikt worden in de dagelijkse verzorging van gezicht en lichaam, maar is tevens een heerlijke basis- en massageolie en aftersun. Zelfs voor de meest gevoelige huid, en dus voor baby&#8217;s en kinderen, is deze olie zeer geschikt. Regelmatig gebruik maakt de huid zacht en elastisch.\u00a0Ongeraffineerde, biologische kokosolie bevat veel vitamine E en tocotri\u00ebnolen. Deze antioxidanten vertragen de gevolgen van het ouder worden.<\/p>\n<p><strong><em>Over jojoba<\/em>:<\/strong>\u00a0Wij kiezen in bijna al onze producten voor de toevoeging van jojobawas en dat is niet voor niets! Jojoba is een fantastische huidverzorger en \u2013beschermer. Het feit dat jojoba bij zowel vette als droge huidproblemen haar waarde heeft bewezen, zegt iets over de veelzijdigheid van jojoba.<\/p>\n<p><strong><em>Over baobab<\/em>:<\/strong>\u00a0Baobab is \u00e9\u00e9n van de belangrijkste oli\u00ebn uit Afrika. Baobab verbetert de elasticiteit van de huid en heeft een hoog gehalte aan vitamine E. Baobab werkt als een natuurlijke moisturizer die de huid soepel houdt. Vooral als de olie op een vochtige huid wordt aangebracht. Naast het voedende karakter van baobab, beschermt de olie de huid tegen invloeden van buitenaf. Speciaal is baobab voor de droge en beschadigde huid. Daarom verlicht deze olie symptomen bij aandoeningen als droog eczeem, psoriasis en zonnebrand. Door het gehalte aan vitamine E voorkomt baobab huidbeschadiging door vrije radicalen.<\/p>\n<p><strong><em>Over sesam<\/em>:<\/strong>\u00a0Sesamolie heeft een zachte prettige geur. De olie verwarmt, wordt snel door de huid opgenomen, verzacht de huid, en geeft een mooie glans. In te zetten waar de huid herstel nodig heeft. Sesamolie is lang houdbaar door een hoog gehalte vitamine E en anti oxidanten.<\/p>\n<h2><\/h2>\n<h2>Ingredi\u00ebnten:<\/h2>\n<p>Sesamum Indicum Seed Oil, Cocos Nucifera Oil, Simmondsia Chinensis Seed Oil, Adansonia Digitata Seed Oil, Tahitian Gardenia Flower (absolute) Oil. 100% biologisch.<\/p>\n<h2>Waarom CEC A Touch of Monoi?<\/h2>\n<ul>\n<li>Luxe en exotische ingredi\u00ebnten<\/li>\n<li>Voor dag- en nachtverzorging<\/li>\n<li>Moisturizer: zeer hydraterend<\/li>\n<li>Met de kostbare tiar\u00e9bloem<\/li>\n<li>100% biologisch<\/li>\n<\/ul>\n<div class=\"block-title\"><strong>Specificaties<\/strong><\/div>\n<div class=\"block-content\">\n<table id=\"product-attribute-specs-table\" class=\"data table additional-attributes\">\n<tbody>\n<tr>\n<th class=\"col label\" scope=\"row\">Inhoud<\/th>\n<td class=\"col data\" data-th=\"Inhoud\">50 ml<\/td>\n<\/tr>\n<tr>\n<th class=\"col label\" scope=\"row\">Geur<\/th>\n<td class=\"col data\" data-th=\"Geur \">Exotisch<\/td>\n<\/tr>\n<tr>\n<th class=\"col label\" scope=\"row\">Merk<\/th>\n<td class=\"col data\" data-th=\"Merk\">Chi Essential Cosmetics<\/td>\n<\/tr>\n<tr>\n<th class=\"col label\" scope=\"row\"><\/th>\n<td class=\"col data\" data-th=\"Art.nr.\"><\/td>\n<\/tr>\n<tr>\n<th class=\"col label\" scope=\"row\"><\/th>\n<td class=\"col data\" data-th=\"EAN Code\"><\/td>\n<\/tr>\n<tr>\n<th class=\"col label\" scope=\"row\">Ingredients:<\/th>\n<td class=\"col data\" data-th=\"Ingredients:\">Sesamum Indicum Seed Oil, Cocos Nucifera Oil, Simmondsia Chinensis Seed Oil, Adansonia Digitata Seed Oil, Tahitian Gardenia Flower (absolute) Oil.<\/td>\n<\/tr>\n<\/tbody>\n<\/table>\n<\/div>\n","protected":false},"excerpt":{"rendered":"<p>Inhoud 50 ml<br \/>\nDeze Skin Oil bevat de verzachtende sesamolie, exotische kokosolie, balancerende jojoba olie, de hydraterende baobabolie en natuurlijk de luxe en zeer kostbare tiar\u00e9 absolue! Deze samenstelling heeft een fantastische werking op de huid. Het resultaat is de Mono\u00ef van CEC: een verzorgende moisturizer met een exotisch tintje. Het product verzacht, houdt de huid soepel en elastisch en beschermt tegen allerlei milieu invloeden. Dat is wel nodig op Tahiti: zeewind en altijd zon, daar moet de huid goed tegen worden beschermd. Op een vochtige huid trekt het product snel in de huid. De hydraterende effecten van mono\u00ef zijn te vergelijken met sheabutter. De hydratatie van de buitenste huidlagen is langdurig en verbetert naarmate je de Mono\u00ef regelmatig gebruikt. Uit onderzoek is gebleken dat mono\u00ef een langer hydraterend effect heeft dan alleen maar kokosolie. Ook droog en beschadigd haar kan profiteren van een regelmatige behandeling met mono\u00ef.<\/p>\n","protected":false},"featured_media":2296,"template":"","meta":[],"product_brand":[],"product_cat":[17,38],"product_tag":[],"class_list":{"0":"post-1703","1":"product","2":"type-product","3":"status-publish","4":"has-post-thumbnail","6":"product_cat-chi-100-procent-natural-cosmetics","7":"product_cat-serums-en-maskers-en-oogcontour-verzorging","9":"first","10":"instock","11":"shipping-taxable","12":"purchasable","13":"product-type-simple"},"jetpack_sharing_enabled":true,"_links":{"self":[{"href":"https:\/\/skinperfection.nl\/index.php\/wp-json\/wp\/v2\/product\/1703","targetHints":{"allow":["GET"]}}],"collection":[{"href":"https:\/\/skinperfection.nl\/index.php\/wp-json\/wp\/v2\/product"}],"about":[{"href":"https:\/\/skinperfection.nl\/index.php\/wp-json\/wp\/v2\/types\/product"}],"wp:featuredmedia":[{"embeddable":true,"href":"https:\/\/skinperfection.nl\/index.php\/wp-json\/wp\/v2\/media\/2296"}],"wp:attachment":[{"href":"https:\/\/skinperfection.nl\/index.php\/wp-json\/wp\/v2\/media?parent=1703"}],"wp:term":[{"taxonomy":"product_brand","embeddable":true,"href":"https:\/\/skinperfection.nl\/index.php\/wp-json\/wp\/v2\/product_brand?post=1703"},{"taxonomy":"product_cat","embeddable":true,"href":"https:\/\/skinperfection.nl\/index.php\/wp-json\/wp\/v2\/product_cat?post=1703"},{"taxonomy":"product_tag","embeddable":true,"href":"https:\/\/skinperfection.nl\/index.php\/wp-json\/wp\/v2\/product_tag?post=1703"}],"curies":[{"name":"wp","href":"https:\/\/api.w.org\/{rel}","templated":true}]}}