{"id":1832,"date":"2022-06-19T12:22:15","date_gmt":"2022-06-19T12:22:15","guid":{"rendered":"https:\/\/www.skinperfection.nl\/?post_type=product&#038;p=1832"},"modified":"2026-03-05T14:02:27","modified_gmt":"2026-03-05T14:02:27","slug":"lotion-arata-stap-2","status":"publish","type":"product","link":"https:\/\/skinperfection.nl\/index.php\/product\/lotion-arata-stap-2\/","title":{"rendered":"Lotion Arata Stap 2"},"content":{"rendered":"<div class=\"form_section box-border nomargin margintop\">\n<div class=\"content_section box-no-padding\">\n<p><span class=\"content-header\"><strong>Beschrijving<\/strong><\/span><\/p>\n<div class=\"table-section tabs box-no-border box-padding-10x\">\n<div id=\"tep-desc\">\n<p><em>Ingredienten: Alo\u00eb Vera, Marjolein, Zonnebloem, Menthol, Roos, Eucalyptus, Manuka, Jasmijn, Salvia.<\/em><\/p>\n<p>De Arata Stap 2 verfrist en bevordert een natuurlijke doorbloeding van het huidweefsel en heeft een zachte verkoelende invloed op de huid. Te gebruiken na Stap 1 maar ook voor de ochtend.\u00a0De lotion reinigt zacht, mild en diep in de pori\u00ebn.<\/p>\n<p>Naast de reinigende eigenschappen bevat de Bio Arata Stap 2 prachtige etherische olien en kruiden welke kalmerende, hydraterende, antibacteri\u00eble en huid activerende stoffen bevat zoals antioxidanten\u00a0die o.a. de bloedcirculatie en celvernieuwing activeren. Verwaarloos dus nooit na het gebruik van een reinigende water in olie emulsie het gebruik van een lotion.<\/p>\n<p><u>Energetisch<\/u>:<br \/>\nDoor het reiningen van de huid reinig je niet alleen het fysieke huid oppervlak. De pure ingredi\u00ebnten in de Arata maakt ook dat de spanningen gedragen door de vele maskers die we overdag op hebben tot ontspanning mogen komen.<\/p>\n<p>Bijvoorbeeld energetische werking van enkele ingredi\u00ebnten:<br \/>\nJasmijn:\u00a0Brengt optimisme, zelfvertrouwen en kan ook goed helpen bij\u00a0psychische verkramping, (angst of parano\u00efa)<br \/>\nRoos: Harmoniserend<br \/>\nEucalyptus: Herstel innerlijk balans<\/p>\n<p>&nbsp;<\/p>\n<\/div>\n<\/div>\n<\/div>\n<\/div>\n<div class=\"form_section box-border nomargin margintop\">\n<div class=\"content_section box-no-padding\">\n<p><span class=\"content-header\"><strong>Extra informatie<\/strong><\/span><\/p>\n<div class=\"table-section tabs box-no-border box-padding-10x\">\n<div id=\"tep-extra-desc\">\n<div class=\"product_info_extra_info_wrapper\">\n<p><em>In Bashya\u00ae Producten wordt gebruik gemaakt van oli\u00ebn, kruiden en planten. Er worden dus geen extra oli\u00ebn gebruikt met geur als enkel doel. De producten hebben dus geen overmatige geur. Aromatherapeutische oli\u00ebn kunnen echter wel\u00a0tijdens een Bashya\u00ae behandeling worden ingezet om zo het beoogde doel te behalen.<\/em><\/p>\n<\/div>\n<\/div>\n<\/div>\n<\/div>\n<\/div>\n","protected":false},"excerpt":{"rendered":"<p>Verfrist en bevordert doorbloeding<\/p>\n<p>Reinigt zacht, mild en diep in de pori\u00ebn<\/p>\n<p>Reinigt ook energetisch<\/p>\n<p>100% Puur Natuur<\/p>\n","protected":false},"featured_media":1833,"template":"","meta":[],"product_brand":[],"product_cat":[22,86],"product_tag":[],"class_list":{"0":"post-1832","1":"product","2":"type-product","3":"status-publish","4":"has-post-thumbnail","6":"product_cat-bashya","7":"product_cat-bashya-gezicht","9":"first","10":"instock","11":"shipping-taxable","12":"purchasable","13":"product-type-simple"},"jetpack_sharing_enabled":true,"_links":{"self":[{"href":"https:\/\/skinperfection.nl\/index.php\/wp-json\/wp\/v2\/product\/1832","targetHints":{"allow":["GET"]}}],"collection":[{"href":"https:\/\/skinperfection.nl\/index.php\/wp-json\/wp\/v2\/product"}],"about":[{"href":"https:\/\/skinperfection.nl\/index.php\/wp-json\/wp\/v2\/types\/product"}],"wp:featuredmedia":[{"embeddable":true,"href":"https:\/\/skinperfection.nl\/index.php\/wp-json\/wp\/v2\/media\/1833"}],"wp:attachment":[{"href":"https:\/\/skinperfection.nl\/index.php\/wp-json\/wp\/v2\/media?parent=1832"}],"wp:term":[{"taxonomy":"product_brand","embeddable":true,"href":"https:\/\/skinperfection.nl\/index.php\/wp-json\/wp\/v2\/product_brand?post=1832"},{"taxonomy":"product_cat","embeddable":true,"href":"https:\/\/skinperfection.nl\/index.php\/wp-json\/wp\/v2\/product_cat?post=1832"},{"taxonomy":"product_tag","embeddable":true,"href":"https:\/\/skinperfection.nl\/index.php\/wp-json\/wp\/v2\/product_tag?post=1832"}],"curies":[{"name":"wp","href":"https:\/\/api.w.org\/{rel}","templated":true}]}}