{"id":1902,"date":"2022-09-02T13:01:41","date_gmt":"2022-09-02T13:01:41","guid":{"rendered":"https:\/\/www.skinperfection.nl\/?post_type=product&#038;p=1902"},"modified":"2022-09-02T13:01:42","modified_gmt":"2022-09-02T13:01:42","slug":"cec-serum-ac","status":"publish","type":"product","link":"https:\/\/skinperfection.nl\/index.php\/product\/cec-serum-ac\/","title":{"rendered":"CEC Serum AC"},"content":{"rendered":"<p>Serum AC is h\u00e9t serum voor een schone, gebalanceerde en stralende huid!<\/p>\n<p>Het Serum AC is speciaal in te zetten bij een vette huid en onzuiverheden. Dit serum heeft een basis van jojoba en is aangevuld met een synergie van de essenti\u00eble oli\u00ebn van tea tree, geranium, lavendel, ravintsara en ho-hout. Serum AC heeft een positieve werking op verstopte pori\u00ebn, pustels en comedonen en zuivert de huid. Dit serum balanceert de talgproductie en herstelt daardoor de hydrolipidemantel. Een gezonde, gebalanceerde huid kan zijn afweerfunctie beter vervullen.<\/p>\n<h1>Gebruik<\/h1>\n<ul>\n<li>Voeg een aantal druppels Serum AC toe aan bijvoorbeeld de\u00a0<a href=\"https:\/\/professionals.chi.nl\/cec-huidolie-lavender.html\">Touch of Lavender Skin Oil<\/a>\u00a0voor een optimale dag- en nachtverzorging bij onzuiverheden.<\/li>\n<li>Gebruik het Serum AC onder het\u00a0<a href=\"https:\/\/professionals.chi.nl\/cec-pop-up-maskers.html\">Pop-up Masker<\/a>\u00a0met\u00a0<a href=\"https:\/\/professionals.chi.nl\/hydrolaat-tea-tree-bio.html\">tea tree<\/a>\u00a0of\u00a0<a href=\"https:\/\/professionals.chi.nl\/lavendel-hydrolaat-bio.html\">lavendelwater<\/a>\u00a0om het serum in te sluizen.<\/li>\n<li>Gebruik het Serum AC druppelsgewijs op puistjes, verstopte pori\u00ebn of comedonen.<\/li>\n<\/ul>\n","protected":false},"excerpt":{"rendered":"<h1>Inhoud: 15 ml<\/h1>\n<p>Simmondsia chinensis seed oil, Lavandula angustifolia oil, Linalool**, Melaleuca alternifolia leaf oil, Pelargonium graveolens stem leaf oil, Cinnamomum camphora leaf oil, Cinnamomum camphora linalooliferum wood oil, Citronellol**, Geraniol**, Limonene**, Citral**<\/p>\n<p>100% Biologisch<\/p>\n<p>**Bestanddeel van essenti\u00eble olie<\/p>\n<h1>Over de ingredi\u00ebnten<\/h1>\n<h2>Jojoba<\/h2>\n<p>Jojoba legt een beschermend laagje op de huid en verhoogt daardoor de hydratatie van de huid. Dit geeft een heerlijk huidgevoel en voorkomt op deze manier vochtverlies. In tegenstelling tot minerale olie sluit jojoba de huid niet af en de huid blijft dus goed ademen.\u00a0De olie werkt huidherstellend bij een beschadigde huid en vertraagt de afbraak van collageen.<\/p>\n<h2>Lavendel<\/h2>\n<p>Lavandula angustifolia: is een balancerende olie die vooral goed in te zetten is bij huidproblemen. De balancerende werking zorgt voor een zuivere en frisse huid en heeft een kalmerende werking. Ook op de psyche heeft lavendel een rustgevende werking. Omdat onzuiverheden uitgelokt kunnen worden door stress en emoties kan het ervaren van de fijne lavendelgeur zorgen voor een mooiere huid. Lavendelolie ondersteunt daarnaast ook het zelf herstellend vermogen van de huid.<\/p>\n<h2>Tea tree<\/h2>\n<p>Melaleuca alternifolia: is d\u00e9 EHBO olie bij allerlei huidproblemen. Tea tree werkt zuiverend bij puistjes en mee-eters, ondersteunt de bloedsomloop en het herstellend vermogen van de huid. Dankzij de antibacteri\u00eble, antivirale en fungicide werking van tea tree helpt deze olie de huid schoon te houden. Ook bij een rode en gevoelige huid is tea tree een fijne hulp.<\/p>\n<h2>Geranium<\/h2>\n<p>Pelargonium graveolens: ondersteund het bloedcirculatiesysteem, voert afvalstoffen af en heeft een zuiverende werking op de huid.<\/p>\n<h2>Ravintsara<\/h2>\n<p>Cinnamomum camphora ct cineol: ook ravintsara is geschikt bij onzuiverheden. Het zorgt voor zuurstoftoevoer heeft een stimulerend effect op de circulatie waardoor afvalstoffen beter afgevoerd kunnen worden.<\/p>\n<h2>Ho-hout<\/h2>\n<p>Cinnamomum champhora ct. linalol: ho-hout is in te zetten bij een gevoelige huid en bij littekens. De olie stimuleert huidcellen tot actie en heeft een antiseptische werking.<\/p>\n","protected":false},"featured_media":1903,"template":"","meta":[],"product_brand":[],"product_cat":[17,38],"product_tag":[],"class_list":{"0":"post-1902","1":"product","2":"type-product","3":"status-publish","4":"has-post-thumbnail","6":"product_cat-chi-100-procent-natural-cosmetics","7":"product_cat-serums-en-maskers-en-oogcontour-verzorging","9":"first","10":"instock","11":"shipping-taxable","12":"purchasable","13":"product-type-simple"},"jetpack_sharing_enabled":true,"_links":{"self":[{"href":"https:\/\/skinperfection.nl\/index.php\/wp-json\/wp\/v2\/product\/1902","targetHints":{"allow":["GET"]}}],"collection":[{"href":"https:\/\/skinperfection.nl\/index.php\/wp-json\/wp\/v2\/product"}],"about":[{"href":"https:\/\/skinperfection.nl\/index.php\/wp-json\/wp\/v2\/types\/product"}],"wp:featuredmedia":[{"embeddable":true,"href":"https:\/\/skinperfection.nl\/index.php\/wp-json\/wp\/v2\/media\/1903"}],"wp:attachment":[{"href":"https:\/\/skinperfection.nl\/index.php\/wp-json\/wp\/v2\/media?parent=1902"}],"wp:term":[{"taxonomy":"product_brand","embeddable":true,"href":"https:\/\/skinperfection.nl\/index.php\/wp-json\/wp\/v2\/product_brand?post=1902"},{"taxonomy":"product_cat","embeddable":true,"href":"https:\/\/skinperfection.nl\/index.php\/wp-json\/wp\/v2\/product_cat?post=1902"},{"taxonomy":"product_tag","embeddable":true,"href":"https:\/\/skinperfection.nl\/index.php\/wp-json\/wp\/v2\/product_tag?post=1902"}],"curies":[{"name":"wp","href":"https:\/\/api.w.org\/{rel}","templated":true}]}}