{"id":1904,"date":"2022-09-02T13:04:44","date_gmt":"2022-09-02T13:04:44","guid":{"rendered":"https:\/\/www.skinperfection.nl\/?post_type=product&#038;p=1904"},"modified":"2024-07-29T18:33:56","modified_gmt":"2024-07-29T18:33:56","slug":"1904","status":"publish","type":"product","link":"https:\/\/skinperfection.nl\/index.php\/product\/1904\/","title":{"rendered":"CEC Serum CO"},"content":{"rendered":"<p>Serum CO is een fantastisch serum voor een gezonde, egale huid die er stralend uitziet!<\/p>\n<ul>\n<li>Versterkt de haarvaatjes<\/li>\n<li>Bij roodheden<\/li>\n<li>Kalmeert de huid<\/li>\n<li>Bloemige, luxe geur<\/li>\n<li>100% natuurlijke huidverbetering<\/li>\n<\/ul>\n","protected":false},"excerpt":{"rendered":"<p>Inhoud 15 ml<\/p>\n<p>Serum CO is een fantastisch serum voor een gezonde, egale huid die er stralend uitziet!<\/p>\n<p>De essenti\u00eble oli\u00ebn in het Serum CO werken als een synergie en hebben een versterkende werking op de huid en haarvaatjes. Serum CO heeft een geweldige bloemige, luxe geur die een diepe ontspanning brengt. Het ervaren van deze fijne geur heeft een positieve werking op de huid omdat bij emoties en stress roodheden opspelen en de haarvaatjes (permanent) verwijden.<\/p>\n<p>Het Serum CO heeft jojoba olie als basis, met de essenti\u00eble oli\u00ebn van citroen, West-Australische sandelhout, motia attar, roos attar en patchouli. De werking van dit serum wordt verklaard doordat veel van deze essenti\u00eble oli\u00ebn sesquiterpenolen bevatten. Sesquiterpenolen zijn stofjes die voorkomen in bepaalde essenti\u00eble oli\u00ebn en zijn verantwoordelijk voor een rustgevende en verzachtende werking op de huid en hebben tevens ontstoppende en aderversterkende eigenschappen.<\/p>\n<p>Ook bij een gevoelige huid die behoefte heeft aan extra werkstoffen is het Serum CO geschikt. Het serum verzacht en verbetert de huid, zonder te veel prikkels te geven.<\/p>\n<h1>Gebruik<\/h1>\n<ul>\n<li>Gebruik het Serum CO als dag- en nachtverzorging in combinatie met een\u00a0<a href=\"https:\/\/professionals.chi.nl\/catalogsearch\/result\/index\/?merk=340&amp;q=Lotion\">Lotion<\/a>\u00a0naar keuze.<\/li>\n<li>Voeg een aantal druppels Serum CO toe aan het\u00a0<a href=\"https:\/\/professionals.chi.nl\/cec-bio-mask.html\">Bio Mask<\/a>\u00a0voor een fantastisch verzachtend masker voor de gevoelige huid.<\/li>\n<li>Gebruik het Serum CO onder het\u00a0<a href=\"https:\/\/professionals.chi.nl\/cec-pop-up-masker-met-rozenhydrolaat.html\">pop-up masker<\/a>\u00a0met rozen- of oranjebloesemhydrolaat voor een extra dimensie, geurbeleving en om het serum in te sluizen.<\/li>\n<li>Voeg een aantal druppels Serum CO toe aan de Touch of Chi\u00a0<a href=\"https:\/\/professionals.chi.nl\/cec-huidolie-chi.html\">Skin Oil<\/a>\u00a0of\u00a0<a href=\"https:\/\/professionals.chi.nl\/cec-balm-chi.html\">Balm<\/a>\u00a0voor een heerlijk geurende, huidverbeterende gezichtsmassage.<\/li>\n<\/ul>\n<h1>Ingredi\u00ebnten<\/h1>\n<p>Simmondsia chinensis seed oil*, Santalum album oil, Citrus limon peel oil*, Santalum spicatus wood oil*, Pogostemon cablin leaf oil*, Jasminum sambac flower oil, Rosa damascena flower oil, Limonene**, Farnesol**, Citral**, Citronellol**, Geraniol**, Linalool**<\/p>\n<p>*Biologische oorsprong<\/p>\n<p>**Bestanddeel van essenti\u00eble olie<\/p>\n<h1>Over de ingredi\u00ebnten<\/h1>\n<h2>Jojoba<\/h2>\n<p>Jojoba legt een beschermend laagje op de huid en verhoogt daardoor de hydratatie van de huid. Dit geeft een heerlijk huidgevoel en voorkomt op deze manier vochtverlies. In tegenstelling tot minerale olie sluit jojoba de huid niet af en de huid blijft dus goed ademen.\u00a0De olie werkt huidherstellend bij een beschadigde huid en vertraagt de afbraak van collageen.<\/p>\n<h2>Citroen<\/h2>\n<p>Citrus limonum: zorgt voor een betere circulatie in de opperhuid en werkt ontstoppend op de aders.<\/p>\n<h2>West-Australische sandelhout<\/h2>\n<p>Santalum spicatum: Werkt als moisturizer. Versterkt het onderhuids bindweefsel en verbetert de circulatie in de haarvaatjes.<\/p>\n<h2>Motia attar<\/h2>\n<p>Jasminum sambac \/ Santalum album: motia attar en de jasmijnbloemen werken huidversterkend. Ook een droge en gevoelige huid heeft baat bij motia attar<\/p>\n<h2>Roos attar<\/h2>\n<p>Rosa damascena \/ Santalum album: Een droge en gevoelige huid heeft baat bij roos attar. De olie werkt versterkend en is een fijne hulp bij gesprongen adertjes en rimpeltjes.<\/p>\n<h2>Patchouli<\/h2>\n<p>Pogostemon cablin: patchouli wordt ingezet vanwege de huidherstellend werking. Het helpt bij een droge huid en werkt versterkend en samentrekkend op de adertjes.<\/p>\n<p>&nbsp;<\/p>\n","protected":false},"featured_media":1905,"template":"","meta":[],"product_brand":[],"product_cat":[17,38],"product_tag":[],"class_list":{"0":"post-1904","1":"product","2":"type-product","3":"status-publish","4":"has-post-thumbnail","6":"product_cat-chi-100-procent-natural-cosmetics","7":"product_cat-serums-en-maskers-en-oogcontour-verzorging","9":"first","10":"instock","11":"shipping-taxable","12":"purchasable","13":"product-type-simple"},"jetpack_sharing_enabled":true,"_links":{"self":[{"href":"https:\/\/skinperfection.nl\/index.php\/wp-json\/wp\/v2\/product\/1904","targetHints":{"allow":["GET"]}}],"collection":[{"href":"https:\/\/skinperfection.nl\/index.php\/wp-json\/wp\/v2\/product"}],"about":[{"href":"https:\/\/skinperfection.nl\/index.php\/wp-json\/wp\/v2\/types\/product"}],"wp:featuredmedia":[{"embeddable":true,"href":"https:\/\/skinperfection.nl\/index.php\/wp-json\/wp\/v2\/media\/1905"}],"wp:attachment":[{"href":"https:\/\/skinperfection.nl\/index.php\/wp-json\/wp\/v2\/media?parent=1904"}],"wp:term":[{"taxonomy":"product_brand","embeddable":true,"href":"https:\/\/skinperfection.nl\/index.php\/wp-json\/wp\/v2\/product_brand?post=1904"},{"taxonomy":"product_cat","embeddable":true,"href":"https:\/\/skinperfection.nl\/index.php\/wp-json\/wp\/v2\/product_cat?post=1904"},{"taxonomy":"product_tag","embeddable":true,"href":"https:\/\/skinperfection.nl\/index.php\/wp-json\/wp\/v2\/product_tag?post=1904"}],"curies":[{"name":"wp","href":"https:\/\/api.w.org\/{rel}","templated":true}]}}