{"id":2045,"date":"2023-02-11T18:30:17","date_gmt":"2023-02-11T18:30:17","guid":{"rendered":"https:\/\/www.skinperfection.nl\/?post_type=product&#038;p=2045"},"modified":"2023-10-23T12:17:17","modified_gmt":"2023-10-23T12:17:17","slug":"sensitive-shampoo-pitta-200ml","status":"publish","type":"product","link":"https:\/\/skinperfection.nl\/index.php\/product\/sensitive-shampoo-pitta-200ml\/","title":{"rendered":"SENSITIVE SHAMPOO PITTA \u2013 200ml"},"content":{"rendered":"<p><strong>AANBEVOLEN VOOR:<\/strong><\/p>\n<p>Een gevoelige, intolerante en reactieve hoofdhuid.<\/p>\n<p><strong>Gebruik:<\/strong><\/p>\n<p>Aanbrengen op vochtig haar en luchtig inmasseren. Spoel uit en herhaal indien nodig.<\/p>\n<p>Waarschuwingen: uit de buurt van direct zonlicht en warmte houden. Buiten bereik van kinderen houden. Contact met de ogen vermijden.<\/p>\n<p><strong><u>Natriumkokossulfaat, Coco-beta\u00efne, Decylglucoside, Cocamidopropylbeta\u00efne<\/u><\/strong>: mix van oppervlakte actieve stoffen die bijzonder geschikt zijn voor de formulering van &#8216;groene&#8217; producten, afgeleid van kokos- en bietolie met een uitgebalanceerde reinigingskracht. Bijzonder huidvriendelijk, dus het werkt ook als conditioner voor het haar.<\/p>\n<p><strong><u>Glycerine:<\/u><\/strong>\u00a0glycerine van plantaardige oorsprong is bijzonder heilzaam voor het haar: het houdt het haar gehydrateerd van de schacht tot de wortel; het zorgt voor een optimale hydratatie, zelfs in die delen van de schacht die broos en dof worden omdat ze droog zijn.<\/p>\n<p><strong><u>Avena sativa (haver)extract:<\/u><\/strong>\u00a0rijk aan vitamine B1, B2 en vitamine D. Het vermindert roodheid en irritatie en zorgt voor hydratatie.<\/p>\n<p><strong><u>Gierstzaadextract:<\/u><\/strong>\u00a0heeft regenererende en ontstekingsremmende eigenschappen. Het extract bevat ook kiezelzuur dat de vorming van collageen en elastine bevordert en helpt vocht vast te houden.<\/p>\n<p><strong><u>Zoete amandelolie<\/u><\/strong>: staat bekend om zijn zachte werking en wordt al eeuwenlang gebruikt op cosmetisch gebied. Het wordt goed verdragen door de gevoelige huid en zijn vetzuren, vergelijkbaar met huidlipiden, worden gemakkelijk opgenomen en bevorderen de vorming van een natuurlijke beschermende laag die de huid beschermt tegen uitdroging.<\/p>\n<p><strong><u>Essenti\u00eble olie van rozenhout:<\/u><\/strong>\u00a0heeft een zoete en warme geur. De zachte aard van deze essenti\u00eble olie en zijn helende en antiseptische eigenschappen maken het geschikt voor alle huidtypes, vooral voor de gevoelige en ultra-gevoelige huid.<\/p>\n<p><strong><u>Essenti\u00eble van Romeinse kamille:<\/u><\/strong>\u00a0zijn ontspannende eigenschappen maken het een uitstekende bondgenoot voor het ontspannen van spieren en ook voor het gevoel van een gespannen huid. Het verzacht huidontstekingen (eczeem, dermatitis, enz.)<\/p>\n<p><strong><u>Zonnebloemzaadolie:<\/u><\/strong>\u00a0rijk aan vitaminen en mineralen zoals calcium, ijzer, magnesium, zink en vitamine A, K en E, het is zeer effectief tegen ontstekingen en huidirritaties in het algemeen.<\/p>\n<p><strong><u>Essenti\u00eble olie van lavendel:<\/u><\/strong>\u00a0kalmeert en verlicht de huid dankzij het hoge estergehalte.<\/p>\n<p><strong><u>Samenstelling van Lonicera japonica (Japanse kamperfoelie), Cyperus rotundu (Xiang Fu-graskruid) en Xanthium sibiricum-vrucht (Cang Er Zi):<\/u><\/strong>\u00a0een extract verkregen uit deze drie planten die al eeuwenlang in de Traditionele Chinese Geneeskunde worden gebruikt. De synergetische combinatie van deze drie behandelingen is onderzocht om de gevoelige en gemakkelijk ge\u00efrriteerde huid te behandelen. In vivo uitgevoerde tests hebben aangetoond dat het huidveroudering actief tegen gaat. Het verbetert dehydratatie en verzacht irritatie. Dankzij de pijnstillende, ontstekingsremmende en antibacteri\u00eble eigenschappen versterkt het zelfverdedigingssysteem van de huid tegen uitdroging, oxidatieve stress en afbraak van de extracellulaire matrix, waardoor effectieve huidveroudering wordt voorkomen.<\/p>\n<p>&nbsp;<\/p>\n<table class=\"woocommerce-product-attributes shop_attributes\">\n<tbody>\n<tr class=\"woocommerce-product-attributes-item woocommerce-product-attributes-item--attribute_ingredi%c3%abnten\">\n<td class=\"woocommerce-product-attributes-item__value\">Aqua [Water] (Eau), Natriumkokossulfaat, Coco-beta\u00efne, Decylglucoside, Benzylalcohol, Cocamidopropylbeta\u00efne, Parfum [Fragrance], Natriumbenzoaat, Kaliumsorbaat, Guarhydroxypropyltrimoniumchloride, Melkzuur, Glycerine, Beta\u00efne, Avena sativa (haver) zemelenextract (*), Panicum sativa (haver) zemelenextract (*) miliaceum (gierst) zaadextract (*), Prunus amygdalus dulcis (zoete amandel) zaadextract (*), Aniba rosaeodora (palissander) houtolie, Anthemis nobilis bloemolie, Helianthus annuus (Zonnebloem)zaadextract (*), Lavandula angustifolia (Lavendel) olie, Cyperus rotundus wortel extract, Lonicera japonica (kamperfoelie) bloem extract, Xanthium sibiricum fruit extract. *van biologische landbouw<\/td>\n<\/tr>\n<\/tbody>\n<\/table>\n","protected":false},"excerpt":{"rendered":"<p><strong>\u201cVerzachtende shampoo met Amandel\u201d<\/strong><\/p>\n<p>SENSITIVE SHAMPOO bevat plantaardige reinigingsmiddelen die het haar en de hoofdhuid respecteren.De niet-agressieve reinigende werking is ideaal voor een gevoelige en delicate hoofdhuid die vatbaarder is voor overmatige reacties veroorzaakt door interne voeding, hormonale, emotionele factoren en stress; het is ook ideaal voor een hoofdhuid die bijzonder gevoelig is voor door cosmetica veroorzaakte bijwerkingen.<\/p>\n<p>De Pitta shampoo heeft een intensief rustgevende en ontspannende werking. De kwaliteit en het ritme van de haargroeicondities verbeteren.<br \/>\nDe hoofdhuid wordt ook minder vatbaar voor irritaties, wordt sterker en keert sneller terug naar zijn normale toestand. Bijgevolg wordt het haar \u201csterker\u201d.<\/p>\n<p>Zonnebloem-, haver-, zoete amandel- en gierstzaadolie kalmeren irritatie en verminderen de gevoeligheid van de hoofdhuid. In synergie met ontspannende en kalmerende essenti\u00eble oli\u00ebn van lavendel, kamille en rozenhout, kalmeren ze jeuk en helpen ze ge\u00efrriteerde delen van de hoofdhuid te verbeteren.<\/p>\n<p>Een plantaardig complex van drie planten, dat al eeuwenlang wordt gebruikt in de traditionele Chinese geneeskunde, met kalmerende, roodheid verminderende en verzachtende eigenschappen, helpt de afweer van de huid te herstellen en de epidermale barri\u00e8re te herstellen. Het\u00a0versterkt de haarstructuur, versterkt de kracht van het haar, verbetert het volume en maakt het makkelijker doorkambaar.<\/p>\n<p>Inhoud 200 ml<\/p>\n","protected":false},"featured_media":2046,"template":"","meta":[],"product_brand":[],"product_cat":[212,69,147,61],"product_tag":[],"class_list":{"0":"post-2045","1":"product","2":"type-product","3":"status-publish","4":"has-post-thumbnail","6":"product_cat-haarverzorging-puur-natuur-gezond","7":"product_cat-haarverzorging-lichaamsverzorging-2","8":"product_cat-lakshmi-ayurveda","9":"product_cat-lichaamsverzorging-2","11":"first","12":"instock","13":"shipping-taxable","14":"purchasable","15":"product-type-simple"},"jetpack_sharing_enabled":true,"_links":{"self":[{"href":"https:\/\/skinperfection.nl\/index.php\/wp-json\/wp\/v2\/product\/2045","targetHints":{"allow":["GET"]}}],"collection":[{"href":"https:\/\/skinperfection.nl\/index.php\/wp-json\/wp\/v2\/product"}],"about":[{"href":"https:\/\/skinperfection.nl\/index.php\/wp-json\/wp\/v2\/types\/product"}],"wp:featuredmedia":[{"embeddable":true,"href":"https:\/\/skinperfection.nl\/index.php\/wp-json\/wp\/v2\/media\/2046"}],"wp:attachment":[{"href":"https:\/\/skinperfection.nl\/index.php\/wp-json\/wp\/v2\/media?parent=2045"}],"wp:term":[{"taxonomy":"product_brand","embeddable":true,"href":"https:\/\/skinperfection.nl\/index.php\/wp-json\/wp\/v2\/product_brand?post=2045"},{"taxonomy":"product_cat","embeddable":true,"href":"https:\/\/skinperfection.nl\/index.php\/wp-json\/wp\/v2\/product_cat?post=2045"},{"taxonomy":"product_tag","embeddable":true,"href":"https:\/\/skinperfection.nl\/index.php\/wp-json\/wp\/v2\/product_tag?post=2045"}],"curies":[{"name":"wp","href":"https:\/\/api.w.org\/{rel}","templated":true}]}}