{"id":2195,"date":"2023-06-20T12:01:22","date_gmt":"2023-06-20T12:01:22","guid":{"rendered":"https:\/\/www.skinperfection.nl\/?post_type=product&#038;p=2195"},"modified":"2023-06-20T12:01:23","modified_gmt":"2023-06-20T12:01:23","slug":"pepermunt-hydrolaat-biologisch","status":"publish","type":"product","link":"https:\/\/skinperfection.nl\/index.php\/product\/pepermunt-hydrolaat-biologisch\/","title":{"rendered":"Pepermunt hydrolaat, biologisch"},"content":{"rendered":"<p>Pepermunthydrolaat is verkoelend, verfrissend, en opmonterend. Het\u00a0heeft een prettige, niet scherpe muntsmaak.\u00a0Het is het perfecte hydrolaat ter verkoeling in de zomer, maar ook zeer geschikt om goed wakker te worden in de ochtend. Pepermuntwater kun je puur gebruiken, bijvoorbeeld als verfrissende lotion.<\/p>\n<h2>Wat zijn hydrolaten?<strong>\u00a0<\/strong><\/h2>\n<div class=\"page\" title=\"Page 1\">\n<div class=\"layoutArea\">\n<div class=\"column\">\n<p>Een definitie van hydrolaten zou kunnen luiden: \u201cAromatische hydrolaten zijn het product van het stoomdestillatieproces en bevatten wateroplosbare, vluchtige plantcomponenten die hen vaak de geur geven van de essenti\u00eble olie, maar niet zo sterk zijn. Hun samenstelling is anders dan die van een essenti\u00eble olie: rijker aan wateroplosbare bestanddelen en \u2013 praktisch &#8211; vrij van lipofiele substanties. Dit betekent dat ze zeer goed te verdragen zijn, en vaak \u201cantiseptisch en ontstekingsremmend werken\u201d (Schnaubelt: 1999).<\/p>\n<h2>Het productieproces<\/h2>\n<p>Essenti\u00eble olie en hydrolaten worden over het algemeen met stoom aan de plant onttrokken. Door verhitting van water ontstaat opstijgende waterdamp die de essenti\u00eble olie en andere stoffen uit de planten losmaken en met de stoom meevoeren. Alleen in deze gasvormige (vluchtige) toestand kunnen water en de vluchtige olie zich verbinden en energie uitwisselen. Nadat de stoom tot water afgekoeld is, blijft een klein percentage aromatische moleculen (maximaal 0,2 %) verbonden met het destillatiewater. Dit is herkenbaar aan de geur. Het overgrote deel van de essenti\u00eble olie verbindt zich niet met het water en blijft erop drijven.\u00a0Dit wordt afgeroomd. Zo zijn er twee producten ontstaan: de vetoplosbare (lipofiele) delen die we essenti\u00eble olie noemen en het destillatiewater met de wateroplosbare (hydrofiele) delen oftewel het hydrolaat of hydrosol.<\/p>\n<p>Hydrolaten zijn dus de andere schepping van het destillatieproces. Ze zijn een op zichzelf staand natuurlijk product. Door de veelheid aan inhoudsstoffen zijn ze therapeutisch sterk werkzaam en kunnen ze niet synthetisch in het laboratorium worden geproduceerd.\u00a0In feite kan van elke stoomgedestilleerde plant een hydrolaat betrokken worden. Chi International BV in Breda is \u00e9\u00e9n van de weinige firma\u2019s die meerdere hydrolaten onder de merknaam Chi in voorraad heeft. Alle Chi hydrolaten zijn van biologische kwaliteit (EKO).<\/p>\n<h2>Kwaliteit<\/h2>\n<p>Voor een goede kwaliteit moeten hydrolaten voldoen aan een aantal regels.<br \/>\nKwalitatief goede hydrolaten moeten langzaam worden gedestilleerd met een betrekkelijk lage temperatuur (\u00b1 102 \u00baC). In de praktijk betekent dit dat een destillateur moet kiezen tussen de productie van een essenti\u00eble olie of een hydrolaat.<br \/>\nKiezen voor een hydrolaat betekent dat er altijd wordt gedestilleerd van verse planten. Dit levert automatisch ook een zeer goede essenti\u00eble olie op, maar\u00a0echter niet een hoge opbrengst. Wanneer een destillateur kiest voor een\u00a0essenti\u00eble olie betekent dat in de praktijk dat een aantal plantensoorten 1 \u00e0 2 dagen gedroogd wordt. Er kunnen dan meer planten in de destilleerketel wat een hogere opbrengst aan goede essenti\u00eble olie geeft, maar een mindere\u00a0kwaliteit hydrolaat.<\/p>\n<p>Dus: Destillatie van een essenti\u00eble olie kan van lichtgedroogde planten, destillatie van een hydrolaat moet altijd geschieden van vers geplukte planten, waarvan het vocht nog intact is. Sommige planten leveren echter zo weinig essenti\u00eble olie op dat ze vaak alleen worden gedestilleerd voor het hydrolaat, bijvoorbeeld korenbloem, hamamelis, melisse en citroenverbena. De essenti\u00eble olie kan vaak alleen worden geproduceerd door het (geurende) destilleerwater vaker te gebruiken (cohobatie). De meningen zijn verdeeld over de mogelijke gevolgen van\u00a0cohobatie voor de kwaliteit van het hydrolaat. Het zou mogelijk de hoogwaardige werk- en geurstoffen in het hydrolaat vernietigen. U moet rekening houden met het feit dat er gedestilleerd water in de handel is waarin druppels essenti\u00eble olie zijn opgelost (middels een emulgator). Vaak ontbreken de wateroplosbare delen waardoor dit product een andere werking bezit.<br \/>\nSoms drijven er kleine vlokjes in het hydrolaat. Dit is geen vervuiling van het water, maar het zijn minuscule plantendeeltjes. U kunt deze er eventueel uitfilteren.<\/p>\n<h2>Werking<\/h2>\n<p>Je zou kunnen zeggen dat de wateroplosbare microdruppels essenti\u00eble olie het hydrolaat de geur en smaak geven, terwijl de wateroplosbare plantbestanddelen verantwoordelijk zijn voor de therapeutische werking. Wateroplosbare bestanddelen zijn o.a. carboxylzuren, tanninen, flavono\u00efden en sesquiterpeenalcoholen. Zo is bijvoorbeeld bij rozenwater het gevormde fenylethylalcohol het bestanddeel die voor een groot deel de geur bepaalt. Dit hydrolaat geurt voor veel mensen aangenamer dan de essenti\u00eble olie.<\/p>\n<p>Hydrolaten zijn een complementair deel van de aromatherapie, maar worden vaak vergeten. Ze worden meestal gezien als afvalproducten van de destillatie en als een zwak aftreksel van essenti\u00eble oli\u00ebn. Niets is minder waar! Hydrolaten zijn de ware aromatherapie. Je zou ze als de homeopathie binnen de aromatherapie kunnen beschouwen. Als je ze een plaats in de natuurgeneeskunde wilt geven, dan staan ze tussen de Bachbloesems en de essenti\u00eble olie in. Natuurlijk aromatisch water ofwel een hydrolaat bevat de levenskracht van de plant.<\/p>\n<p>Alle hydrolaten zijn huidverzorgend en soms worden de therapeutische eigenschappen van de essenti\u00eble olie overtroffen. Omdat ze een zachte werking hebben, zijn hydrolaten geschikt bij de behandeling van kinderen, zwangeren en ouderen. U kunt de hydrolaten onverdund op de huid toepassen. Alle hydrolaten zijn verkoelend, mild en toniserend.<\/p>\n<\/div>\n<\/div>\n<\/div>\n<h2>Houdbaarheid:<\/h2>\n<p>Hydrolaten zijn minder lang houdbaar dan essenti\u00eble oli\u00ebn. Verse hydrolaten zijn zuiver en bacterievrij. Je kunt een hydrolaat het beste in de koelkast bewaren, of zo koel (en donker) mogelijk. Pepermunthydrolaat is 9 maanden houdbaar na opening.<\/p>\n<h2>Toepassing<\/h2>\n<p>Voeg het hydrolaat toe aan een bad of sprenkel het op de huid.\u00a0Voor op reis kan een sprayflacon gevuld worden met pepermunt hydrolaat, waarmee de huid verfrist en verkoeld kan worden. Deze spray kan ook gebruikt worden als mondspray voor een frisse adem, of als voetspray ter verkoeling en parfumering. Ook bij een vette of rode huid wordt pepermunthydrolaat veel gebruikt ter verlichting.<\/p>\n<p>Pepermunthydrolaat is ook bijzonder geschikt om in te vriezen en daarna te gebruiken als verkoelend compres.<\/p>\n<p>Doe eens een scheutje pepermunthydrolaat in een glas water: heerlijk fris en ook nog eens goed voor de spijsvertering! Of voeg een scheutje hydrolaat toe aan een kopje\u00a0(kruiden)thee of limonade voor een fris effect.<\/p>\n","protected":false},"excerpt":{"rendered":"<p>&nbsp;<\/p>\n<p>Inhoud 150 ml<br \/>\nKeurmerk Biologisch<br \/>\nbotanische naam Mentha piperita<br \/>\nAfkomst Egypte, Frankrijk, India<br \/>\nPlantdeel Blad<br \/>\nPlantfamilie Lipbloemigen (Lamiacea)<br \/>\nGeur Munt<br \/>\nProductlabel Bio<br \/>\nMerk Chi Natural Life<\/p>\n<p>Verzorging bij: Rode huid, Vochtarme huid<\/p>\n","protected":false},"featured_media":2196,"template":"","meta":[],"product_brand":[],"product_cat":[17,82,223],"product_tag":[],"class_list":{"0":"post-2195","1":"product","2":"type-product","3":"status-publish","4":"has-post-thumbnail","6":"product_cat-chi-100-procent-natural-cosmetics","7":"product_cat-hydrolaten","8":"product_cat-hydrolaten-van-chi-puur-natuur","10":"first","11":"instock","12":"shipping-taxable","13":"purchasable","14":"product-type-simple"},"jetpack_sharing_enabled":true,"_links":{"self":[{"href":"https:\/\/skinperfection.nl\/index.php\/wp-json\/wp\/v2\/product\/2195","targetHints":{"allow":["GET"]}}],"collection":[{"href":"https:\/\/skinperfection.nl\/index.php\/wp-json\/wp\/v2\/product"}],"about":[{"href":"https:\/\/skinperfection.nl\/index.php\/wp-json\/wp\/v2\/types\/product"}],"wp:featuredmedia":[{"embeddable":true,"href":"https:\/\/skinperfection.nl\/index.php\/wp-json\/wp\/v2\/media\/2196"}],"wp:attachment":[{"href":"https:\/\/skinperfection.nl\/index.php\/wp-json\/wp\/v2\/media?parent=2195"}],"wp:term":[{"taxonomy":"product_brand","embeddable":true,"href":"https:\/\/skinperfection.nl\/index.php\/wp-json\/wp\/v2\/product_brand?post=2195"},{"taxonomy":"product_cat","embeddable":true,"href":"https:\/\/skinperfection.nl\/index.php\/wp-json\/wp\/v2\/product_cat?post=2195"},{"taxonomy":"product_tag","embeddable":true,"href":"https:\/\/skinperfection.nl\/index.php\/wp-json\/wp\/v2\/product_tag?post=2195"}],"curies":[{"name":"wp","href":"https:\/\/api.w.org\/{rel}","templated":true}]}}