{"id":2378,"date":"2023-12-18T14:31:05","date_gmt":"2023-12-18T14:31:05","guid":{"rendered":"https:\/\/www.skinperfection.nl\/?post_type=product&#038;p=2378"},"modified":"2024-05-07T11:46:26","modified_gmt":"2024-05-07T11:46:26","slug":"eyeshadow-quad-palette-02-mother-earth","status":"publish","type":"product","link":"https:\/\/skinperfection.nl\/index.php\/product\/eyeshadow-quad-palette-02-mother-earth\/","title":{"rendered":"Eyeshadow Quad Palette 02 Mother Earth"},"content":{"rendered":"<p>De voedende formule is 100% natuurlijk met een rijk mineralencomplex dat een intensieve pigmentatie en een lange houdbaarheid garandeert.<\/p>\n<p>Zijdeachtige textuur met fantastische fixatie, zeer gemakkelijk uit te smeren en kleuren te mengen.<\/p>\n<p>Rijk aan natuurlijke vitamine E, Karit\u00e9boter en Avocado-olie voeden de huid rond de ogen en is daarom perfect voor de gevoelige huid.<\/p>\n<p>Verkrijgbaar in een stijlvolle en duurzame bamboe verpakking voor vier stuks oogschaduw (Quad) met individuele navulmogelijkheden. Iedere oogschaduw kan in de bamboe verpakking gestoken worden.<\/p>\n<p>&nbsp;<\/p>\n<p><strong>Hoe te gebruiken:<\/strong><\/p>\n<p>Breng aan met de applicator of onze penselen 20 \u2013 Eye Shader Brush en 30 \u2013 Eyeshadow Brush om prachtige effecten op de oogleden te cre\u00ebren, van lichte tot donkere tinten of met slechts \u00e9\u00e9n kleurblok.<\/p>\n","protected":false},"excerpt":{"rendered":"<p>Let op! dit kunt\u00a0 u wel bestellen, maar dit wordt niet opgestuurd. Dit in verband met dat het tijdens het transport mogelijk breekt.<\/p>\n<p>Dus alleen op te halen in mijn praktijk!<\/p>\n<ul>\n<li>5,6 gram<\/li>\n<li>Minerale make-up<\/li>\n<li>100% natuurlijk<\/li>\n<li>Biologisch gecertificeerd<\/li>\n<li>Niet getest op dieren<\/li>\n<li>Veganistisch<\/li>\n<li>Hoog gepigmenteerde minerale oogschaduw voor een langdurige look<\/li>\n<li>Bevat de kleuren 16 PERLA, 40 TAUPE, 55 EARTH en 80 BOHEMIAN<\/li>\n<\/ul>\n","protected":false},"featured_media":2379,"template":"","meta":[],"product_brand":[],"product_cat":[235],"product_tag":[],"class_list":{"0":"post-2378","1":"product","2":"type-product","3":"status-publish","4":"has-post-thumbnail","6":"product_cat-baims-puur-natuurlijke-make-up","8":"first","9":"instock","10":"shipping-taxable","11":"purchasable","12":"product-type-simple"},"jetpack_sharing_enabled":true,"_links":{"self":[{"href":"https:\/\/skinperfection.nl\/index.php\/wp-json\/wp\/v2\/product\/2378","targetHints":{"allow":["GET"]}}],"collection":[{"href":"https:\/\/skinperfection.nl\/index.php\/wp-json\/wp\/v2\/product"}],"about":[{"href":"https:\/\/skinperfection.nl\/index.php\/wp-json\/wp\/v2\/types\/product"}],"wp:featuredmedia":[{"embeddable":true,"href":"https:\/\/skinperfection.nl\/index.php\/wp-json\/wp\/v2\/media\/2379"}],"wp:attachment":[{"href":"https:\/\/skinperfection.nl\/index.php\/wp-json\/wp\/v2\/media?parent=2378"}],"wp:term":[{"taxonomy":"product_brand","embeddable":true,"href":"https:\/\/skinperfection.nl\/index.php\/wp-json\/wp\/v2\/product_brand?post=2378"},{"taxonomy":"product_cat","embeddable":true,"href":"https:\/\/skinperfection.nl\/index.php\/wp-json\/wp\/v2\/product_cat?post=2378"},{"taxonomy":"product_tag","embeddable":true,"href":"https:\/\/skinperfection.nl\/index.php\/wp-json\/wp\/v2\/product_tag?post=2378"}],"curies":[{"name":"wp","href":"https:\/\/api.w.org\/{rel}","templated":true}]}}