{"id":2421,"date":"2024-03-01T08:38:32","date_gmt":"2024-03-01T08:38:32","guid":{"rendered":"https:\/\/www.skinperfection.nl\/?post_type=product&#038;p=2421"},"modified":"2024-05-07T11:59:26","modified_gmt":"2024-05-07T11:59:26","slug":"cec-serum-bi-blue-itis","status":"publish","type":"product","link":"https:\/\/skinperfection.nl\/index.php\/product\/cec-serum-bi-blue-itis\/","title":{"rendered":"CEC Serum BI &#8211; Blue Itis"},"content":{"rendered":"<p>Zowel tamanu als blauwe kamille vormen de basis van dit krachtige serum. Serum BI zorgt voor vermindering van de roodheid, zwelling, van jeuk, zorgt voor huidherstel en speelt een rol bij het voorkomen van een histamine uitbraak. Overal waar hitte in de huid optreedt, is dit serum een heerlijke verkoeler. Door de combinatie van bijzondere vette plantoli\u00ebn en essenti\u00eble oli\u00ebn is dit serum een must bij acute en chronische huidproblemen.<\/p>\n<h2>Gebruik:<\/h2>\n<p>Het serum is zeer veelzijdig in gebruik. Voeg het aantal gewenste druppels toe aan de CEC producten. Het serum kan zelfs puur worden aangebracht op de huid die extra ondersteuning nodig heeft. Eventueel kan daarover een pop-up masker met bijvoorbeeld lavendelhydrolaat worden aangebracht.<\/p>\n<h2>Ingredi\u00ebnten<\/h2>\n<p><span data-contrast=\"auto\">Calophyllum inophyllum seed oil, Simmondsia chinensis seed oil, Rosa canina fruit oil, Cocos nucifera oil, Matricaria recutitia flower oil, Pelargonium graveolens stem leaf oil, Helichrysum italicum flower oil, Lavandula angustifolia oil, Linalool**, Citronellol**, Lavandula angustifolia flower extract, melissa officinalis leaf oil, Geraniol**, Limonene**, Citral**, Benzyl cinnamate**, Coumarin**<\/span><span data-ccp-props=\"{&quot;201341983&quot;:0,&quot;335559739&quot;:160,&quot;335559740&quot;:259}\">\u00a0<\/span><\/p>\n<p><span data-contrast=\"auto\">100% Biologisch<\/span><span data-ccp-props=\"{&quot;201341983&quot;:0,&quot;335559739&quot;:160,&quot;335559740&quot;:259}\">\u00a0<\/span><\/p>\n<p><span data-contrast=\"auto\">** Bestanddeel van essenti\u00eble olie<\/span><span data-ccp-props=\"{&quot;201341983&quot;:0,&quot;335559739&quot;:160,&quot;335559740&quot;:259}\">\u00a0<\/span><\/p>\n<h2>Over de ingredi\u00ebnten<\/h2>\n<p><strong>Over tamanu:<\/strong>\u00a0tamanu is de basis van het serum: uit het zaad van de vruchten van deze Oost-Aziatische boom wordt een olijfgroene olie geperst. De geur van deze olie doet denken aan noten met een geur van lavas. Door de Aziaten wordt de olie gebruikt bij de behandeling van littekens, verbrandingen, spataders en gewrichtspijnen. De olie werkt ontstekingsremmend en dat is bijzonder voor een vette plantolie. Bij alle huidaandoeningen die gepaard gaan met roodheid, zwelling en\/of pustels is tamanu een goede keuze.<\/p>\n<p><strong>Over blauwe kamille:<\/strong>\u00a0d\u00e9 essenti\u00eble olie die met haar blauwe kleur elke rode en geprikkelde huid kalmeert. De olie verkoelt bij alle hitte in de huid en brengt ontspanning. Door de combinatie van azuleen en bisabolol werkt de olie ontstekingsremmend, antihistamine en ontkrampend.<\/p>\n<p><strong>Over kokos:\u00a0<\/strong>biologische\u00a0<a href=\"https:\/\/www.chiessentialcosmetics.eu\/huidverzorging-kokosolie\/\">kokosolie<\/a>\u00a0is een heerlijke olie voor de huid en is geschikt voor alle huidtypen. Vanwege de licht hydraterende werking is de olie met name geschikt voor de droge huid. Een mengsel met jojoba olie is ideaal bij een gebarsten huid. Biologische kokosolie werkt ontspannend en is licht verkoelend. De olie kan gebruikt worden in de dagelijkse verzorging van gezicht en lichaam, zelfs voor de meest gevoelige huid want ook voor baby&#8217;s en kinderen is deze olie zeer geschikt. Regelmatig gebruik maakt de huid zacht en elastisch.\u00a0Ongeraffineerde, biologische kokosolie bevat veel vitamine E en tocotri\u00ebnolen. Deze antioxidanten vertragen de gevolgen van het ouder worden.<\/p>\n<p><strong>Over jojoba:<\/strong>\u00a0wij kiezen in bijna al onze producten voor de toevoeging van jojobawas en dat is niet voor niets!\u00a0<a href=\"https:\/\/www.chiessentialcosmetics.eu\/jojoba\/\">Jojoba<\/a>\u00a0is een fantastische huidverzorger en \u2013beschermer. Het feit dat jojoba bij zowel vette als droge huidproblemen haar waarde heeft bewezen, zegt iets over de veelzijdigheid van jojoba.<\/p>\n<p><strong>Over rozenbottel<\/strong>:\u00a0<a href=\"https:\/\/www.chiessentialcosmetics.eu\/dekrachtvanrozenbottel\/\">rozenbottel<\/a>\u00a0is van nature rijk aan vitaminen, mineralen, essenti\u00eble vetzuren, b\u00e8tacaroteen en trans-retinolzuur. Deze stoffen geven het serum uitzonderlijke eigenschappen: o.a. het ondersteunen van het herstellend vermogen van de huid, het verzachten van littekens en het verminderen van hyperpigmentatie. Het serum bevordert de celvernieuwing in de opperhuid.<\/p>\n<p><strong>Over lavendel:<\/strong>\u00a0in de huidverzorging is lavendel bijzonder geschikt voor de gevoelige, ge\u00efrriteerde huid (door bijvoorbeeld zonnebrand) en bevordert lavendel het genezingsproces van alle huidbeschadigingen.\u00a0<a href=\"https:\/\/www.chiessentialcosmetics.eu\/lavendel\/\">Lavendel<\/a>\u00a0is een echte EHBO-olie en is daarom ook uitermate geschikt bij een probleemhuid.<\/p>\n<p><strong>Over rozengeranium<\/strong>: rozengeranium is bijzonder helend bij acne, verbrandingen, gesprongen adertjes en bij een vette huid.<\/p>\n<p><strong>Over helicryse:<\/strong>\u00a0<a href=\"https:\/\/www.chiessentialcosmetics.eu\/helicryse\/\">helicryse<\/a>\u00a0werkt huidherstellend, regenererend en ontstoppend. Helicryse versnelt het huidherstel bij zonverbranding, acne en huidbeschadigingen door allergie\u00ebn. Helicryse werkt ondersteunend bij aderklachten zoals couperose en werkt afvoerend bij blauwe plekken. Behandel nieuwe, maar ook oude littekens met helicryse olie.<\/p>\n<p><strong>Over melisse<\/strong>: in de huidverzorging kan melisse ingezet worden bij een vette huid, acne, allergie\u00ebn, insectenbeten en zelfs bij een koortslip. De olie normaliseert de circulatie.<\/p>\n","protected":false},"excerpt":{"rendered":"<ul>\n<li>H\u00e9t serum bij huidproblemen<\/li>\n<li>Met blauwe kamille en tamanu<\/li>\n<li>Verkoelend en kalmerend<\/li>\n<li>100% biologisch<\/li>\n<\/ul>\n<p><em>Genomineerd voor Professional Beauty Product of the Year 2019 in de categorie &#8216;Groene Cosmetica&#8217;<\/em><\/p>\n<table id=\"product-attribute-specs-table\" class=\"data table additional-attributes\">\n<tbody>\n<tr>\n<th class=\"col label\" scope=\"row\">Inhoud<\/th>\n<td class=\"col data\" data-th=\"Inhoud\">15 ml<\/td>\n<\/tr>\n<tr>\n<th class=\"col label\" scope=\"row\">Keurmerk<\/th>\n<td class=\"col data\" data-th=\"Keurmerk\">Biologisch<\/td>\n<\/tr>\n<tr>\n<th class=\"col label\" scope=\"row\">Geur<\/th>\n<td class=\"col data\" data-th=\"Geur \">Kruidig<\/td>\n<\/tr>\n<tr>\n<th class=\"col label\" scope=\"row\">Beleving<\/th>\n<td class=\"col data\" data-th=\"Beleving\">Stimulerend<\/td>\n<\/tr>\n<tr>\n<th class=\"col label\" scope=\"row\">Productlabel<\/th>\n<td class=\"col data\" data-th=\"Productlabel\">Bio<\/td>\n<\/tr>\n<tr>\n<th class=\"col label\" scope=\"row\">Merk<\/th>\n<td class=\"col data\" data-th=\"Merk\">Chi Essential Cosmetics<\/td>\n<\/tr>\n<tr>\n<th class=\"col label\" scope=\"row\"><\/th>\n<td class=\"col data\" data-th=\"Art.nr.\"><\/td>\n<\/tr>\n<tr>\n<th class=\"col label\" scope=\"row\"><\/th>\n<td class=\"col data\" data-th=\"EAN Code\"><\/td>\n<\/tr>\n<tr>\n<th class=\"col label\" scope=\"row\">Ingredients:<\/th>\n<td class=\"col data\" data-th=\"Ingredients:\">Calophyllum inophyllum seed oil, Simmondsia chinensis seed oil, Rosa canina fruit oil, Cocos nucifera oil, Matricaria recutitia flower oil, Pelargonium graveolens stem leaf oil, Helichrysum italicum flower oil, Lavandula angustifolia oil, Linalool**, Citr<\/td>\n<\/tr>\n<\/tbody>\n<\/table>\n<p>&nbsp;<\/p>\n","protected":false},"featured_media":2422,"template":"","meta":[],"product_brand":[],"product_cat":[17,38],"product_tag":[241],"class_list":{"0":"post-2421","1":"product","2":"type-product","3":"status-publish","4":"has-post-thumbnail","6":"product_cat-chi-100-procent-natural-cosmetics","7":"product_cat-serums-en-maskers-en-oogcontour-verzorging","8":"product_tag-rode-huid-overgevoelige-huid","10":"first","11":"instock","12":"shipping-taxable","13":"purchasable","14":"product-type-simple"},"jetpack_sharing_enabled":true,"_links":{"self":[{"href":"https:\/\/skinperfection.nl\/index.php\/wp-json\/wp\/v2\/product\/2421","targetHints":{"allow":["GET"]}}],"collection":[{"href":"https:\/\/skinperfection.nl\/index.php\/wp-json\/wp\/v2\/product"}],"about":[{"href":"https:\/\/skinperfection.nl\/index.php\/wp-json\/wp\/v2\/types\/product"}],"wp:featuredmedia":[{"embeddable":true,"href":"https:\/\/skinperfection.nl\/index.php\/wp-json\/wp\/v2\/media\/2422"}],"wp:attachment":[{"href":"https:\/\/skinperfection.nl\/index.php\/wp-json\/wp\/v2\/media?parent=2421"}],"wp:term":[{"taxonomy":"product_brand","embeddable":true,"href":"https:\/\/skinperfection.nl\/index.php\/wp-json\/wp\/v2\/product_brand?post=2421"},{"taxonomy":"product_cat","embeddable":true,"href":"https:\/\/skinperfection.nl\/index.php\/wp-json\/wp\/v2\/product_cat?post=2421"},{"taxonomy":"product_tag","embeddable":true,"href":"https:\/\/skinperfection.nl\/index.php\/wp-json\/wp\/v2\/product_tag?post=2421"}],"curies":[{"name":"wp","href":"https:\/\/api.w.org\/{rel}","templated":true}]}}