{"id":2582,"date":"2024-06-15T12:33:31","date_gmt":"2024-06-15T12:33:31","guid":{"rendered":"https:\/\/www.skinperfection.nl\/?post_type=product&#038;p=2582"},"modified":"2024-06-17T11:47:20","modified_gmt":"2024-06-17T11:47:20","slug":"alka-creme","status":"publish","type":"product","link":"https:\/\/skinperfection.nl\/index.php\/product\/alka-creme\/","title":{"rendered":"Alka Cr\u00e8me"},"content":{"rendered":"<p>Met de zomer in aantocht, kunnen insecten zoals wespen, muggen en de processierups voor jeuk en irritatie zorgen.<br \/>\nDe cr\u00e8me bevat zachte, natuurlijke, basische ingredi\u00ebnten die direct de ge\u00efrriteerde huid (zure huid) van insectenbeten verminderen.<\/p>\n<p>Tip: troepvrije aftersun \u2600\ufe0f<br \/>\nAlka\u00ae Cr\u00e8me werkt ook na een dagje zonnen. De door de zon aangedane huid is zuur, en de basische ingredi\u00ebnten uit Alka\u00ae Cr\u00e8me kalmeren en hydrateren de huid direct.<\/p>\n<p>Alka Cr\u00e8me is een allround cr\u00e8me, behalve dat het ondersteunt bij jeuk en na het zonnen is het ook geschikt voor:<\/p>\n<p>\u2714\ufe0fDag- en nachtcr\u00e8me<br \/>\n\u2714\ufe0fLichaam en gezicht<br \/>\n\u2714\ufe0fZacht voor iedereen, zelfs de babyhuid.<\/p>\n<p>Alka Cr\u00e8me is een unieke basische formule -pH 8,2- met een rijke selectie natuurlijke oli\u00ebn als kokosolie, shea boter, amandelolie en jojobaolie. Alka\u00ae Cr\u00e8me is veelzijdig in gebruik en een uitkomst voor veel huidcondities en huidtypes.<\/p>\n<p>&#8211; Verzacht<br \/>\n&#8211; Verzorgt<br \/>\n&#8211; Hydrateert<br \/>\n&#8211; Regenereert<br \/>\n&#8211; Kalmeert<br \/>\n&#8211; Beschermt<\/p>\n<p><strong>Ingredienten<\/strong><br \/>\nAqua, Cetearyl Alcohol, Cocos Nucifera Oil, Alcohol, Glycerin, Caprylic\/Capric Triglyceride, Isoamyl Laurate, Myristyl Myristate, Butyrospermum Parkii Butter, Prunus Amygdalus Dulcis Oil, Cetearyl Glucoside, Simmondsia Chinensis Seed Oil, Squalane, Parfum, Disodium Hydrogen Phosphate Dihydrate,Tocopheryl Acetate, Sodium Stearoyl Glutamate, Xanthan Gum, Isoamyl Cocoate, Caprylyl Glycol, Sodium Phytate, Sodium Dihydrogen Phosphate Dihydrate, Caprylhydroxamic Acid, Cetyl Alcohol, Stearyl Alcohol, Sodium Hydroxide, Citric Acid, Ubiquinone<\/p>\n<p><strong>Gebruik<\/strong><br \/>\nLichaamsverzorging:<br \/>\nAlka\u00ae Cr\u00e8me kan worden gebruikt om het hele lichaam te verzorgen, te voeden en te ondersteunen. Het is geschikt voor de dagelijkse verzorging en kan zo vaak worden gebruikt als nodig wordt geacht.<\/p>\n<p>Gezichtsverzorging:<br \/>\nAlka\u00ae Cr\u00e8me kan als dag- en nachtcr\u00e8me worden gebruikt. Het is optimaal voor de verzorging van de normale en gevoelige huid. Breng de cr\u00e8me direct na de reiniging aan (optimale reiniging gebeurt met een basisch badzout of een basische scrub) en masseer de cr\u00e8me met lichte bewegingen in. Alka\u00ae Cr\u00e8me trekt snel in en beschermt en voedt de huid gedurende de nacht en\/of de dag.<\/p>\n","protected":false},"excerpt":{"rendered":"<p>Inhoud: 50 ml<\/p>\n<p><strong>Gebruik<\/strong><br \/>\nLichaamsverzorging:<br \/>\nAlka\u00ae Cr\u00e8me kan worden gebruikt om het hele lichaam te verzorgen, te voeden en te ondersteunen. Het is geschikt voor de dagelijkse verzorging en kan zo vaak worden gebruikt als nodig wordt geacht.<\/p>\n<p>Gezichtsverzorging:<br \/>\nAlka\u00ae Cr\u00e8me kan als dag- en nachtcr\u00e8me worden gebruikt. Het is optimaal voor de verzorging van de normale en gevoelige huid. Breng de cr\u00e8me direct na de reiniging aan (optimale reiniging gebeurt met een basisch badzout of een basische scrub) en masseer de cr\u00e8me met lichte bewegingen in. Alka\u00ae Cr\u00e8me trekt snel in en beschermt en voedt de huid gedurende de nacht en\/of de dag.<\/p>\n","protected":false},"featured_media":2583,"template":"","meta":[],"product_brand":[],"product_cat":[276,19],"product_tag":[277],"class_list":{"0":"post-2582","1":"product","2":"type-product","3":"status-publish","4":"has-post-thumbnail","6":"product_cat-alka","7":"product_cat-zonverzorging-natuurlijke","8":"product_tag-alka-zuur-base-creme-voor-gevoelige-huid","10":"first","11":"instock","12":"shipping-taxable","13":"purchasable","14":"product-type-simple"},"jetpack_sharing_enabled":true,"_links":{"self":[{"href":"https:\/\/skinperfection.nl\/index.php\/wp-json\/wp\/v2\/product\/2582","targetHints":{"allow":["GET"]}}],"collection":[{"href":"https:\/\/skinperfection.nl\/index.php\/wp-json\/wp\/v2\/product"}],"about":[{"href":"https:\/\/skinperfection.nl\/index.php\/wp-json\/wp\/v2\/types\/product"}],"wp:featuredmedia":[{"embeddable":true,"href":"https:\/\/skinperfection.nl\/index.php\/wp-json\/wp\/v2\/media\/2583"}],"wp:attachment":[{"href":"https:\/\/skinperfection.nl\/index.php\/wp-json\/wp\/v2\/media?parent=2582"}],"wp:term":[{"taxonomy":"product_brand","embeddable":true,"href":"https:\/\/skinperfection.nl\/index.php\/wp-json\/wp\/v2\/product_brand?post=2582"},{"taxonomy":"product_cat","embeddable":true,"href":"https:\/\/skinperfection.nl\/index.php\/wp-json\/wp\/v2\/product_cat?post=2582"},{"taxonomy":"product_tag","embeddable":true,"href":"https:\/\/skinperfection.nl\/index.php\/wp-json\/wp\/v2\/product_tag?post=2582"}],"curies":[{"name":"wp","href":"https:\/\/api.w.org\/{rel}","templated":true}]}}