{"id":2638,"date":"2024-08-05T17:11:10","date_gmt":"2024-08-05T17:11:10","guid":{"rendered":"https:\/\/www.skinperfection.nl\/?post_type=product&#038;p=2638"},"modified":"2025-03-29T00:00:05","modified_gmt":"2025-03-29T00:00:05","slug":"naif-zon-spray-spf50-100-milliliter","status":"publish","type":"product","link":"https:\/\/skinperfection.nl\/index.php\/product\/naif-zon-spray-spf50-100-milliliter\/","title":{"rendered":"Naif Zon spray SPF50 100 milliliter"},"content":{"rendered":"<div class=\"item title allow active\" tabindex=\"0\" role=\"tab\" data-role=\"collapsible\" data-collapsible=\"true\" aria-controls=\"Beschrijving\" aria-selected=\"true\" aria-expanded=\"true\"><a class=\"switch\" href=\"https:\/\/www.varuvo.nl\/naif-zon-spray-spf50-284190?sqr=naif%20zon#Beschrijving\" data-toggle=\"trigger\">Beschrijving<\/a><\/div>\n<div id=\"Beschrijving\" class=\"item content\" role=\"tabpanel\" data-role=\"content\" aria-hidden=\"false\"><b>Naif Zon spray SPF50<\/b><br \/>\nMinerale Zonnebrandspray SPF50 is een zonnebrand geschikt voor de hele familie. Het UV-filter op basis van zinkoxide beschermt de huid direct tegen UVA en UVB met minimale kans op huidreacties. De handige spray is snel en gemakkelijk aan te brengen.Het UV-filter op basis van zinkoxide legt een laagje over de huid die de zonnestralen weerkaatst, waardoor de zonnebrand direct beschermt tegen UVA en UVB straling.<\/p>\n<p>&#8211; Beschermd direct tegen UVA en UVB<br \/>\n&#8211; Waterresistente formule<br \/>\n&#8211; Dermatologisch getest<br \/>\n&#8211; Koraalvriendelijk: geen oxybenzone, octinoxate, octocrylene, avobenzone<\/p>\n<p><b>Ingredi\u00ebnten (INCI)<\/b><br \/>\nDecyl Oleate, Zinc Oxide, Coco-Caprylate\/Caprate, Caprylic\/Capric Triglyceride, Ricinus Communis Seed Oil, Triheptanoin, Oryzanol, Bisabolol, Dextrin Palmitate, Polyhydroxystearic Acid, Allantoin, Parfum\/Fragrance,Tocopherol, Pongamol, Helianthus Annuus Seed Oil, Palmitic Acid.<\/p>\n<p><b>Gebruik<\/b><br \/>\nSchud de spray goed voor gebruik. Waarom? Na\u00eff minerale zonnebrand bevat veel ingredi\u00ebnten die kunnen &#8220;scheiden&#8221;, zoals de zinkoxide en de natuurlijke oli\u00ebn. Het \u00e9\u00e9n is zwaarder dan het ander dus zo kan het zijn dat je bescherming op de bodem ligt. Minuutje schudden en sprayen maar!<\/p>\n<p>Breng een royale laag zonnebrand aan op het lichaam en gezicht voordat je de zon in gaat. Elke twee uur en na het zwemmen opnieuw aanbrengen voor optimale bescherming.<\/p>\n<p><b>Bewaaradvies<\/b><br \/>\nAfgesloten bewaren, buiten bereik van kinderen.<\/p>\n<p><b>Waarschuwingen<\/b><br \/>\nAlleen voor uitwendig gebruik.<\/p>\n<\/div>\n<div role=\"tabpanel\" data-role=\"content\" aria-hidden=\"false\"><\/div>\n<div role=\"tabpanel\" data-role=\"content\" aria-hidden=\"false\">\n<div class=\"item title allow active\" tabindex=\"0\" role=\"tab\" data-role=\"collapsible\" data-collapsible=\"true\" aria-controls=\"Hoe te gebruiken\" aria-selected=\"true\" aria-expanded=\"true\"><a class=\"switch\" href=\"https:\/\/www.varuvo.nl\/naif-zon-spray-spf50-284190?sqr=naif%20zon#Hoe%20te%20gebruiken\" data-toggle=\"trigger\">Hoe te gebruiken<\/a><\/div>\n<div id=\"Hoe te gebruiken\" class=\"item content\" role=\"tabpanel\" data-role=\"content\" aria-hidden=\"false\">Schud de spray goed voor gebruik. Waarom? Na\u00eff minerale zonnebrand bevat veel ingredi\u00ebnten die kunnen &#8220;scheiden&#8221;, zoals de zinkoxide en de natuurlijke oli\u00ebn. Het \u00e9\u00e9n is zwaarder dan het ander dus zo kan het zijn dat je bescherming op de bodem ligt. Minuutje schudden en sprayen maar! Breng een royale laag zonnebrand aan op het lichaam en gezicht voordat je de zon in gaat. Elke twee uur en na het zwemmen opnieuw aanbrengen voor optimale bescherming.<\/div>\n<\/div>\n","protected":false},"excerpt":{"rendered":"<p><b>Naif Zon spray SPF50<\/b><br \/>\nMinerale Zonnebrandspray SPF50 is een zonnebrand geschikt voor de hele familie. Het UV-filter op basis van zinkoxide beschermt de huid direct tegen UVA en UVB met minimale kans op huidreacties. De handige spray is snel en gemakkelijk aan te brengen.<br \/>\ninhoud: 100 ml<br \/>\nHet UV-filter op basis van zinkoxide legt een laagje over de huid die de zonnestralen weerkaatst, waardoor de zonnebrand direct beschermt tegen UVA en UVB straling.<\/p>\n<p>&#8211; Beschermd direct tegen UVA en UVB<br \/>\n&#8211; Waterresistente formule<br \/>\n&#8211; Dermatologisch getest<br \/>\n&#8211; Koraalvriendelijk: geen oxybenzone, octinoxate, octocrylene, avobenzone<\/p>\n","protected":false},"featured_media":2639,"template":"","meta":[],"product_brand":[],"product_cat":[19],"product_tag":[294,292,293,291],"class_list":{"0":"post-2638","1":"product","2":"type-product","3":"status-publish","4":"has-post-thumbnail","6":"product_cat-zonverzorging-natuurlijke","7":"product_tag-bescherming","8":"product_tag-gevoelige","9":"product_tag-huid","10":"product_tag-zon","12":"first","13":"instock","14":"shipping-taxable","15":"purchasable","16":"product-type-simple"},"jetpack_sharing_enabled":true,"_links":{"self":[{"href":"https:\/\/skinperfection.nl\/index.php\/wp-json\/wp\/v2\/product\/2638","targetHints":{"allow":["GET"]}}],"collection":[{"href":"https:\/\/skinperfection.nl\/index.php\/wp-json\/wp\/v2\/product"}],"about":[{"href":"https:\/\/skinperfection.nl\/index.php\/wp-json\/wp\/v2\/types\/product"}],"wp:featuredmedia":[{"embeddable":true,"href":"https:\/\/skinperfection.nl\/index.php\/wp-json\/wp\/v2\/media\/2639"}],"wp:attachment":[{"href":"https:\/\/skinperfection.nl\/index.php\/wp-json\/wp\/v2\/media?parent=2638"}],"wp:term":[{"taxonomy":"product_brand","embeddable":true,"href":"https:\/\/skinperfection.nl\/index.php\/wp-json\/wp\/v2\/product_brand?post=2638"},{"taxonomy":"product_cat","embeddable":true,"href":"https:\/\/skinperfection.nl\/index.php\/wp-json\/wp\/v2\/product_cat?post=2638"},{"taxonomy":"product_tag","embeddable":true,"href":"https:\/\/skinperfection.nl\/index.php\/wp-json\/wp\/v2\/product_tag?post=2638"}],"curies":[{"name":"wp","href":"https:\/\/api.w.org\/{rel}","templated":true}]}}