{"id":2704,"date":"2024-10-04T09:30:30","date_gmt":"2024-10-04T09:30:30","guid":{"rendered":"https:\/\/www.skinperfection.nl\/?post_type=product&#038;p=2704"},"modified":"2024-10-04T09:30:31","modified_gmt":"2024-10-04T09:30:31","slug":"lipocell-bandages-1-paar-met-actieve-natuurlijke-vetverbrandende-werkstoffen","status":"publish","type":"product","link":"https:\/\/skinperfection.nl\/index.php\/product\/lipocell-bandages-1-paar-met-actieve-natuurlijke-vetverbrandende-werkstoffen\/","title":{"rendered":"Lipocell bandages \u2013 1 paar, met actieve natuurlijke vetverbrandende werkstoffen"},"content":{"rendered":"<h2>Beschrijving<\/h2>\n<p>STAP 2. AFSLANKEN &amp; VERSTEVIGEN<span class=\"Apple-converted-space\">\u00a0<\/span><\/p>\n<p>Gebruik de Slimming Scrub eenmaal per week om je voor te bereiden op stap 2.<\/p>\n<p>Gebruik na de Dren bodywraps nu de Lipocell-bodywraps voor een maand (\u00e9\u00e9n per week gedurende vier weken).<\/p>\n<p>Om het proces te stimuleren, breng je het best een dunne laag\u00a0<i>Black Mud\u00a0<\/i>aan op de kritieke gebieden voordat je de bodywraps aanbrengt.<\/p>\n<p>In deze fase wordt de behandeling versterkt door Tisama DrenLak te drinken.<\/p>\n<p>Als je merkt dat je stofwisseling stagneert en je gewicht niet meer daalt, stimuleer het dan met de Tisama SlimLak: het bevat Fucus, een zeewier dat helpt om de interne metabolische functies te reactiveren.<span class=\"Apple-converted-space\">\u00a0<\/span><\/p>\n<p><strong>GEBRUIK:<\/strong>\u00a0Open de verpakking, breng de bandages aan de beide benen aan, laat het 20-30 minuten intrekken. Verwijder ze en dep de overtollige vloeistof af met absorberend papier.<\/p>\n<p><strong><u>Vormgevend complex:<\/u><\/strong>\u00a0Het complex bestaat uit het extract van de longanvrucht, ook wel bekend als drakenoog,rijk aan vitamine C, E, B, Fe, Mg, K, P en polyfenolen, in het bijzonder corilagine. De antioxidanten beschermen de cellen tegen schade veroorzaakt door vrije radicalen die veroudering kunnen versnellen. Dankzij vitamine C enb\u00e8tacaroteen helpt dit complex om waterretentie tegen te gaan en houd de vorming van een sinaasappelhuidtegen, ze beschermen de huid tegen UV-stralen en stimuleren de productie van collageen. Het geeft de huid eenhelderder uiterlijk en dankzij ontstekingsremmende eigenschappen \u00a0werkt het op de\u00a0transcriptiefactor PAI-1 (Plasminogen Activator Inhibitor-1) en op de remming van PAI-1, daarom vermindert \u00a0het de differentiatie van preadipocyten, het verminderen van angiogenese, en vermindert de activering vanMMP-2 dus het beperken van de desorganisatie van de ECM (de werking ervan is complementair aan anderelipolytische actieve ingredi\u00ebnten zoals: cafe\u00efne). Gebruikt voor cosmetische cellulitisbehandelingen.<\/p>\n<p><strong><u>\u00a0Cafe\u00efne:\u00a0<\/u><\/strong>Cafe\u00efne is een op purine gebaseerde alkalo\u00efde, chemisch is het een trimethylxanthine, gevonden in koffie, thee, cola, mate en guarana. Cafe\u00efne bevordert de toename van cyclisch AMP (5&#8242;-cyclischadenosinemonofosfaat) in adipocyten en de activering van lipase, het lipolytische enzym dat verantwoordelijk is voor het katalyseren van de hydrolyse van triglyceriden tot vetzuren<strong><u>,\u00a0<\/u><\/strong>zuren en glycerol, die vervolgensworden ge\u00eblimineerd. Cafe\u00efne heeft niet alleen lipolytische eigenschappen, maar ook een significante vermogen om drainage en eliminatie van stilstaande vloeistoffen te stimuleren, waardoor waterretentie wordtverminderd (anti-oedeem functie). Het heeft ook een verstevigende werking en bevordert de eliminatie van dode cellen.<\/p>\n<p><strong><u>Fosfatidylcholine<\/u><\/strong><strong>:<\/strong>\u00a0Het is een van de fundamentele bestanddelen van celmembranen; het geeft ze de juiste vloeibaarheid, dus het bevorderen van de osmotische uitwisselingsmechanismen met de buitenwereld. Op grond van zijn chemische affiniteit met lipiden, is het in staat om de vezels van de dermis binnen te dringen, naast het celmembraan met de aanwezigheid van endogeen geproduceerde fosfolipiden. Als gevolg hiervan ondersteunt het de celvernieuwing en fungeert het als drager van actieve ingredi\u00ebnten in cosmetische formules.<\/p>\n<p><strong><u>Fenegriek:<\/u><\/strong> Is een plant die rijk is aan vitamines, mineralen, aminozuren, slijmstoffen, vetzuren, eiwitten en fyto-oestrogenen, die aanzienlijke voordelen voor de huid bieden. Het extract helpt de celvernieuwing te bevorderen; het heeft een hydraterende, voedende, regenererende en verstevigende werking en geeft zachtheid, tonus en elasticiteit aan de huid. Biologisch paardenkastanje-extract Het zaadextract bestaat uit een fytocomplex, rijk aan saponinen en flavono\u00efden. Dankzij de saponinen en escin vermindert het de capillaire permeabiliteit, verhoogt het de capillaire weerstand en elasticiteit en verbetert de lymfatische afvoer. Het wordt gebruikt voor de behandeling van onzuiverheden van de onderste ledematen, zoals oedemen, cellulitis en onvoldoende microcirculatie.<\/p>\n","protected":false},"excerpt":{"rendered":"<p>Inhoud: 1 paar<\/p>\n<p>Lipocell-bodywraps bevatten de ideale ingredi\u00ebnten om plaatselijke vetophopingen en cellulite te behandelen.<\/p>\n<p>Dankzij het vormgevende complex gewonnen uit Dragon\u2019s Eye, hebben de Lipocell-bodywraps een sterk afslankende en vormgevende werking; gecombineerd met de lipolytische werking van cafe\u00efne, verbeteren de bodywraps de microcirculatie, waardoor het weefsel compacter wordt met een verstevigend resultaat.<\/p>\n<p>Voor zowel thuis- als salongebruik ter bestrijding van cellulite en vetverbranding.<\/p>\n","protected":false},"featured_media":2705,"template":"","meta":[],"product_brand":[],"product_cat":[244,63,147,61],"product_tag":[],"class_list":{"0":"post-2704","1":"product","2":"type-product","3":"status-publish","4":"has-post-thumbnail","6":"product_cat-oedemateuse-cellulite-vochtafvoerend-verstevigend-spataderen","7":"product_cat-verzorging-voor-de-benen","8":"product_cat-lakshmi-ayurveda","9":"product_cat-lichaamsverzorging-2","11":"first","12":"instock","13":"shipping-taxable","14":"purchasable","15":"product-type-simple"},"jetpack_sharing_enabled":true,"_links":{"self":[{"href":"https:\/\/skinperfection.nl\/index.php\/wp-json\/wp\/v2\/product\/2704","targetHints":{"allow":["GET"]}}],"collection":[{"href":"https:\/\/skinperfection.nl\/index.php\/wp-json\/wp\/v2\/product"}],"about":[{"href":"https:\/\/skinperfection.nl\/index.php\/wp-json\/wp\/v2\/types\/product"}],"wp:featuredmedia":[{"embeddable":true,"href":"https:\/\/skinperfection.nl\/index.php\/wp-json\/wp\/v2\/media\/2705"}],"wp:attachment":[{"href":"https:\/\/skinperfection.nl\/index.php\/wp-json\/wp\/v2\/media?parent=2704"}],"wp:term":[{"taxonomy":"product_brand","embeddable":true,"href":"https:\/\/skinperfection.nl\/index.php\/wp-json\/wp\/v2\/product_brand?post=2704"},{"taxonomy":"product_cat","embeddable":true,"href":"https:\/\/skinperfection.nl\/index.php\/wp-json\/wp\/v2\/product_cat?post=2704"},{"taxonomy":"product_tag","embeddable":true,"href":"https:\/\/skinperfection.nl\/index.php\/wp-json\/wp\/v2\/product_tag?post=2704"}],"curies":[{"name":"wp","href":"https:\/\/api.w.org\/{rel}","templated":true}]}}