{"id":2735,"date":"2024-10-15T12:32:13","date_gmt":"2024-10-15T12:32:13","guid":{"rendered":"https:\/\/www.skinperfection.nl\/?post_type=product&#038;p=2735"},"modified":"2024-10-15T12:37:46","modified_gmt":"2024-10-15T12:37:46","slug":"baby-chi-huidolie","status":"publish","type":"product","link":"https:\/\/skinperfection.nl\/index.php\/product\/baby-chi-huidolie\/","title":{"rendered":"Baby Chi Huidolie"},"content":{"rendered":"<h2>100% biologische babyolie, zonder toevoegingen<\/h2>\n<p>Deze natuurlijke baby huidolie is speciaal ontwikkeld om de tere babyhuid intensief te voeden. De formule is zeer zacht en dus veilig voor baby&#8217;s met een gevoelige huid. Door de zachte essenti\u00eble oli\u00ebn geniet je van een fijn moment van geurbeleving en moment van ontspanning, samen met jouw baby.<\/p>\n<p>Deze zijdezachte olie is samengesteld uit de vette plantoli\u00ebn van jojoba, zonnebloempit, castor (wonderolie) en kokos. De babyolie is verrijkt met de essenti\u00eble oli\u00ebn van rode mandarijn, ho-hout, sandelhout, vanille extract en een vleugje calendula<strong>.<\/strong>\u00a0De huidolie bestaat uit volledig plantaardige en biologische ingredi\u00ebnten en is vrij van synthetische stoffen en parfum. Hierdoor wordt de huid van je baby verwend met de beste ingredi\u00ebnten uit de natuur. Baby Chi huidolie wordt goed opgenomen in de huid en vormt een beschermend laagje zonder plakkerig aan te voelen.<\/p>\n<h2>Babymassage<\/h2>\n<p>Een massage met de Baby Chi huidolie is een fijne manier om de band met je baby te versterken. Het heeft tegelijkertijd ook voordelen voor de gezondheid. Het helpt om de baby te ontspannen wat zou kunnen helpen bij onrust en om lekker te slapen. Een babymassage is goed voor de bloedsomloop, ondersteunt de spijsvertering en is daardoor goed voor de darmwerking. Door een zachte massage voelt de baby zich veilig en geborgen. Het gebruik een natuurlijke baby huidolie met veilige essenti\u00eble oli\u00ebn, heeft nog meer voordelen voor het welzijn van de baby. Naast de ontspanning van de massage, heeft de huidolie een dubbele werking: de werkzame stoffen van de essenti\u00eble oli\u00ebn worden door de huid opgenomen en tegelijkertijd wordt de geur ingeademd. Iedere essenti\u00eble olie heeft een specifieke werking op de huid, de psyche en het lichaam. Zo geeft mandarijn een geborgen gevoel en vanille kan troostend werken. Ervaar het zelf met de Baby Chi huidolie.<\/p>\n<h2>Gebruik van de Baby Chi Huidolie<\/h2>\n<p>Goed schudden voor gebruik en op de gewenste plek aanbrengen.<br \/>\nGebruik ook als massage olie voor de baby massage.<\/p>\n<h2>Baby Chi: 100% Natuurlijke babyverzorging<\/h2>\n<p>Als ouder wil je alleen het beste voor je baby. Veel bekende baby verzorgingsproducten bevatten schadelijke chemicali\u00ebn en kunstmatige parfums. Heb je je wel eens afgevraagd wat al die synthetische ingredi\u00ebnten op de gevoelige huid van je kleintje kunnen doen? Deze producten kunnen de huidbarri\u00e8re verzwakken en irritaties zoals eczeem veroorzaken. Waarom zou je de huid van jouw kindje onnodig blootstellen aan deze schadelijke stoffen?<\/p>\n<h2>Natuurlijke babyverzorging voor een zachte babyhuid<\/h2>\n<p>Gelukkig is er een veilig en 100% natuurlijk alternatief. De Baby Chi-lijn is speciaal ontwikkeld voor bewuste ouders die kiezen voor natuurzuivere verzorgingsproducten zonder schadelijke stoffen. De babyproducten zijn samengesteld met volledig natuurlijke en biologische ingredi\u00ebnten. De beschermende en voedende plantoli\u00ebn zijn aangevuld met de verfijnde essenti\u00eble oli\u00ebn van vanille, sandelhout, ho-hout en rode mandarijn. Zo kun je zonder zorgen genieten van een zacht en veilig product voor jouw kindje.<\/p>\n<h2>Waarom kiezen voor Baby Chi?<\/h2>\n<ul>\n<li>100% Natuurlijke ingredi\u00ebnten, zonder schadelijke ingredi\u00ebnten<\/li>\n<li>Brede werking: dagelijkse huidverzorging, droge huid en luieruitslag<\/li>\n<li>Verfijnde en veilige essenti\u00eble oli\u00ebn<\/li>\n<li>Geurbeleving en moment van ontspanning<\/li>\n<li>Duurzaam: biologische werkstoffen recht uit de natuur<\/li>\n<li>Complete dagelijkse verzorging<\/li>\n<\/ul>\n<p><strong>\u00a0<\/strong><\/p>\n<h2>Baby Chi biologische essenti\u00eble oli\u00ebn<\/h2>\n<h3>Rode mandarijn<\/h3>\n<p>Rode mandarijn olie staat bekend om de kalmerende en ontspannende werking, ideaal voor het verzachten van spanning bij de allerkleinsten. De zachte en zoete geur geeft een geborgen gevoel en helpt om onrust te verminderen. Daarom is de olie perfect bij een rustgevende babymassage of een ontspannen badritueel.<\/p>\n<h3>Ho-Hout<\/h3>\n<p>Ho-hout is een ontspannende essenti\u00eble olie met een warme, roosachtige en zoete geur. Ho-hout is een goede verzorger van de gevoelige babyhuid heeft een beschermende en kalmerende werking.<\/p>\n<h3>Sandelhout<\/h3>\n<p>Sandelhoutolie heeft een diep ontspannende en aardende werking. Deze olie is zeer mild en zacht, waardoor het geschikt is voor de gevoelige babyhuid. Sandelhout olie helpt de huid te\u00a0 kalmeren en is ideaal voor de verzorging van een geprikkelde of rode huid.<\/p>\n<h3>Vanille<\/h3>\n<p>De<strong>\u00a0<\/strong>warme, zoete geur van vanille werkt rustgevend en troostend voor baby\u2019s. Vanille geeft een gevoel van veiligheid en comfort voor je baby. Ook werkt het vanille extract ontspannend en helpt het om de huid te kalmeren.<\/p>\n<h2>Biologische plantoli\u00ebn<\/h2>\n<p>De biologische plantoli\u00ebn van o.a. jojoba en abrikozenpit vormen de basis van de Baby Chi producten. Vette planten oli\u00ebn verzachten, voeden en beschermen de huid, net als de functie van plantoli\u00ebn in zaden, noten en vruchten.\u00a0Ze bevatten van nature werkzame, huidverzorgende ingredi\u00ebnten, zoals vitamine E en essenti\u00eble vetzuren. Plantoli\u00ebn vormen een natuurlijke barri\u00e8re tegen vochtverlies.<\/p>\n<h2>Beste natuurlijke verzorging voor baby&#8217;s<\/h2>\n<p>Ontdek de\u00a0Baby Chi-lijn, speciaal ontwikkeld voor de gevoelige huid van jouw baby. Deze\u00a0100% natuurlijke babyverzorgingsproducten\u00a0zijn vrij van schadelijke chemische stoffen en bevatten verfijnde geuren van essenti\u00eble oli\u00ebn zoals vanille en sandelhout. Onze huidolie hydrateert, de badolie reinigt en kalmeert, het huidpoeder verzacht de geprikkelde huid, en de luierzalf verzacht rode billetjes en luieruitslag. Kies voor veilige en natuurlijke babyproducten voor jouw kleintje met Baby Chi!<\/p>\n<p>100 ml<br \/>\nKeurmerk Biologisch<br \/>\nProductlabel Bio<br \/>\nMerk Chi Natural Life<\/p>\n<p>Ingredients:<br \/>\nSimmondsia chinensis seed oil, Helianthus annuus seed oil, Ricinus communis seed oil, Cocos nucifera oil, Olea europaea fruit oil, Calendula officinalis flower extract, Citrus reticulata peel oil, Cinnamomum camphora linalooliferum wood oil, Vanilla planifolia fruit extract, Santalum spicata wood oil, Rosmarinus officinalis leaf extract, Limonene*, Linalool*, Farnesol*.<\/p>\n<p>*Bestanddeel van essenti\u00eble olie<\/p>\n","protected":false},"excerpt":{"rendered":"<p>Inhoud: 100 ml<\/p>\n<p>Voor de\u00a0<strong>dagelijkse baby huidverzorging<\/strong><\/p>\n<ul>\n<li>Verzacht en hydrateert<\/li>\n<li>Geschikt voor babymassage<\/li>\n<li>Voedt en beschermt de huid tegen uitdroging<\/li>\n<li><strong>Veilig voor de gevoelige babyhuid<\/strong><\/li>\n<li>Met vanille, sandelhout, ho-hout en rode mandarijn<\/li>\n<li><strong>100% biologische babyverzorging<\/strong><\/li>\n<li>Het beste uit de natuur voor jouw baby en jezelf<\/li>\n<\/ul>\n","protected":false},"featured_media":2736,"template":"","meta":[],"product_brand":[],"product_cat":[17,334],"product_tag":[322,329,328],"class_list":{"0":"post-2735","1":"product","2":"type-product","3":"status-publish","4":"has-post-thumbnail","6":"product_cat-chi-100-procent-natural-cosmetics","7":"product_cat-baby-chi","8":"product_tag-baby","9":"product_tag-bio","10":"product_tag-huidverzorging","12":"first","13":"instock","14":"shipping-taxable","15":"purchasable","16":"product-type-simple"},"jetpack_sharing_enabled":true,"_links":{"self":[{"href":"https:\/\/skinperfection.nl\/index.php\/wp-json\/wp\/v2\/product\/2735","targetHints":{"allow":["GET"]}}],"collection":[{"href":"https:\/\/skinperfection.nl\/index.php\/wp-json\/wp\/v2\/product"}],"about":[{"href":"https:\/\/skinperfection.nl\/index.php\/wp-json\/wp\/v2\/types\/product"}],"wp:featuredmedia":[{"embeddable":true,"href":"https:\/\/skinperfection.nl\/index.php\/wp-json\/wp\/v2\/media\/2736"}],"wp:attachment":[{"href":"https:\/\/skinperfection.nl\/index.php\/wp-json\/wp\/v2\/media?parent=2735"}],"wp:term":[{"taxonomy":"product_brand","embeddable":true,"href":"https:\/\/skinperfection.nl\/index.php\/wp-json\/wp\/v2\/product_brand?post=2735"},{"taxonomy":"product_cat","embeddable":true,"href":"https:\/\/skinperfection.nl\/index.php\/wp-json\/wp\/v2\/product_cat?post=2735"},{"taxonomy":"product_tag","embeddable":true,"href":"https:\/\/skinperfection.nl\/index.php\/wp-json\/wp\/v2\/product_tag?post=2735"}],"curies":[{"name":"wp","href":"https:\/\/api.w.org\/{rel}","templated":true}]}}