{"id":2737,"date":"2024-10-15T12:35:06","date_gmt":"2024-10-15T12:35:06","guid":{"rendered":"https:\/\/www.skinperfection.nl\/?post_type=product&#038;p=2737"},"modified":"2024-10-15T12:37:29","modified_gmt":"2024-10-15T12:37:29","slug":"baby-chi-badolie","status":"publish","type":"product","link":"https:\/\/skinperfection.nl\/index.php\/product\/baby-chi-badolie\/","title":{"rendered":"Baby Chi Badolie"},"content":{"rendered":"<h2>Badolie zonder parfum<\/h2>\n<p>Een heerlijk badritueel begint met de Baby Chi badolie. Een huidverzorgende en rustgevende badolie voor de verzorging, ontspanning en milde reiniging van de babyhuid. Deze badolie is volledig vrij van geurstoffen, parfum en andere schadelijke chemicali\u00ebn, zodat je baby kan genieten van een kalmerend baddermoment. Baby Chi Badolie reinigt mild, kalmeert en hydrateert de babyhuid.<\/p>\n<p>Deze zorgvuldig samengestelde formule bestaat uit een basis van plantaardige oli\u00ebn van abrikozenpit en jojoba in combinatie met de essenti\u00eble oli\u00ebn van rode mandarijn, ho-hout, sandelhout en vanille extract. De natuurlijke emulgator in de formule is gemaakt van ma\u00efssuikers. Zo lossen de essenti\u00eble oli\u00ebn goed op in het badwater.<\/p>\n<h2><strong>Gebruik Baby Chi badolie<\/strong><\/h2>\n<p>Voeg een dopje badolie aan een baby bad toe van 37 graden. Goed schudden voor gebruik.<\/p>\n<p>Inhoud 100 ml<br \/>\nKeurmerk Biologisch<br \/>\nMerk Chi Natural Life<\/p>\n<p>Ingredients:<br \/>\nPrunus armeniaca kernel oil*, Simmondsia chinensis seed oil*, Polyglyceryl-4 caprate, Citrus reticulata peel oil*, Cinnamomum camphora linalooliferum wood oil*, Vanilla planifolia fruit extract*, Santalum spicata wood oil*, Aqua, Limonene**, Linalool**, Farnesol**.<\/p>\n<p>Verzorging bij: Baby en Kind<br \/>\nGebruiken voor: Lichaam<\/p>\n","protected":false},"excerpt":{"rendered":"<ul>\n<li>Voor een milde reiniging<\/li>\n<li>Een ontspannen baddermoment<\/li>\n<li>Veilig voor de gevoelige babyhuid<\/li>\n<li>Met vanille, sandelhout, ho-hout en rode mandarijn<\/li>\n<li>100% natuurlijke babyverzorging<\/li>\n<li>Het beste uit de natuur voor jouw baby en jezelf<\/li>\n<li>inhoud: 100 ml<\/li>\n<\/ul>\n","protected":false},"featured_media":2738,"template":"","meta":[],"product_brand":[],"product_cat":[17,334],"product_tag":[322,330,293,333,331,332,262],"class_list":{"0":"post-2737","1":"product","2":"type-product","3":"status-publish","4":"has-post-thumbnail","6":"product_cat-chi-100-procent-natural-cosmetics","7":"product_cat-baby-chi","8":"product_tag-baby","9":"product_tag-bad","10":"product_tag-huid","11":"product_tag-natuur","12":"product_tag-olie","13":"product_tag-puur","14":"product_tag-verzorging","16":"first","17":"instock","18":"shipping-taxable","19":"purchasable","20":"product-type-simple"},"jetpack_sharing_enabled":true,"_links":{"self":[{"href":"https:\/\/skinperfection.nl\/index.php\/wp-json\/wp\/v2\/product\/2737","targetHints":{"allow":["GET"]}}],"collection":[{"href":"https:\/\/skinperfection.nl\/index.php\/wp-json\/wp\/v2\/product"}],"about":[{"href":"https:\/\/skinperfection.nl\/index.php\/wp-json\/wp\/v2\/types\/product"}],"wp:featuredmedia":[{"embeddable":true,"href":"https:\/\/skinperfection.nl\/index.php\/wp-json\/wp\/v2\/media\/2738"}],"wp:attachment":[{"href":"https:\/\/skinperfection.nl\/index.php\/wp-json\/wp\/v2\/media?parent=2737"}],"wp:term":[{"taxonomy":"product_brand","embeddable":true,"href":"https:\/\/skinperfection.nl\/index.php\/wp-json\/wp\/v2\/product_brand?post=2737"},{"taxonomy":"product_cat","embeddable":true,"href":"https:\/\/skinperfection.nl\/index.php\/wp-json\/wp\/v2\/product_cat?post=2737"},{"taxonomy":"product_tag","embeddable":true,"href":"https:\/\/skinperfection.nl\/index.php\/wp-json\/wp\/v2\/product_tag?post=2737"}],"curies":[{"name":"wp","href":"https:\/\/api.w.org\/{rel}","templated":true}]}}