{"id":2785,"date":"2024-12-05T06:01:20","date_gmt":"2024-12-05T06:01:20","guid":{"rendered":"https:\/\/skinperfection.nl\/?post_type=product&#038;p=2785"},"modified":"2025-07-30T15:02:58","modified_gmt":"2025-07-30T15:02:58","slug":"multi-dag-nacht-man-50-2","status":"publish","type":"product","link":"https:\/\/skinperfection.nl\/index.php\/product\/multi-dag-nacht-man-50-2\/","title":{"rendered":"Multi dag\/nacht man 50+ grotere inhoud 2 x 90 stuks"},"content":{"rendered":"<h2 class=\"icon-title \">Vitaminen en mineralen uit voeding<\/h2>\n<p>Een gezond en uitgebalanceerd voedingspatroon is de beste manier om alle essenti\u00eble voedingsstoffen binnen te krijgen. Eet een verscheidenheid aan voedingsmiddelen, waaronder groenten, fruit, vis, vlees, zuivel, peulvruchten, noten, zaden en pitten. Na de leeftijd van 50 jaar neemt de behoefte aan specifieke voedingsstoffen toe, zoals eiwitten, vitamine B12 en choline. Het opnemen van eieren in je dieet kan hierbij bijvoorbeeld van meerwaarde zijn. Een multivitamine mag nooit een vervanging zijn van je dieet, maar kan wel dienen als aanvulling.<\/p>\n<p><img data-recalc-dims=\"1\" decoding=\"async\" class=\"image-mobile-full\" src=\"https:\/\/i0.wp.com\/zakelijk.vitakruid.nl\/media\/image\/9e\/61\/0bd7a333caa91d1af616f61397b6.png?w=980&#038;ssl=1\" alt=\"Multi Dag &amp; Nacht Man 50+\" \/><\/p>\n<h2 class=\"icon-title \">Multi Dag Man 50+<\/h2>\n<p>Na je 50e streef je nog steeds naar het beste voor jezelf. Maar op oudere leeftijd heeft je lichaam overdag andere voedingsstoffen nodig dan in je jongere jaren. De Multi Dag Man 50+ is speciaal afgestemd om jou overdag te ondersteuning in alle activiteiten. De Dag formule ondersteunt onder andere energieniveau, vitaliteit en prostaat.* ** De formule is bovendien ijzer- en kopervrij en er zit een riante dosering van 100 mcg choline in.<\/p>\n<h2 class=\"icon-title \">B-vitamines ondersteunen het energieniveau*<\/h2>\n<p>De Multi Dag Man 50+ voorziet in een volledig vitamine B-complex dat ondersteuning biedt bij vermoeidheid, de weerstand en de werking van het zenuwstelsel.* Ideaal voor jouw dagelijkse activiteiten! De doseringen zijn aangepast aan de behoeften van de 50+ man en de vitamines zijn in natuurlijke en biologisch beschikbare vorm aanwezig.<\/p>\n<h4>Vitamine B12: ideaal voor 50-plussers<\/h4>\n<p>Voor oudere volwassenen is er vaak een verhoogde behoefte aan vitamine B12. Het nutri\u00ebnt speelt onder andere een rol bij het geheugen, energieniveau en immuunsysteem.* De Multi Dag Man 50+ bevat een dosering van 200 mcg vitamine B12, waardoor in de meeste gevallen geen apart supplement nodig is.<\/p>\n<p>In de dag formule zitten uitsluitend de best opneembare vormen van vitamine B12: adenosylcobalamine (50 mcg) en methylcobalamine (150 mcg). In tegenstelling tot de niet-actieve synthetische variant cyanocobalamine, hoeven deze biologische actieve vormen niet meer omgezet te worden door de maag en darmen (zie figuur 1).<\/p>\n<h4>Omzetproces vitamine B12<\/h4>\n<p><img data-recalc-dims=\"1\" decoding=\"async\" class=\"image-mobile-full\" src=\"https:\/\/i0.wp.com\/zakelijk.vitakruid.nl\/media\/file\/bd\/2b\/79def4e208bfbab6294a2e75a0db.png?w=980&#038;ssl=1\" alt=\"Omzetproces B12\" \/><\/p>\n<p><small><strong>Figuur 1<\/strong>: omzetproces vitamine B12<\/small><\/p>\n<h2 class=\"icon-title \">Zaagpalm (Sabalselect\u00ae), goed voor de prostaat**<\/h2>\n<p>Een nutri\u00ebnt dat niet mag ontbreken in een multivitamine voor mannen boven de 50 jaar is zaagpalm. Het extract van de vruchten van deze palmboom ondersteunt het normaal blijven plassen en is goed voor de prostaatfunctie.** Extra voordeel is dat zaagpalm bijdraagt aan de normale haargroei.**<\/p>\n<h4>SabalSelect\u00ae: minimaal 85 procent vetzuren<\/h4>\n<p>SabalSelect\u00ae is het beste zaagpalm extract ter wereld. Het wetenschappelijk onderzochte extract garandeert een vetzuurgehalte van minstens 85 procent. Bovendien staan bij dit extract de vruchten aan de basis in plaats van de bladeren.<\/p>\n<p><img data-recalc-dims=\"1\" decoding=\"async\" src=\"https:\/\/i0.wp.com\/zakelijk.vitakruid.nl\/media\/image\/d3\/55\/d032e737ecf2a7c365844136ba0d.png?w=980&#038;ssl=1\" alt=\"Sabalselect\u00ae\" \/><\/p>\n<h2 class=\"icon-title \">OPC gunstig voor de bloeddruk**<\/h2>\n<p>OPC, ook bekend als oligomerisch proanthocyanidine, zijn polyfenolen die overvloedig aanwezig zijn in de natuur, voornamelijk in bessen, druiven, thee en chocolade. Deze antioxidanten helpen gezonde cellen en weefsels behouden.** OPC zijn hierdoor onder andere goed voor de bloeddruk en helpen om hart en bloedvaten gezond te houden.**<\/p>\n<h2 class=\"icon-title \">Bacopa monnieri (Bacopin\u00ae) ondersteunt vitaliteit**<\/h2>\n<p>De bacopa monnieri plant wordt in de Ayurvedische geneeskunde al eeuwenlang ingezet voor de concentratie en het geheugen.** Deze effecten worden voornamelijk toegeschreven aan de antioxidanten in de plant \u2013 bacosiden genaamd \u2013 die een positieve invloed hebben op de bloedcirculatie.** Bacopa monnieri helpt bij geestelijke druk en inspanning en draagt bij tot normale mentale prestaties.**<\/p>\n<p>&nbsp;<\/p>\n<h2 class=\"icon-title \">Multi Nacht Man 50+<\/h2>\n<p>De Multi Nacht Man 50+ is speciaal samengesteld voor de behoeften voor in de nacht. Na je 50e profiteer je van andere nutri\u00ebnten dan in je jongere jaren. Voor sterke spieren en botten bevat de nachtformule bijvoorbeeld een ruime dosering vitamine D.* De multi bevat daarnaast onder andere vitamine C en vitamine K, ter ondersteuning van de bloedvaten en bloedstolling.*<\/p>\n<h2 class=\"icon-title \">Vitamine D &amp; K<\/h2>\n<p>De voedingsstoffen die niet mogen ontbreken in de Multi Nacht Man 50+ zijn vitamine D &amp; K. Samen zijn deze nutri\u00ebnten namelijk essentieel voor de calciumstofwisseling en dragen ze bij aan de instandhouding van sterke botten.* Vitamine D zorgt ervoor dat calcium goed wordt opgenomen uit voeding, terwijl vitamine K ertoe bijdraagt dat calcium in de botten opgenomen wordt.*<\/p>\n<p>De Gezondheidsraad beveelt senioren aan extra vitamine D te gebruiken ter versterking van de botten.* Voor mensen ouder dan 50 jaar wordt een dagelijkse inname van 10 mcg aanbevolen, en voor mensen ouder dan 70 jaar is dit 20 mcg per dag.<\/p>\n<h4>Belangrijk voor de spieren*<\/h4>\n<p>Vitamine D draagt bij aan een normale spierwerking.* De vitamine helpt bij een dagelijkse inname van 20 microgram om de risico&#8217;s van vallen te verminderen, in verband met spierzwakte en houdingsinstabiliteit.* Vallen is een risicofactor voor botbreuken bij mannen vanaf 60 jaar.*<\/p>\n<h4>Vita-algae D\u00ae: goed opneembaar en 100% plantaardig<\/h4>\n<p>Er zijn twee belangrijke vormen van deze vitamine, namelijk D2 en D3, waarbij de laatste het meest effici\u00ebnt door het lichaam wordt opgenomen. Vita-algae D\u00ae wordt gewonnen uit algen en is daarmee een plantaardige variant van vitamine D3. De nacht formule bevat een ruime dosering van 25 mcg zodat jij buiten de wintermaanden in de meeste gevallen geen extra vitamine D supplement hoeft te nemen.<\/p>\n<h2 class=\"icon-title \">Voor dik haar<\/h2>\n<p>De antioxidanten zink en selenium in de Multi Nacht Man 50+ dragen bij aan normale haargroei en houden daarmee je haren sterk.* Zink heeft daarnaast nog meer positieve kenmerken die aansluiten bij de behoeften van de 50+ man. Het mineraal ondersteunt het immuunsysteem, helpt bij het opbouwen van lichaamseiwit, is goed voor het gezichtsvermogen en draagt bij tot de instandhouding van normale testosterongehalten in het bloed.*<\/p>\n<h2 class=\"icon-title \">Passiebloem: ondersteunt de nachtrust**<\/h2>\n<p>Een natuurlijke rustgever die niet mag missen in de Nacht formule van de Multi Man 50+ is passiebloem.** In de plant zitten onder andere flavono\u00efden, alkalo\u00efden, flavono\u00efden, cumarinen en fenolzuren. De alkalo\u00efden harmine en harmaline zijn de belangrijkste stoffen in passiebloem. Ze helpen bij geestelijke druk en inspanning en zijn daarmee goed voor de nachtrust.**<\/p>\n<h2 class=\"icon-title \">NAC: de voorloper van glutathion<\/h2>\n<p>Het lichaam maakt glutathion aan uit de aminozuren cyste\u00efne, glutamine en glycine. Van deze drie is cyste\u00efne moeilijk te verkrijgen uit voeding. N-acetyl-L-cyste\u00efne (NAC) levert de bouwsteen cyste\u00efne en kan daarmee gezien worden als een voorloperstof van glutathion.<\/p>\n<h2 class=\"icon-title \">Zeaxanthine en lute\u00efne zijn anti-aging<\/h2>\n<p>Zeaxanthine en lute\u00efne zijn caroteno\u00efden, natuurlijke pigmenten die voorkomen in verschillende planten en voedingsmiddelen. Ze behoren tot de groep van xanthofylen, die verantwoordelijk zijn voor de gele tot oranje kleur van veel groenten en fruit. Ook algen produceren zeaxanthine en lute\u00efne ter bescherming tegen intense zonnestraling.<\/p>\n","protected":false},"excerpt":{"rendered":"<p>2 x 90 tabletten<\/p>\n<p class=\"product-modal-top__short-description\">Vitaminen &amp; mineralen voor 50+ mannen<\/p>\n<div class=\"product-modal-top__usps\">\n<ul class=\"list list--check-circle list--check-circle-secondary\">\n<li>B-vitaminen voor energie<\/li>\n<li>Zaagpalm is goed voor prostaat en helpt bij het goed blijven plassen**<\/li>\n<li>Bacopa monnieri helpt om vitaal te blijven**<\/li>\n<\/ul>\n<\/div>\n","protected":false},"featured_media":2231,"template":"","meta":[],"product_brand":[],"product_cat":[209,222,66,41],"product_tag":[343,316,340,341,342,302],"class_list":{"0":"post-2785","1":"product","2":"type-product","3":"status-publish","4":"has-post-thumbnail","6":"product_cat-multi-vitamines","7":"product_cat-vitakruid-vitmaines-mineralen-gezondheid","8":"product_cat-voedingssuplementen","9":"product_cat-natuurgeneeskunde","10":"product_tag-343","11":"product_tag-de","12":"product_tag-gezondheid","13":"product_tag-man","14":"product_tag-vitamine","15":"product_tag-voor","17":"first","18":"instock","19":"shipping-taxable","20":"purchasable","21":"product-type-simple"},"jetpack_sharing_enabled":true,"_links":{"self":[{"href":"https:\/\/skinperfection.nl\/index.php\/wp-json\/wp\/v2\/product\/2785","targetHints":{"allow":["GET"]}}],"collection":[{"href":"https:\/\/skinperfection.nl\/index.php\/wp-json\/wp\/v2\/product"}],"about":[{"href":"https:\/\/skinperfection.nl\/index.php\/wp-json\/wp\/v2\/types\/product"}],"wp:featuredmedia":[{"embeddable":true,"href":"https:\/\/skinperfection.nl\/index.php\/wp-json\/wp\/v2\/media\/2231"}],"wp:attachment":[{"href":"https:\/\/skinperfection.nl\/index.php\/wp-json\/wp\/v2\/media?parent=2785"}],"wp:term":[{"taxonomy":"product_brand","embeddable":true,"href":"https:\/\/skinperfection.nl\/index.php\/wp-json\/wp\/v2\/product_brand?post=2785"},{"taxonomy":"product_cat","embeddable":true,"href":"https:\/\/skinperfection.nl\/index.php\/wp-json\/wp\/v2\/product_cat?post=2785"},{"taxonomy":"product_tag","embeddable":true,"href":"https:\/\/skinperfection.nl\/index.php\/wp-json\/wp\/v2\/product_tag?post=2785"}],"curies":[{"name":"wp","href":"https:\/\/api.w.org\/{rel}","templated":true}]}}