{"id":2818,"date":"2024-12-19T18:33:22","date_gmt":"2024-12-19T18:33:22","guid":{"rendered":"https:\/\/skinperfection.nl\/?post_type=product&#038;p=2818"},"modified":"2024-12-19T18:33:23","modified_gmt":"2024-12-19T18:33:23","slug":"netra-vegan-mascara-black-definition","status":"publish","type":"product","link":"https:\/\/skinperfection.nl\/index.php\/product\/netra-vegan-mascara-black-definition\/","title":{"rendered":"Netra (Vegan) Mascara Black Definition"},"content":{"rendered":"<p>Onze gecertificeerde natuurlijke zwarte mascara is een innovatief product, geformuleerd met natuurlijke en biologische ingredi\u00ebnten, speciaal ontwikkeld, zowel voor de professional in de salon als voor thuis gebruik.<\/p>\n<p>Deze mascara verbetert niet alleen de schoonheid van je wimpers, maar biedt ook een genezende behandeling die de wimpers versterkt en voedt.<\/p>\n<p>Door de kracht van de biologische oli\u00ebn; Ricinus en Avocado, krijgen je wimpers een dagelijkse dosis essenti\u00eble voedingsstoffen. Deze ingredi\u00ebnten staan \u200b\u200bbekend om hun versterkende en stimulerende eigenschappen, die helpen de wimpers sterk en gezond te houden.<\/p>\n<p>Hij biedt een genezende behandeling die de wimpers versterkt en voedt.<\/p>\n<p>Ricinus (castor)- en Avocado olie geven je wimpers dagelijks essenti\u00eble voedingsstoffen en hebben zowel een versterkende werking op de wimpers en het stimuleert de haargroei ervan. Voor sterke en gezonde wimpers<\/p>\n<h2>Beschrijving<\/h2>\n<p><strong>AANBEVOLEN AAN:<\/strong><\/p>\n<p>Ideaal voor dagelijks gebruik en is perfect voor degenen die een natuurlijke maar toch gedefinieerde look willen, met de extra genezende voordelen voor de wimpers.<\/p>\n<p><strong>GEBRUIK:<\/strong><\/p>\n<p>Breng de mascara vanaf de wortels tot aan de toppen van de wimpers aan in een zigzagbeweging voor een gelijkmatige dekking.<\/p>\n<p><strong>Ordeum vulgare stemwater (Hordeum Vulgare (gerst) stemwater)*:<\/strong>\u00a0Biologisch gerststengelwater, rijk aan antioxidanten en mineralen die de wimpers hydrateren en beschermen.<\/p>\n<p><strong>Brassica campestris\/Aleurites fordii oliecopolymeer: \u200b\u200b<\/strong>Copolymeer van natuurlijke oli\u00ebn die consistentie aan het product geeft en de hechting van de kleur aan de wimpers verbetert.<\/p>\n<p><strong>Gehydrogeneerde jojoba-olie:<\/strong>\u00a0gehydrogeneerde jojoba-olie, verzachtend middel dat de wimpers hydrateert en beschermt, waardoor ze zacht en flexibel worden.<\/p>\n<p><strong>Gehydrolyseerd ma\u00efszetmeel:<\/strong>\u00a0gehydrolyseerd ma\u00efszetmeel, dat de houdbaarheid en duurzaamheid van mascara op de wimpers verbetert.<\/p>\n<p><strong>Butyleenglycol:<\/strong>\u00a0bevochtigingsmiddel dat helpt de hydratatie van de wimpers te behouden.<\/p>\n<p><strong>Pullulan:<\/strong>\u00a0Natuurlijk polysacharide dat een beschermende film op de wimpers cre\u00ebert, waardoor hun weerstand wordt verbeterd.<\/p>\n<p><strong>Glycerylcaprylaat:<\/strong>\u00a0Verzachtend en conditionerend middel dat helpt de wimpers zacht en gehydrateerd te houden.<\/p>\n<p><strong>Ricinus communis zaadolie (Ricinus communis (Castor) zaadolie)*:<\/strong>\u00a0Biologische ricinusolie, bekend om zijn voedende en versterkende eigenschappen, stimuleert de groei van wimpers en maakt ze sterker en glanzender.<\/p>\n<p><strong>Candelillawas (Euphorbia cerifera (Candelilla) was):<\/strong>\u00a0Candelillawas, die structuur en grip geeft aan de mascara.<\/p>\n<p><strong>Sorbitol:<\/strong>\u00a0Natuurlijk bevochtigingsmiddel dat de wimpers gehydrateerd houdt.<\/p>\n<p><strong>Copernicia cerifera was (Copernicia cerifera (Carnauba) was)*:<\/strong>\u00a0Biologische carnaubawas, waardoor de mascara een romige textuur krijgt en lang blijft zitten.<\/p>\n<p><strong>Magnolia officinalis schorsextract (Magnolia officinalis schorsextract):<\/strong>\u00a0Magnolia schorsextract, met antioxiderende en antimicrobi\u00eble eigenschappen die de wimpers beschermen.<\/p>\n<p><strong>Acacia-senegalgom:<\/strong>\u00a0Acaciagom, dat helpt een beschermend laagje op de wimpers te cre\u00ebren, waardoor de mascara beter blijft zitten.<\/p>\n<p>&nbsp;<\/p>\n","protected":false},"excerpt":{"rendered":"<p>Onze gecertificeerde natuurlijke zwarte mascara is een innovatief product, geformuleerd met natuurlijke en biologische ingredi\u00ebnten, speciaal ontwikkeld, zowel voor de professional in de salon als voor thuis gebruik.<\/p>\n<p>Deze mascara verbetert niet alleen de schoonheid van je wimpers, maar biedt ook een genezende behandeling die de wimpers versterkt en voedt.<\/p>\n<p>Door de kracht van de biologische oli\u00ebn; Ricinus en Avocado, krijgen je wimpers een dagelijkse dosis essenti\u00eble voedingsstoffen. Deze ingredi\u00ebnten staan \u200b\u200bbekend om hun versterkende en stimulerende eigenschappen, die helpen de wimpers sterk en gezond te houden.<\/p>\n<p>Hij biedt een genezende behandeling die de wimpers versterkt en voedt.<\/p>\n<p>Ricinus (castor)- en Avocado olie geven je wimpers dagelijks essenti\u00eble voedingsstoffen en hebben zowel een versterkende werking op de wimpers en het stimuleert de haargroei ervan. Voor sterke en gezonde wimpers<\/p>\n","protected":false},"featured_media":2819,"template":"","meta":[],"product_brand":[],"product_cat":[147,249],"product_tag":[],"class_list":{"0":"post-2818","1":"product","2":"type-product","3":"status-publish","4":"has-post-thumbnail","6":"product_cat-lakshmi-ayurveda","7":"product_cat-open-oogverzorging","9":"first","10":"instock","11":"shipping-taxable","12":"purchasable","13":"product-type-simple"},"jetpack_sharing_enabled":true,"_links":{"self":[{"href":"https:\/\/skinperfection.nl\/index.php\/wp-json\/wp\/v2\/product\/2818","targetHints":{"allow":["GET"]}}],"collection":[{"href":"https:\/\/skinperfection.nl\/index.php\/wp-json\/wp\/v2\/product"}],"about":[{"href":"https:\/\/skinperfection.nl\/index.php\/wp-json\/wp\/v2\/types\/product"}],"wp:featuredmedia":[{"embeddable":true,"href":"https:\/\/skinperfection.nl\/index.php\/wp-json\/wp\/v2\/media\/2819"}],"wp:attachment":[{"href":"https:\/\/skinperfection.nl\/index.php\/wp-json\/wp\/v2\/media?parent=2818"}],"wp:term":[{"taxonomy":"product_brand","embeddable":true,"href":"https:\/\/skinperfection.nl\/index.php\/wp-json\/wp\/v2\/product_brand?post=2818"},{"taxonomy":"product_cat","embeddable":true,"href":"https:\/\/skinperfection.nl\/index.php\/wp-json\/wp\/v2\/product_cat?post=2818"},{"taxonomy":"product_tag","embeddable":true,"href":"https:\/\/skinperfection.nl\/index.php\/wp-json\/wp\/v2\/product_tag?post=2818"}],"curies":[{"name":"wp","href":"https:\/\/api.w.org\/{rel}","templated":true}]}}