{"id":2873,"date":"2025-03-19T06:27:10","date_gmt":"2025-03-19T06:27:10","guid":{"rendered":"https:\/\/skinperfection.nl\/?post_type=product&#038;p=2873"},"modified":"2025-03-29T00:00:04","modified_gmt":"2025-03-29T00:00:04","slug":"2873","status":"publish","type":"product","link":"https:\/\/skinperfection.nl\/index.php\/product\/2873\/","title":{"rendered":"Na\u00eff Cooling Aftersun"},"content":{"rendered":"<p>Heerlijk zo\u2019n dag vol zon. Naast dat je natuurlijk goed gesmeerd hebt met onze Na\u00eff zonnebrandcr\u00e8me of lotion, is het minstens zo belangrijk om de huid nazorg te geven met een kalmerende aftersun. Na\u00eff Verkoelende After Sun kalmeert en verkoelt de huid na een warme dag in de zon. Waar natuurlijke oli\u00ebn je huid voeden en beschermen, kiezen we voor een aftersun voor natuurlijke ingredi\u00ebnten als alo\u00eb vera en plantaardige glycerine. Deze geleiden de warmte van je huid naar buiten en hydrateren tegelijktijd. Hierdoor blijft zelfs de meest gevoelige huid zacht en soepel. Precies wat de huid nodig heeft na blootstelling aan UV stralen. Trekt snel in en zonder te plakken!<\/p>\n<p>Alle producten van Na\u00eff zijn gemaakt met natuurlijke ingredi\u00ebnten, vegan en dermatologisch getest. Ook bevatten ze geen microplastics<\/p>\n","protected":false},"excerpt":{"rendered":"<p>Heerlijk zo\u2019n dag vol zon. Naast dat je natuurlijk goed gesmeerd hebt met onze Na\u00eff zonnebrandcr\u00e8me of lotion, is het minstens zo belangrijk om de huid nazorg te geven met een kalmerende aftersun. Na\u00eff Verkoelende After Sun kalmeert en verkoelt de huid na een warme dag in de zon. Waar natuurlijke oli\u00ebn je huid voeden en beschermen, kiezen we voor een aftersun voor natuurlijke ingredi\u00ebnten als alo\u00eb vera en plantaardige glycerine. Deze geleiden de warmte van je huid naar buiten en hydrateren tegelijktijd. Hierdoor blijft zelfs de meest gevoelige huid zacht en soepel. Precies wat de huid nodig heeft na blootstelling aan UV stralen. Trekt snel in en zonder te plakken!<\/p>\n<p>Alle producten van Na\u00eff zijn gemaakt met natuurlijke ingredi\u00ebnten, vegan en dermatologisch getest. Ook bevatten ze geen microplastics<\/p>\n","protected":false},"featured_media":2875,"template":"","meta":[],"product_brand":[],"product_cat":[19],"product_tag":[371,294,293,372,373],"class_list":{"0":"post-2873","1":"product","2":"type-product","3":"status-publish","4":"has-post-thumbnail","6":"product_cat-zonverzorging-natuurlijke","7":"product_tag-after","8":"product_tag-bescherming","9":"product_tag-huid","10":"product_tag-sun","11":"product_tag-tere","13":"first","14":"instock","15":"shipping-taxable","16":"purchasable","17":"product-type-simple"},"jetpack_sharing_enabled":true,"_links":{"self":[{"href":"https:\/\/skinperfection.nl\/index.php\/wp-json\/wp\/v2\/product\/2873","targetHints":{"allow":["GET"]}}],"collection":[{"href":"https:\/\/skinperfection.nl\/index.php\/wp-json\/wp\/v2\/product"}],"about":[{"href":"https:\/\/skinperfection.nl\/index.php\/wp-json\/wp\/v2\/types\/product"}],"wp:featuredmedia":[{"embeddable":true,"href":"https:\/\/skinperfection.nl\/index.php\/wp-json\/wp\/v2\/media\/2875"}],"wp:attachment":[{"href":"https:\/\/skinperfection.nl\/index.php\/wp-json\/wp\/v2\/media?parent=2873"}],"wp:term":[{"taxonomy":"product_brand","embeddable":true,"href":"https:\/\/skinperfection.nl\/index.php\/wp-json\/wp\/v2\/product_brand?post=2873"},{"taxonomy":"product_cat","embeddable":true,"href":"https:\/\/skinperfection.nl\/index.php\/wp-json\/wp\/v2\/product_cat?post=2873"},{"taxonomy":"product_tag","embeddable":true,"href":"https:\/\/skinperfection.nl\/index.php\/wp-json\/wp\/v2\/product_tag?post=2873"}],"curies":[{"name":"wp","href":"https:\/\/api.w.org\/{rel}","templated":true}]}}