{"id":2895,"date":"2025-04-14T09:56:01","date_gmt":"2025-04-14T09:56:01","guid":{"rendered":"https:\/\/skinperfection.nl\/?post_type=product&#038;p=2895"},"modified":"2025-04-22T00:00:06","modified_gmt":"2025-04-22T00:00:06","slug":"zonbeschermingnaruurlijkkinderengevoelidgehuid","status":"publish","type":"product","link":"https:\/\/skinperfection.nl\/index.php\/product\/zonbeschermingnaruurlijkkinderengevoelidgehuid\/","title":{"rendered":"Na\u00eff Minerale Zonnebrandspray 0% parfum voor Baby &#038; Kids Factor 50 100ML"},"content":{"rendered":"<h5 class=\"heading-5\" data-v-9be15394=\"\">Informatie<\/h5>\n<div data-v-9be15394=\"\">\n<div class=\"content-translations leading-loose text-black\">Vernieuwde formule! Na\u00eff Minerale Zonnebrandspray SPF50 biedt direct hoge UVA- + UVB-bescherming voor de huid van baby &amp; kids. Doordat we gebruik maken van een UV-filter op basis van zinkoxide (mineraal) is er geen inwerktijd en kun je dus gelijk naar buiten. Ideaal. Ook zijn de producten water-resistent. Na het zwemmen wel weer even smeren graag.<\/p>\n<p>Hoe werkt minerale zonbescherming nu precies?<br \/>\nMineralen als zinkoxide leggen een laagje op de huid dat de zonnestralen weerkaatst. Ideaal voor de gevoelige huid van baby &amp; kids. Wel kan zinkoxide van nature een uitdrogend effect hebben op de huid. Daarom is de Na\u00eff zonnebrand gemaakt met natuurlijke oli\u00ebn die de huid hydrateren en soepel houden. In onze 2024 formule hebben we een extra booster toegevoegd om de zonnebrand nog fijner in gebruik te maken, zo blijven we altijd streven naar producten van de beste kwaliteit Minimale impact, maximale bescherming. Tip van ons: Mocht de huid droog aanvoelen, kan er na een zonnige dag na het wassen nog worden nagesmeerd met after sun of een hydraterende cr\u00e8me.<\/p>\n<p>Het is belangrijk de spray goed te schudden, zodat de zinkoxide zich kan mengen met de oli\u00ebn. Shake, shake, shake it!<\/p>\n<p>We adviseren baby\u2019s met name het eerste jaar zoveel mogelijk uit de zon te houden. Wij geloven dat schaduw de beste zonbescherming is, Na\u00eff zonnebrandcr\u00e8me komt daarna. Oftewel: shadow first, Na\u00eff second. Na\u00eff Zonbescherming is veilig te gebruiken voor de gevoelige huid van pasgeboren baby\u2019s. Alle producten van Na\u00eff zijn gemaakt met natuurlijke ingredi\u00ebnten, vegan en dermatologisch getest. Ook is alle zonbescherming koraalvriendelijk en bevat het geen microplastics. Koraalvriendelijk betekent voor ons dat we de volgende ingredi\u00ebnten niet gebruiken: oxybenzone, octinoxate, octocrylene, avobenzone.<\/p>\n<p>Zonbescherming tips:<br \/>\nSun smart! Optimale zonbescherming gaat verder dan het gebruiken van zonnebrandcr\u00e8me. Daarom hebben we nog een aantal tips:<\/p>\n<p>&#8211; Smeer genoeg zonnebrandcr\u00e8me, anders kan de factor niet worden gegarandeerd<br \/>\n&#8211; Vergeet de meestgemiste plekken niet: oren, neusvleugels, onderkant haarlijn, tenen en voeten<br \/>\n&#8211; Ook met zonnebrandcr\u00e8me wil je de zon vermijden tussen 12.00-15.00 uur<br \/>\n&#8211; Een hoed met nekflap, een zonnebril, een UV-shirt, een parasol &#8211; geen overbodige luxe tijdens een zonnige dag<br \/>\n&#8211; Smeer iedere twee uur en na het zwemmen opnieuw<\/p><\/div>\n<\/div>\n","protected":false},"excerpt":{"rendered":"<p>Vernieuwde formule! Na\u00eff Minerale Zonnebrandspray SPF50 biedt direct hoge UVA- + UVB-bescherming voor de huid van baby &amp; kids. Doordat we gebruik maken van een UV-filter op basis van zinkoxide (mineraal) is er geen inwerktijd en kun je dus gelijk naar buiten. Ideaal. Ook zijn de producten water-resistent. Na het zwemmen wel weer even smeren graag.<\/p>\n","protected":false},"featured_media":2896,"template":"","meta":[],"product_brand":[],"product_cat":[81,19],"product_tag":[],"class_list":{"0":"post-2895","1":"product","2":"type-product","3":"status-publish","4":"has-post-thumbnail","6":"product_cat-zonbescherming","7":"product_cat-zonverzorging-natuurlijke","9":"first","10":"instock","11":"shipping-taxable","12":"purchasable","13":"product-type-simple"},"jetpack_sharing_enabled":true,"_links":{"self":[{"href":"https:\/\/skinperfection.nl\/index.php\/wp-json\/wp\/v2\/product\/2895","targetHints":{"allow":["GET"]}}],"collection":[{"href":"https:\/\/skinperfection.nl\/index.php\/wp-json\/wp\/v2\/product"}],"about":[{"href":"https:\/\/skinperfection.nl\/index.php\/wp-json\/wp\/v2\/types\/product"}],"wp:featuredmedia":[{"embeddable":true,"href":"https:\/\/skinperfection.nl\/index.php\/wp-json\/wp\/v2\/media\/2896"}],"wp:attachment":[{"href":"https:\/\/skinperfection.nl\/index.php\/wp-json\/wp\/v2\/media?parent=2895"}],"wp:term":[{"taxonomy":"product_brand","embeddable":true,"href":"https:\/\/skinperfection.nl\/index.php\/wp-json\/wp\/v2\/product_brand?post=2895"},{"taxonomy":"product_cat","embeddable":true,"href":"https:\/\/skinperfection.nl\/index.php\/wp-json\/wp\/v2\/product_cat?post=2895"},{"taxonomy":"product_tag","embeddable":true,"href":"https:\/\/skinperfection.nl\/index.php\/wp-json\/wp\/v2\/product_tag?post=2895"}],"curies":[{"name":"wp","href":"https:\/\/api.w.org\/{rel}","templated":true}]}}