{"id":2907,"date":"2025-05-07T14:29:54","date_gmt":"2025-05-07T14:29:54","guid":{"rendered":"https:\/\/skinperfection.nl\/?post_type=product&#038;p=2907"},"modified":"2025-05-07T14:36:58","modified_gmt":"2025-05-07T14:36:58","slug":"lavendelolie-frankrijk-cultivar","status":"publish","type":"product","link":"https:\/\/skinperfection.nl\/index.php\/product\/lavendelolie-frankrijk-cultivar\/","title":{"rendered":"Lavendelolie, Frankrijk, cultivar"},"content":{"rendered":"<h2><strong>Verdamping in de ruimte<\/strong><\/h2>\n<p>De zoete, kruidige en bloemige geur van lavendel vinden veel mensen aangenaam. Een heerlijke olie om te verdampen om een relaxte sfeer te cre\u00ebren en om bij te ontspannen.<\/p>\n<p><strong>Beter slapen*<br \/>\n<\/strong>Lavendel staat bekend als natuurlijke rustgever. Lavendelolie bevordert een natuurlijke, gezonde slaap. Wanneer je lekker slaapt helpt dit om &#8217;s ochtends uitgerust wakker te worden. De geur van de echte lavendel, oftewel de essenti\u00eble olie van de lavendelplant, wordt al eeuwenlang ingezet om beter te slapen. Lees\u00a0<a href=\"https:\/\/www.chi.nl\/blog\/lavendelbeterslapen1\/\">hier<\/a>\u00a0waarom je beter slaapt met lavendel.<\/p>\n<p>Tip: om lekker te slapen kun je ook 1 druppeltje lavendelolie op je kussen druppelen. Maar nooit te veel gebruiken want anders wordt de olie stimulerend in werking.<\/p>\n<p><strong>Ontspanning*<br \/>\n<\/strong>Bij innerlijke onrust kan lavendelolie van grote waarde zijn. De olie werkt als een natuurlijke rustgever op de psyche.<\/p>\n<p><strong>Gezonde lucht*<\/strong><br \/>\nLavendel heeft van nature een anti-bacteri\u00eble werking. Inhalatie van de olie draagt bij aan gezonde luchtwegen en helpt om vrijer te ademen. Daarnaast heeft de olie een zuiverende werking op de luchtkwaliteit.<\/p>\n<p><em>*Gezondheidsclaim(s) in afwachting van goedkeuring door de Europese Commissie.\u00a0<\/em><\/p>\n<p><strong>In de zorg<\/strong><br \/>\nIn de ouderenzorg is lavendel \u00e9\u00e9n van de favoriete oli\u00ebn voor in de verdamper, ook omdat de geur voor veel ouderen herkenbaar is.<\/p>\n<p><strong>Gebruik:<br \/>\nIn de ultrasone verdamper:\u00a0<\/strong>3-10 druppels op het water in de verdamper druppelen.<br \/>\n<strong>In de Aroma Inhaler<\/strong>: 12 druppels op het katoenen staafje druppelen.<br \/>\n<strong>Op het geursteentje:\u00a0<\/strong>1 druppels om lekker te slapen. Tot 10 druppels voor gebruik van het steentje op toilet of kledingkast.<\/p>\n<h2><strong>Huidverzorging met lavendel<\/strong><\/h2>\n<p>In een huidolie kan lavendel van grote waarde zijn voor de huid:<\/p>\n<ul>\n<li>Ondersteunt het herstellend vermogen van de huid<\/li>\n<li>Bij een onzuivere huid<\/li>\n<li>Na het zonnen<\/li>\n<li>Bij puistjes<\/li>\n<li>Ter verzorging en verzachting van de huid bij insectenbeten<\/li>\n<\/ul>\n<p><strong>Op de huid:\u00a0<\/strong>maximaal een 2 &#8211; 10 % verdunning in een vette plantolie, dit betekent 40-200 druppels. \u00a0Kies eventueel voor een kant-en-klare massageolie zoals de Lavinchi Relax Massageolie of de Aromassage Lavender. Lavendelolie mag als een van de weinige essenti\u00eble oli\u00ebn eventueel puur, plaatselijk op de huid worden gebruikt. Bijvoorbeeld op een puistje of insectenbeet.<\/p>\n<p><strong>In bad:\u00a0<\/strong>Meng de etherische olie altijd met een emulgator of neutrale badolie. Gebruik maximaal 10 druppels in 10 ml badolie voor een vol bad. Of kies voor de kant-en-klare Lavinchi Badolie.<\/p>\n<p>Als het gaat om de rustgevende werking van lavendel wordt de\u00a0echte\u00a0lavendel (Lavandula angustifolia) bedoeld. Er zijn namelijk meer dan 40 verschillende soorten en kruisingen van lavendelsoorten die allemaal lavendel worden genoemd. Deze echte lavendel wordt tegenwoordig op vele plekken in de wereld gekweekt, maar het kerngebied ligt in het Middellandse Zeegebied. En dan met name in het zuiden van Frankrijk en Bulgarije. De plant groeit het liefst tussen de 800 en 1800 meter op goed doorlatende, kalkrijke grond.<\/p>\n<h2><strong>Over lavendelolie<\/strong><\/h2>\n<p>D\u00e9 echte bekende lavendelolie uit de Provence in Zuid-Frankrijk! Lavendel is de meest bekende en veelzijdige onder de etherische oli\u00ebn. De geur is zoet, kruidig en bloemig. Al vanaf de 15e eeuw wordt er lavendelolie gedestilleerd door middel van waterdamp. De licht gedroogde plant wordt gedestilleerd in grote ketels. In alle plantendelen bevinden zich de olieklieren met essenti\u00eble olie. Er zijn vele soorten lavendel en even zoveel lavendeloli\u00ebn. De echte etherische olie van lavendel staat bekend onder de namen Lavandula vera, Lavandula officinalis of Lavandula angustifolia. Voor een goede kwaliteit olie is tussen de 100 en 150 kilo lavendelbloemen nodig voor 1 liter! Bij een zeer goede oogst kan een lavendelboer misschien 25 liter olie destilleren van een hectare (dat is dus 10.000 m2) lavendelplanten! Echte lavendelolie kan daarom niet goedkoop zijn.<\/p>\n<p>Toen de olie in de 19e eeuw populair werd als parfum raakte deze echter op de achtergrond door het succes van de synthetische geurstoffen.\u00a0De \u2018herontdekking\u2019 van de kracht van lavendelolie kwam in 1930 toen de chemicus en parfumeur Gattefoss\u00e9 bij een explosie zijn hand verbrandde en de eerste \u2018verkoelende\u2019 vloeistof die hij onderhanden had gebruikte voor zijn hand: lavendel etherische olie. Het positieve effect van lavendel was eigenlijk het startsein voor modern wetenschappelijk onderzoek naar de werking van aromatherapie.<\/p>\n<p>Specificaties<br \/>\nKeurmerk Cultivar<br \/>\nbotanische naam Lavandula angustifolia \/ vera<br \/>\nAfkomst Frankrijk<br \/>\nPlantdeel Bloeiende plant<br \/>\nPlantfamilie Lipbloemigen (Lamiacea)<br \/>\nGeur Lavendel<br \/>\nBeleving Lekker slapen, Ontspannend<br \/>\nMerk Chi Natural Life<\/p>\n<p>&nbsp;<\/p>\n","protected":false},"excerpt":{"rendered":"<p>10 ml<\/p>\n<p>\u2022 Droom mee naar de Provence in Zuid-Frankrijk!<br \/>\n\u2022 De essenti\u00eble olie van lavendel helpt om lekker te slapen<br \/>\n\u2022 Lavendel is een natuurlijke rustgever en werkt ontspannend<br \/>\n\u2022 Ondersteunt herstellend vermogen van je huid<br \/>\n\u2022 Een fijne hulp bij puistjes<br \/>\n\u2022 100% natuurlijk en zuiver<\/p>\n","protected":false},"featured_media":2908,"template":"","meta":[],"product_brand":[],"product_cat":[17,370,84],"product_tag":[],"class_list":{"0":"post-2907","1":"product","2":"type-product","3":"status-publish","4":"has-post-thumbnail","6":"product_cat-chi-100-procent-natural-cosmetics","7":"product_cat-natuurlijke-biologische-olien","8":"product_cat-etherische-olien","10":"first","11":"instock","12":"shipping-taxable","13":"purchasable","14":"product-type-simple"},"jetpack_sharing_enabled":true,"_links":{"self":[{"href":"https:\/\/skinperfection.nl\/index.php\/wp-json\/wp\/v2\/product\/2907","targetHints":{"allow":["GET"]}}],"collection":[{"href":"https:\/\/skinperfection.nl\/index.php\/wp-json\/wp\/v2\/product"}],"about":[{"href":"https:\/\/skinperfection.nl\/index.php\/wp-json\/wp\/v2\/types\/product"}],"wp:featuredmedia":[{"embeddable":true,"href":"https:\/\/skinperfection.nl\/index.php\/wp-json\/wp\/v2\/media\/2908"}],"wp:attachment":[{"href":"https:\/\/skinperfection.nl\/index.php\/wp-json\/wp\/v2\/media?parent=2907"}],"wp:term":[{"taxonomy":"product_brand","embeddable":true,"href":"https:\/\/skinperfection.nl\/index.php\/wp-json\/wp\/v2\/product_brand?post=2907"},{"taxonomy":"product_cat","embeddable":true,"href":"https:\/\/skinperfection.nl\/index.php\/wp-json\/wp\/v2\/product_cat?post=2907"},{"taxonomy":"product_tag","embeddable":true,"href":"https:\/\/skinperfection.nl\/index.php\/wp-json\/wp\/v2\/product_tag?post=2907"}],"curies":[{"name":"wp","href":"https:\/\/api.w.org\/{rel}","templated":true}]}}