{"id":2992,"date":"2025-06-28T14:50:11","date_gmt":"2025-06-28T14:50:11","guid":{"rendered":"https:\/\/skinperfection.nl\/?post_type=product&#038;p=2992"},"modified":"2025-10-15T16:59:48","modified_gmt":"2025-10-15T16:59:48","slug":"dermoplant-cicargent-creme-50ml","status":"publish","type":"product","link":"https:\/\/skinperfection.nl\/index.php\/product\/dermoplant-cicargent-creme-50ml\/","title":{"rendered":"DermoPlant CicArgent Cr\u00e8me 50ml"},"content":{"rendered":"<p><strong>MET AZELA\u00cfNEZUUR, SALICYLZUUR EN ZILVER POEDER \u2013 50ML<\/strong><\/p>\n<p>CicArgent Cream bevordert de genezing van de huid, zowel aan de oppervlakte als in de diepte. Met een lichte, aangename textuur en verzachtende eigenschappen, kalmeert het de ge\u00efrriteerde en jeukende huid en beschermt het tegelijkertijd. CicArgent Cr\u00e8me is geschikt voor alle huidtypes, in het bijzonder voor de huid die gevoelig is voor acne of die last heeft van rosacea en dermatitis. Allergeenvrij, alcoholvrij, geurvrij en zonder essenti\u00eble oli\u00ebn. Kortom: een multifunctionele cr\u00e8me, voor uiteenlopende huidproblemen.<\/p>\n<p><strong>BELANGRIJKSTE EFFECTEN<\/strong><\/p>\n<ul>\n<li>Gezonde, verzachte huid; hersteld in oude staat<\/li>\n<li>Versterkte zelfbeschermingsfunctie voor alle huidlagen<\/li>\n<li>Minder talgproductie en remming van acnebacteri\u00ebn<\/li>\n<li>Verlicht eczeem, inflammatoire dermatitis en rosacea<\/li>\n<\/ul>\n<p>&nbsp;<\/p>\n<p><strong>AANBEVOLEN VOOR<\/strong><\/p>\n<p>\u00b7\u00a0\u00a0\u00a0\u00a0\u00a0 Alle huidtypes<\/p>\n<p>\u00b7\u00a0\u00a0\u00a0\u00a0\u00a0 Geschikt voor de vette, gemengde, vochtarme, acne-gevoelige huid, gestreste huid, eczeem, psoriasis en zonnebrand<\/p>\n<p>\u00b7\u00a0\u00a0\u00a0\u00a0\u00a0 Alle generaties: voor de genezing van de rijpe huid, maar ook voor de reparatie van een jongere huid<\/p>\n<p>\u00b7\u00a0\u00a0\u00a0\u00a0\u00a0 Alle seizoenen<\/p>\n<p>\u00b7\u00a0\u00a0\u00a0\u00a0\u00a0 Dag en\/of nacht<\/p>\n<p>&nbsp;<\/p>\n","protected":false},"excerpt":{"rendered":"<p><strong>MET AZELA\u00cfNEZUUR, SALICYLZUUR EN ZILVER POEDER \u2013 50ML<\/strong><\/p>\n<p>CicArgent Cream bevordert de genezing van de huid, zowel aan de oppervlakte als in de diepte. Met een lichte, aangename textuur en verzachtende eigenschappen, kalmeert het de ge\u00efrriteerde en jeukende huid en beschermt het tegelijkertijd. CicArgent Cr\u00e8me is geschikt voor alle huidtypes, in het bijzonder voor de huid die gevoelig is voor acne of die last heeft van rosacea en dermatitis. Allergeenvrij, alcoholvrij, geurvrij en zonder essenti\u00eble oli\u00ebn. Kortom: een multifunctionele cr\u00e8me, voor uiteenlopende huidproblemen.<\/p>\n","protected":false},"featured_media":2991,"template":"","meta":[],"product_brand":[],"product_cat":[386,147],"product_tag":[387],"class_list":{"0":"post-2992","1":"product","2":"type-product","3":"status-publish","4":"has-post-thumbnail","6":"product_cat-gevoelige-intolerante-ofprobleemhuid","7":"product_cat-lakshmi-ayurveda","8":"product_tag-ontstekingen-rosacea-eczeem-zonnebrand","10":"first","11":"instock","12":"shipping-taxable","13":"purchasable","14":"product-type-simple"},"jetpack_sharing_enabled":true,"_links":{"self":[{"href":"https:\/\/skinperfection.nl\/index.php\/wp-json\/wp\/v2\/product\/2992","targetHints":{"allow":["GET"]}}],"collection":[{"href":"https:\/\/skinperfection.nl\/index.php\/wp-json\/wp\/v2\/product"}],"about":[{"href":"https:\/\/skinperfection.nl\/index.php\/wp-json\/wp\/v2\/types\/product"}],"wp:featuredmedia":[{"embeddable":true,"href":"https:\/\/skinperfection.nl\/index.php\/wp-json\/wp\/v2\/media\/2991"}],"wp:attachment":[{"href":"https:\/\/skinperfection.nl\/index.php\/wp-json\/wp\/v2\/media?parent=2992"}],"wp:term":[{"taxonomy":"product_brand","embeddable":true,"href":"https:\/\/skinperfection.nl\/index.php\/wp-json\/wp\/v2\/product_brand?post=2992"},{"taxonomy":"product_cat","embeddable":true,"href":"https:\/\/skinperfection.nl\/index.php\/wp-json\/wp\/v2\/product_cat?post=2992"},{"taxonomy":"product_tag","embeddable":true,"href":"https:\/\/skinperfection.nl\/index.php\/wp-json\/wp\/v2\/product_tag?post=2992"}],"curies":[{"name":"wp","href":"https:\/\/api.w.org\/{rel}","templated":true}]}}