{"id":3001,"date":"2025-06-28T15:12:10","date_gmt":"2025-06-28T15:12:10","guid":{"rendered":"https:\/\/skinperfection.nl\/?post_type=product&#038;p=3001"},"modified":"2025-10-15T16:57:39","modified_gmt":"2025-10-15T16:57:39","slug":"dermoplant-celeste-rich-lifting-creme-50ml","status":"publish","type":"product","link":"https:\/\/skinperfection.nl\/index.php\/product\/dermoplant-celeste-rich-lifting-creme-50ml\/","title":{"rendered":"DermoPlant C\u00c9LESTE RICH LIFTING CREME 50ml"},"content":{"rendered":"<p>MET HIBISCUS EXTRACT EN ARGAN EIWIT \u2013 50 ML<\/p>\n<p>C\u00e9leste Rich Lifting Cr\u00e8me is een allergeenvrije, zeer actieve cr\u00e8me voor een gehydrateerde en verjongde huid. De actieve ingredi\u00ebnten in de cr\u00e8meformule versterken de natuurlijke collageen- en elasticiteit van de huid, terwijl ze liften en hydrateren. Het uitgebalanceerde gehalte aan tarwekiemolie, amandelolie en abrikozenolie vervangt het natuurlijke huidtalg, voor een zeer verzachtend effect.<\/p>\n<p><strong>BELANGRIJKSTE EFFECTEN<\/strong><\/p>\n<ul>\n<li>Revitaliseert de getekende of vermoeide huid.<\/li>\n<li>Huidopvullend en verzachtend effect door de natuurlijke structuur van de huid opnieuw te verdichten.<\/li>\n<li>Zichtbaar liftend effect door rimpellengte, diepte en volume te verminderen.<\/li>\n<li>Intense hydratatie voedend.<\/li>\n<li>Vecht actief tegen veroudering door rimpels te verminderen, de huid te verstevigen en uw gezicht te verlichten terwijl het verzacht.<\/li>\n<li>Schoonheidsopenbaring; het beschermt tegen vrije radicalen en dagelijkse agressies dankzij het gehalte aan actieve stoffen van natuurlijke oorsprong.<\/li>\n<li>Het wordt snel geabsorbeerd en zorgt voor hydratatie en onge\u00ebvenaarde zachtheid voor uw huid, zonder een vettig laagje achter te laten.<\/li>\n<\/ul>\n<p>&nbsp;<\/p>\n<ul>\n<li><\/li>\n<\/ul>\n","protected":false},"excerpt":{"rendered":"<p>MET HIBISCUS EXTRACT EN ARGAN EIWIT \u2013 50 ML<\/p>\n<p>C\u00e9leste Rich Lifting Cr\u00e8me is een allergeenvrije, zeer actieve cr\u00e8me voor een gehydrateerde en verjongde huid. De actieve ingredi\u00ebnten in de cr\u00e8meformule versterken de natuurlijke collageen- en elasticiteit van de huid, terwijl ze liften en hydrateren. Het uitgebalanceerde gehalte aan tarwekiemolie, amandelolie en abrikozenolie vervangt het natuurlijke huidtalg, voor een zeer verzachtend effect.<\/p>\n<p><strong>AANBEVOLEN VOOR<\/strong><\/p>\n<ul>\n<li>Rijpe en gevoelige huid vanaf 45 jaar, alle soorten<\/li>\n<li>Speciaal aanbevolen voor de vochtarme, getekende en gedevitaliseerde huid (zelfs voor een door rook aangetaste huid) die zich gedraagt als in de winter<\/li>\n<li>Alle seizoenen<\/li>\n<li>Dag en\/of nacht<\/li>\n<\/ul>\n","protected":false},"featured_media":3002,"template":"","meta":[],"product_brand":[],"product_cat":[386],"product_tag":[],"class_list":{"0":"post-3001","1":"product","2":"type-product","3":"status-publish","4":"has-post-thumbnail","6":"product_cat-gevoelige-intolerante-ofprobleemhuid","8":"first","9":"instock","10":"shipping-taxable","11":"purchasable","12":"product-type-simple"},"jetpack_sharing_enabled":true,"_links":{"self":[{"href":"https:\/\/skinperfection.nl\/index.php\/wp-json\/wp\/v2\/product\/3001","targetHints":{"allow":["GET"]}}],"collection":[{"href":"https:\/\/skinperfection.nl\/index.php\/wp-json\/wp\/v2\/product"}],"about":[{"href":"https:\/\/skinperfection.nl\/index.php\/wp-json\/wp\/v2\/types\/product"}],"wp:featuredmedia":[{"embeddable":true,"href":"https:\/\/skinperfection.nl\/index.php\/wp-json\/wp\/v2\/media\/3002"}],"wp:attachment":[{"href":"https:\/\/skinperfection.nl\/index.php\/wp-json\/wp\/v2\/media?parent=3001"}],"wp:term":[{"taxonomy":"product_brand","embeddable":true,"href":"https:\/\/skinperfection.nl\/index.php\/wp-json\/wp\/v2\/product_brand?post=3001"},{"taxonomy":"product_cat","embeddable":true,"href":"https:\/\/skinperfection.nl\/index.php\/wp-json\/wp\/v2\/product_cat?post=3001"},{"taxonomy":"product_tag","embeddable":true,"href":"https:\/\/skinperfection.nl\/index.php\/wp-json\/wp\/v2\/product_tag?post=3001"}],"curies":[{"name":"wp","href":"https:\/\/api.w.org\/{rel}","templated":true}]}}