{"id":3016,"date":"2025-07-05T12:39:19","date_gmt":"2025-07-05T12:39:19","guid":{"rendered":"https:\/\/skinperfection.nl\/?post_type=product&#038;p=3016"},"modified":"2025-07-05T12:39:20","modified_gmt":"2025-07-05T12:39:20","slug":"lakshmi-antiage-gezichtscreme-extreme-gold-spf15-50-ml","status":"publish","type":"product","link":"https:\/\/skinperfection.nl\/index.php\/product\/lakshmi-antiage-gezichtscreme-extreme-gold-spf15-50-ml\/","title":{"rendered":"Lakshmi | AntiAge Gezichtscr\u00e8me \u2013 Extreme Gold SPF15 | 50 ml"},"content":{"rendered":"<h2>Beschrijving<\/h2>\n<p>\u2022 AntiAge Extreme Gold Cream SPF15 verbetert de elasticiteit van de huid met een langdurige hydraterende werking.<br \/>\n\u2022 Actieve herstellende ingredi\u00ebnten zoals Alo\u00eb, Kaasjeskruid, Mallow, Roos, Hyaluronzuur.<br \/>\n\u2022 Met Pentavitin, een complex van natuurlijke suikers dat onmiddellijke diepe hydratatie geeft, waarvan het effect 72 uur aanhoudt.<br \/>\n\u2022 Bevat microdeeltjes goud die oplossen in de huid, waardoor deze haar jeugdigheid en vitaliteit terug krijgt.<br \/>\n\u2022 Stimuleert vertraagde verdedigingsmechanismen in de huid en bestrijd vrije radicalen die door stress veroorzaakt worden.<br \/>\n\u2022 Voor de droge, rijpere of gestresste futloze huid, waarbij het nodig is om de vitaliteit te stimuleren en het immuunsysteem te versterken.<br \/>\n\u2022 Natuurlijke ingredi\u00ebnten versterken de huid door een betere dichtheid, elasticiteit en uitstraling te geven.<br \/>\n\u2022 Zeer aangename en romige textuur, die zich goed laat uitsmeren en snel intrekt.<br \/>\n\u2022 Zacht en comfortabel, geeft een droge en rijpe huid een heerlijk gevoel van welzijn en een onmiddellijk frissere uitstraling.<br \/>\n\u2022 De speciale SPF15 zonnefilter met UVA- en UVB-filters voorkomt verdere huidveroudering door UV-straling en het verschijnen van donkere vlekjes.<\/p>\n<p>Inhoud: airless pompflacon 50 ml<\/p>\n<p>Lakshmi is gecertificeerd biologisch, en bevat een hoge concentratie werkzame stoffen uit de natuur. Unieke Ayurveda formules met kruiden en etherische olie. Niet op dieren getest. Vegan en duurzaam geproduceerd met gerecyclede verpakking. Zonder microplastic, siliconen, parabenen en aardolie. Beter voor jou en de planeet!<\/p>\n<h2>Hoe gebruik je Lakshmi AntiAge Extreme Gold Cream?<\/h2>\n<p>Gebruik na het schoonmaken met\u00a0<a href=\"https:\/\/www.lakshmi.nl\/product\/hydra-extreme-milk-200-ml\/\">AntiAge Reinigingsmelk<\/a>\u00a0en\u00a0<a href=\"https:\/\/www.lakshmi.nl\/product\/equilibrium-tonic-200-ml\/\">AntiAge Tonic<\/a>.<\/p>\n<p>Breng \u2018s ochtends een dun laagje Extreme Gold Cream aan over het hele gezicht en hals, licht inmasseren tot het volledig is opgenomen.<\/p>\n<p>AntiAge Extreme Gold Gezichtscr\u00e8me kun je het beste overdag gebruiken als dagcr\u00e8me, vanwege de aanwezige zonnefilters. Gebruik voor \u2018s avonds de bijpassende\u00a0<a href=\"https:\/\/www.lakshmi.nl\/product\/timeless-cream-50-ml\/\">AntiAge Timeless Cream<\/a>\u00a0of\u00a0<a href=\"https:\/\/www.lakshmi.nl\/product\/rich-repair-olie-30-ml\/\">AntiAge Rich Oil<\/a>.<\/p>\n<p>Geschikt voor alle huidtypes, in het bijzonder de veeleisende rijpere huid, of bij tekenen van stress en vermoeidheid. Deze cream is aan te bevelen als je regelmatig buiten bent, en dus een goede dagelijkse bescherming nodig hebt tegen UV straling, vervuiling, kou en wind. Gebruik het hele jaar door, ook in de winter of als het bewolkt is.<\/p>\n<p>Waarschuwingen: huidcosmetica voor uitwendig gebruik. Niet aanbrengen op een beschadigde huid. Vermijd contact met de ogen; bij contact met de ogen onmiddellijk spoelen met water. Buiten bereik van kinderen houden. Niet blootstellen aan zonlicht. Bewaar op kamertemperatuur.<\/p>\n<p>&nbsp;<\/p>\n<p><strong>BELANGRIJKE INGREDI\u00cbNTEN<\/strong><\/p>\n<p class=\"tw-data-text\"><strong>Pentavitin (<\/strong>Saccharide-isomeraat) is een koolhydraat (suiker) complex dat sterk aan het huidoppervlak bindt en zelfs in een zeer droge omgeving vocht vasthoudt. Pentavitin is daarom een \u200b\u200bhuidhydratatieregulator op basis van koolhydraten van natuurlijke oorsprong (100% natuurlijk, zonder conserveermiddelen, gecertificeerd door NATRUE en goedgekeurd door ECOCERT) vergelijkbaar met die aanwezig in de oppervlakkige laag van de opperhuid. Deze stoffen binden watermoleculen en zorgen voor een constante aanvoer van hydratatie in de huid. De test onder consumenten bevestigt dat na 2 weken gebruik de zachtheid en gladheid van de huid met 50% zijn verbeterd, de merkbare schilfering met meer dan 50% is verminderd, de jeuk met 50% en het gevoel van huidverstrakking.<\/p>\n<p class=\"tw-data-text\"><strong>Sorbitan Olivaat<\/strong>\u00a0is een zelfemulgator afgeleid van olijfolie van de nieuwe generatie die in staat is om emulsies te cre\u00ebren die zijdezacht aanvoelen, gecombineerd met hydraterende eigenschappen en een goede gladheid. De belangrijkste voordelen zijn: verfrissend en verzachtend effect, hydraterende werking, bescherming van de actieve ingredi\u00ebnten en hun gemakkelijke en snelle opname door de huid. Arganolie is een van de belangrijkste oli\u00ebn voor huidverjonging dankzij het gehalte aan vitamine E en verschillende essenti\u00eble vetzuren. Dankzij de intrinsieke samenstelling is deze olie zeer verzachtend en stimuleert ze celvernieuwing; recente studies hebben aangetoond dat het antioxidanten bevat die veroudering tegengaan.<\/p>\n<p class=\"tw-data-text\"><strong>Shea Butter<\/strong>\u00a0hydrateert, regenereert en beschermt de huid. Rijk aan vitamine A en D om te revitaliseren, vitamine E voor re-oxygenatie en vitamine F voor elasticiteit van de huid. Het verbetert de lokale capillaire circulatie en verhoogt de zuurstofvoorziening om metabolisch afval te elimineren. Het heeft een antioxiderende kracht. Beschermt tegen uv-straling. Voedende en beschermende cacaoboter dankzij de samenstelling van vetzuren, het bevat ook polyfenolen die vrije radicalen tegengaan, vitamine E, een natuurlijke antioxidant, fytosterolen met herstellende en ontstekingsremmende werking en squaleen, een van de belangrijkste bestanddelen van talg dat de meest oppervlakkige laag van de opperhuid die de verdamping van water vertraagt.<\/p>\n<p class=\"tw-data-text\"><strong>Alo\u00eb Barbadensis<\/strong>\u00a0bestaat voornamelijk uit polysacchariden, fytosterolen, vitamines, enzymen, sporenelementen en aminozuren, werkt voornamelijk als huidbevochtiger en verzachtend, maar heeft ook antischimmel- en antimicrobi\u00eble eigenschappen. Het is rijk aan mucopolysacchariden en vormt een beschermende film op de huid, waardoor het de functie van een uitstekend vochtinbrengend middel kan vervullen. Traditioneel heeft Alo\u00eb genezende, kalmerende en roodheid verminderende eigenschappen. De componenten van Alo\u00eb zijn ook in staat om de productie van collageen en elastine te stimuleren en zo de effecten van huidveroudering tegen te gaan.<\/p>\n<p class=\"tw-data-text\"><strong>Kaasjeskruid extract (MALLOW)\u00a0<\/strong>de bloemen en bladeren bevatten slijmstoffen, anthocyanen, flavono\u00efden, aminozuren, polyfenolen, vitamine A \u2013 B \u2013 C \u2013 E. Kaasjeskruid slijmstoffen zijn in staat (alleen of gecombineerd) om een \u200b\u200bbreed scala aan esthetische problemen positief te be\u00efnvloeden. Als vochtinbrengende, verzachtende, beschermende, is het erg handig voor de droge, gevoelige, prikkelbare huid, om de eerste rimpels te behandelen, voor een ruwe huid.<\/p>\n<p class=\"tw-data-text\"><strong>Altea-wortelextract<\/strong>, rijk aan slijmstoffen en pectines, is daarom uitgerust met uitstekende hydraterende eigenschappen.<\/p>\n<p class=\"tw-data-text\"><strong>Damask Rose Oil<\/strong>\u00a0is magisch vanwege zijn krachtige, bloemige, omhullende geur en is ook de bondgenoot van alle huidtypes om de tekenen van veroudering te voorkomen en tegen te gaan.<\/p>\n<p class=\"tw-data-text\"><strong>Natriumhyaluronaat<\/strong>\u00a0dankzij zijn hoge affiniteit met water, vormt natriumhyaluronaat, wanneer het op de huid wordt aangebracht, een dunne film die het glad en gehydrateerd houdt. Bovendien kunnen de kleinste moleculen doordringen in de onderhuidse lagen, waardoor de weefsels steviger worden en rimpels tijdelijk worden opgevuld en gladgestreken.<\/p>\n<p class=\"tw-data-text\"><strong>Goud,\u00a0<\/strong>de microdeeltjes van goud ondersteunen de defensieve energie van de huid en helpen de natuurlijke afbraak van collageen en elastine te vertragen. Het herstelt de stevigheid en helderheid van de huid, met een delicate gladmakende werking.<\/p>\n<p class=\"tw-data-text\"><strong>UVA-UVB Zonnefilters met Spf 15,\u00a0<\/strong>zijn de nieuwste generatie zonnefilters die bijzonder goed worden verdragen door de huid om bescherming te bieden tegen UVA-stralen (verantwoordelijk voor fotoveroudering) en UVB die zonnebrand en erytheem veroorzaken.<\/p>\n<p>Aqua [Water] (Eau), Undecane, Diethylamino-hydroxybenzoylhexylbenzoaat, Ethylhexylmethoxycinnamaat, Sorbitaan-olivaat, Cetearylalcohol, Cetearylglucoside, Argania spinosa-olie, Butyrospermum parkii (Shea) pitboter, Myristyloma) boterristacao, Myrista-boter Beta\u00efne, Tridecaan, Cetylpalmitaat, Benzylalcohol, Sorbitanpalmitaat, Parfum [Geur], Ureum, Natriumlevulinaat, Natriumanisaat, Natriumcetearylsulfaat, Saccharide-isomeraat, Xanthaangom, Glycerine, Melkzuur, Natriumhyaluronaat, Rosa damascena bloemextract (* ), Alo\u00eb barbadensisblad extract (*), Malva sylvestris (Kaasjeskruid) bloem \/ blad extract (*), Hydroxycitronellal, Althaea officinalis wortelextract (*), Tocoferol, Citroenzuur, Natriumcitraat, Farnesol, Linalool, Citrus aurantium amara (Bitter sinaasappel) bloemolie, Goud, Rosa damascena bloemolie* van biologische landbouwVEGAN KWALITEITSCERTIFICAAT<\/p>\n","protected":false},"excerpt":{"rendered":"<p>Lakshmi AntiAge Extreme Gold Cream SPF15 verbetert de elasticiteit van de huid met een langdurige hydraterende werking. Actieve herstellende ingredi\u00ebnten zoals Alo\u00eb, Kaasjeskruid, Mallow, Roos, Hyaluronzuur. Met Pentavitin, een complex van natuurlijke suikers dat onmiddellijke diepe hydratatie geeft, waarvan het effect 72 uur aanhoudt. Bevat microdeeltjes goud die oplossen in de huid, waardoor deze haar jeugdigheid en vitaliteit terug krijgt. Zacht en comfortabel, geeft een droge en rijpe huid een heerlijk gevoel van welzijn en een onmiddellijk frissere uitstraling. De speciale SPF15 zonnefilter met UVA- en UVB-filters voorkomt verdere huidveroudering door UV-straling en het verschijnen van donkere vlekjes.<\/p>\n","protected":false},"featured_media":3018,"template":"","meta":[],"product_brand":[],"product_cat":[388,147],"product_tag":[],"class_list":{"0":"post-3016","1":"product","2":"type-product","3":"status-publish","4":"has-post-thumbnail","6":"product_cat-antiagelakshmi","7":"product_cat-lakshmi-ayurveda","9":"first","10":"instock","11":"shipping-taxable","12":"purchasable","13":"product-type-simple"},"jetpack_sharing_enabled":true,"_links":{"self":[{"href":"https:\/\/skinperfection.nl\/index.php\/wp-json\/wp\/v2\/product\/3016","targetHints":{"allow":["GET"]}}],"collection":[{"href":"https:\/\/skinperfection.nl\/index.php\/wp-json\/wp\/v2\/product"}],"about":[{"href":"https:\/\/skinperfection.nl\/index.php\/wp-json\/wp\/v2\/types\/product"}],"wp:featuredmedia":[{"embeddable":true,"href":"https:\/\/skinperfection.nl\/index.php\/wp-json\/wp\/v2\/media\/3018"}],"wp:attachment":[{"href":"https:\/\/skinperfection.nl\/index.php\/wp-json\/wp\/v2\/media?parent=3016"}],"wp:term":[{"taxonomy":"product_brand","embeddable":true,"href":"https:\/\/skinperfection.nl\/index.php\/wp-json\/wp\/v2\/product_brand?post=3016"},{"taxonomy":"product_cat","embeddable":true,"href":"https:\/\/skinperfection.nl\/index.php\/wp-json\/wp\/v2\/product_cat?post=3016"},{"taxonomy":"product_tag","embeddable":true,"href":"https:\/\/skinperfection.nl\/index.php\/wp-json\/wp\/v2\/product_tag?post=3016"}],"curies":[{"name":"wp","href":"https:\/\/api.w.org\/{rel}","templated":true}]}}