{"id":3110,"date":"2025-10-17T19:30:21","date_gmt":"2025-10-17T19:30:21","guid":{"rendered":"https:\/\/skinperfection.nl\/?post_type=product&#038;p=3110"},"modified":"2025-10-17T19:30:22","modified_gmt":"2025-10-17T19:30:22","slug":"coriander-masker","status":"publish","type":"product","link":"https:\/\/skinperfection.nl\/index.php\/product\/coriander-masker\/","title":{"rendered":"Coriander masker"},"content":{"rendered":"<ul>\n<li id=\"tw-target-text\" class=\"tw-data-text tw-text-large tw-ta\" dir=\"ltr\" data-placeholder=\"Translation\"><span class=\"Y2IQFc\" lang=\"nl\">Een cr\u00e8me masker met een unieke formule die het comfort en de uitstraling van de huid herstelt.<\/span><\/li>\n<li class=\"tw-data-text tw-text-large tw-ta\" dir=\"ltr\" data-placeholder=\"Translation\"><span class=\"Y2IQFc\" lang=\"nl\">De combinatie van actieve ingredi\u00ebnten in het masker, zoals Alo\u00eb-extract, Shea Butter, Damascus Rose essenti\u00eble olie en Koriander, wordt gecombineerd om de schoonheid van de gevoelige huid te herstellen.<\/span><\/li>\n<li class=\"tw-data-text tw-text-large tw-ta\" dir=\"ltr\" data-placeholder=\"Translation\"><span class=\"Y2IQFc\" lang=\"nl\">Een masker dat een fris gevoel geeft aan de teint en aan de geest.<\/span><\/li>\n<\/ul>\n","protected":false},"excerpt":{"rendered":"<p>Inhoud 100 ml<\/p>\n","protected":false},"featured_media":3111,"template":"","meta":[],"product_brand":[],"product_cat":[147,346],"product_tag":[292,293,395,302],"class_list":{"0":"post-3110","1":"product","2":"type-product","3":"status-publish","4":"has-post-thumbnail","6":"product_cat-lakshmi-ayurveda","7":"product_cat-pitta-gevoelige-overprikkelde-huid","8":"product_tag-gevoelige","9":"product_tag-huid","10":"product_tag-masker","11":"product_tag-voor","13":"first","14":"instock","15":"shipping-taxable","16":"purchasable","17":"product-type-simple"},"jetpack_sharing_enabled":true,"_links":{"self":[{"href":"https:\/\/skinperfection.nl\/index.php\/wp-json\/wp\/v2\/product\/3110","targetHints":{"allow":["GET"]}}],"collection":[{"href":"https:\/\/skinperfection.nl\/index.php\/wp-json\/wp\/v2\/product"}],"about":[{"href":"https:\/\/skinperfection.nl\/index.php\/wp-json\/wp\/v2\/types\/product"}],"wp:featuredmedia":[{"embeddable":true,"href":"https:\/\/skinperfection.nl\/index.php\/wp-json\/wp\/v2\/media\/3111"}],"wp:attachment":[{"href":"https:\/\/skinperfection.nl\/index.php\/wp-json\/wp\/v2\/media?parent=3110"}],"wp:term":[{"taxonomy":"product_brand","embeddable":true,"href":"https:\/\/skinperfection.nl\/index.php\/wp-json\/wp\/v2\/product_brand?post=3110"},{"taxonomy":"product_cat","embeddable":true,"href":"https:\/\/skinperfection.nl\/index.php\/wp-json\/wp\/v2\/product_cat?post=3110"},{"taxonomy":"product_tag","embeddable":true,"href":"https:\/\/skinperfection.nl\/index.php\/wp-json\/wp\/v2\/product_tag?post=3110"}],"curies":[{"name":"wp","href":"https:\/\/api.w.org\/{rel}","templated":true}]}}