{"id":492,"date":"2020-05-27T11:17:21","date_gmt":"2020-05-27T11:17:21","guid":{"rendered":"http:\/\/www.skinperfection.nl\/?post_type=product&#038;p=492"},"modified":"2025-03-01T00:00:04","modified_gmt":"2025-03-01T00:00:04","slug":"cec-peeling-happiness","status":"publish","type":"product","link":"https:\/\/skinperfection.nl\/index.php\/product\/cec-peeling-happiness\/","title":{"rendered":"CEC Peeling Happiness"},"content":{"rendered":"<p>De peeling heeft een zachte basis van jojoba, sheabutter en kokos, waar fijn himalayazout, witte klei en bergkristalpoeder aan toegevoegd is. Daarnaast is de bijzondere sacha inchi olie ook belangrijk ingredi\u00ebnt van dit product en maken we gebruik van de essenti\u00eble oli\u00ebn van . De peeling verwijdert dode huidcellen en vooral door toevoeging van himalayazout wordt de huid gestimuleerd om het vochtgehalte op peil gehouden. De peeling is eenvoudig te verwijderen door water toe te voegen, zo lossen de fijne korreltjes himalayazout op. Daarna kun je de peeling per huidtype afstemmen \u00e9n je bespaart tijd omdat je de peeling niet volledig hoeft te verwijderen. Na oplossen van de zoutkorreltjes laat de bijenwas een fluweelzacht laagje achter op de huid en maakt deze soepel en zacht. De huid is na de peeling schoon, fris, veerkrachtiger en stralend.<\/p>\n<h2>Gebruik<\/h2>\n<p>Gebruik voor het gelaat ongeveer een halve theelepel peeling. Breng het product licht roterend en masserend aan op de huid. Is de peeling te intensief? Los dan de zoutkorreltjes op door een kleine hoeveelheid water op de huid aan te brengen. Verwijder na het inmasseren de peeling met een vochtig kompres. De fijne korreltjes zout lossen namelijk op na het toevoegen van water. Op deze manier blijven er geen restanten meer over.<\/p>\n<p><strong>Let op<\/strong>: vermijd contact met de ogen.<\/p>\n<h2>Over de ingredi\u00ebnten<\/h2>\n<p><strong>Over jojoba:<\/strong>\u00a0Wij kiezen in bijna al onze producten voor de toevoeging van jojobawas en dat is niet voor niets! Jojoba is een fantastische huidverzorger en \u2013beschermer. Het feit dat jojoba bij zowel vette als droge huidproblemen haar waarde heeft bewezen, zegt iets over de veelzijdigheid van jojoba.<\/p>\n<p>Over witte klei: Witte klei is de mildste en zachtste klei onder de kleisoorten. Het heeft dezelfde reinigende eigenschappen als de groene klei , maar dan minder sterk waardoor het veel zachter is voor de huid. Door de zachtheid van witte klei is deze speciaal geschikt voor de gevoelige huid en de baby- en kinderhuid. Echte witte klei is 100% door de natuur samengesteld in en onbewerkt.<\/p>\n<p><strong>Over himalaya zout:<\/strong>\u00a0Himalayazout is ongelofelijk rijk aan mineralen en sporenelementen die zeer goed kunnen worden opgenomen door het lichaam. Dit energetische zout is meer dan\u00a0250 miljoen jaar oud\u00a0en gewonnen op\u00a02000 meter\u00a0hoogte.\u00a0Himalayazout reinigt de huid, de pH waarde van de huid wordt in evenwicht gebracht en rode of gevoelige huid gekalmeerd.<\/p>\n<p><strong>Over bijenwas<\/strong>: In de huidverzorging heeft bijenwas al een lange traditie. In het antieke Griekenland werden bijenwas en olijfolie, samen met rozenwater gemengd en als een soort cr\u00e8me gebruikt. Tegenwoordig wordt bijenwas gebruikt als ingredi\u00ebnt dat bijdraagt aan stevigheid en duurzaamheid van huidproducten. Het geeft een dikke, romige structuur aan balsems en is fantastisch voor een droge huid: het heeft een zeer goede huid beschermende werking en kan huidvochtverdamping verminderen. Bijenwas laat zuurstof en licht door: de bijenlarven hebben immers ook zuurstof en licht nodig. Daarom zal bijenwas de pori\u00ebn niet verstoppen.<\/p>\n<p><strong>Over sheabutter:<\/strong>\u00a0Uit Afrika komt een van de beste \u2018boters\u2019 (vast plantaardig vet) die we in de huidverzorging kunnen gebruiken. Shea butter of\u00a0Karit\u00e9boter heeft voortreffelijke huidverzachtende kwaliteiten. Handen en huid worden fluweelzacht door deze boter die de huid soepel maakt en beschermt tegen uitdroging. In vergelijking met andere plantaardige vetten bevat shea butter een hoog gehalte aan vetbegeleidingsstoffen. In de plant zelf beschermen deze stoffen het bladoppervlak tegen uitdroging. Deze beschermende functie geeft het ook aan onze huid. Het positieve effect op het collageenweefsel draagt bij aan een stevige huid. De olie kan ondersteunen bij het voorkomen van zwangerschapsstriemen, rimpelvorming en een slappe huid. De provitamine A in de olie normaliseert het verhoorningsproces. Dit wil zeggen dat een verhoornde huid zachter wordt, terwijl de verhoorning van een dunne huid versterkt wordt. De olie geeft enigszins bescherming tegen UV-stralen door de aanwezigheid van kaneelzuur.<\/p>\n<p><strong>Over sacha-inchi<\/strong>: In de huidverzorging is Sacha inchi een goede olie voor de behandeling van geprikkelde huid, droge huid en droog haar. Het is goed voor het bindweefsel in de huid en houdt de huid elastisch. Het hoge aandeel aan linolzuur en alfa-linoleenzuur maakt dat deze bijzondere olie in te zetten is bij acne en het beperken van littekenvorming. De olie gaat goed samen met oli\u00ebn als sheabutter en avocado die meehelpen de onverzadigde vetzuren in de huid te brengen.<\/p>\n<p>Sacha Inchi bevat een aantal anti-oxidanten, zoals vitamine A en E, welke helpen bij het herstel en bescherming van de huid door milieu-invloeden en de zon. Vitamine E zorgt ook voor een langere houdbaarheid van deze olie. De Sacha Inchi struik geeft het hele jaar zaden zodat er meerdere keren per jaar kan worden geoogst, dit is erg positief voor de boeren waar we mee samenwerken.<\/p>\n<p><strong>Over kokos:<\/strong>\u00a0Biologische kokosolie is een heerlijke olie voor de huid en is geschikt voor alle huidtypen. Vanwege de licht hydraterende werking is de olie met name geschikt voor de droge huid. Een mengsel met jojoba olie is ideaal bij een gebarsten huid. Biologische kokosolie werkt ontspannend en is licht verkoelend. De olie kan gebruikt worden in de dagelijkse verzorging van gezicht en lichaam, maar is tevens een heerlijke basis- en massageolie en aftersun. Ook voor baby&#8217;s en kinderen is deze olie zeer geschikt. Regelmatig gebruik maakt de huid zacht en elastisch.\u00a0Ongeraffineerde, biologische kokosolie bevat veel vitamine E en tocotri\u00ebnolen. Deze antioxidanten vertragen de gevolgen van het ouder worden.<\/p>\n<p><strong>Over sinaasappel:<\/strong>\u00a0In de huidverzorging is sinaasappel in te zetten bij een normaal tot vet huidtype. Sinaasappel werkt anti-rimpel, verzacht een gebarsten huid en versterkt de opperhuid. Sinaasappel ondersteund bij regeneratie van huidcellen.<\/p>\n<p><strong>Over mandarijn<\/strong>: In de huidverzorging is mandarijn in te zetten bij acne, een gecombineerde en vette huid. Mandarijn werkt hydraterend en verzacht de droge huid.<\/p>\n<p><strong>Over benzo\u00eb:<\/strong>\u00a0Benzo\u00eb werkt huidherstellend en regenererend. Is geschikt voor een acne huid vanwege zijn kalmerende werking. Ook bij behandeling van littekens of brandwonden kan benzo\u00eb ingezet worden.<\/p>\n<p><strong>Over vanille:<\/strong>\u00a0Op de huid werkt vanille helend, verzachtend en verwarmend.<\/p>\n<p>&nbsp;<\/p>\n","protected":false},"excerpt":{"rendered":"<p>Verwijder dode huidcellen met de 100% natuurlijke peeling A Touch Of Happiness! Deze peeling is uniek door de toevoeging van himalaya zout: de fijne korreltjes zijn wateroplosbaar.<\/p>\n<p><strong>Geur<\/strong><br \/>\nBloemig, Citrusvrucht, Fruitig<\/p>\n<p><strong>Merk<\/strong><br \/>\nCEC<\/p>\n<p><strong>Indicaties Cosmetisch<\/strong><br \/>\nDroge huid, Gecombineerde huid, Gevoelige huid, Huidverzorgend, Ondersteunt herstellend vermogen huid, Onzuivere huid, Puistjes &amp; Mee\u00ebters, bij, Rijpe huid, Zuiverend<\/p>\n","protected":false},"featured_media":2301,"template":"","meta":[],"product_brand":[],"product_cat":[17,37],"product_tag":[],"class_list":{"0":"post-492","1":"product","2":"type-product","3":"status-publish","4":"has-post-thumbnail","6":"product_cat-chi-100-procent-natural-cosmetics","7":"product_cat-a-touch-of-happiness","9":"first","10":"instock","11":"shipping-taxable","12":"purchasable","13":"product-type-simple"},"jetpack_sharing_enabled":true,"_links":{"self":[{"href":"https:\/\/skinperfection.nl\/index.php\/wp-json\/wp\/v2\/product\/492","targetHints":{"allow":["GET"]}}],"collection":[{"href":"https:\/\/skinperfection.nl\/index.php\/wp-json\/wp\/v2\/product"}],"about":[{"href":"https:\/\/skinperfection.nl\/index.php\/wp-json\/wp\/v2\/types\/product"}],"wp:featuredmedia":[{"embeddable":true,"href":"https:\/\/skinperfection.nl\/index.php\/wp-json\/wp\/v2\/media\/2301"}],"wp:attachment":[{"href":"https:\/\/skinperfection.nl\/index.php\/wp-json\/wp\/v2\/media?parent=492"}],"wp:term":[{"taxonomy":"product_brand","embeddable":true,"href":"https:\/\/skinperfection.nl\/index.php\/wp-json\/wp\/v2\/product_brand?post=492"},{"taxonomy":"product_cat","embeddable":true,"href":"https:\/\/skinperfection.nl\/index.php\/wp-json\/wp\/v2\/product_cat?post=492"},{"taxonomy":"product_tag","embeddable":true,"href":"https:\/\/skinperfection.nl\/index.php\/wp-json\/wp\/v2\/product_tag?post=492"}],"curies":[{"name":"wp","href":"https:\/\/api.w.org\/{rel}","templated":true}]}}