{"id":516,"date":"2020-05-27T11:54:28","date_gmt":"2020-05-27T11:54:28","guid":{"rendered":"http:\/\/www.skinperfection.nl\/?post_type=product&#038;p=516"},"modified":"2025-06-29T18:39:32","modified_gmt":"2025-06-29T18:39:32","slug":"groene-leem-pasta-vertargil-met-tea-tree-en-lavendel-100-gr","status":"publish","type":"product","link":"https:\/\/skinperfection.nl\/index.php\/product\/groene-leem-pasta-vertargil-met-tea-tree-en-lavendel-100-gr\/","title":{"rendered":"Groene leem pasta Vertargil &#8211; met tea tree en lavendel 100 gr."},"content":{"rendered":"<h2>Over Groene klei pasta in tube<\/h2>\n<p>Deze vernieuwde formule heeft een heerlijke geur, is beter aan te brengen en is zeer huidvriendelijk. De kant-en-klare formule bestaat alleen uit pure groene klei uit Zuid-Frankrijk, biologisch rozen- en lavendelwater uit Bulgarije en, voor de houdbaarheid, een zeer kleine hoeveelheid (achter de komma) houdbaarheidsstof voor natuurcosmetica (Ecocert gecertificeerd). Producten gemengd met water zijn bederfelijk en moeten daarom altijd worden geconserveerd om bacterie- en schimmelvorming tegen te gaan.<\/p>\n<p>De essenti\u00eble oli\u00ebn van tea tree en lavendel zijn op verzoek van vele professionals uit de formulering gehaald, zo kun je (indien nodig) zelf een essenti\u00eble olie toevoegen. Voeg dan 1-2 druppel(s) essenti\u00eble olie toe aan 1 eetlepel groene klei masker. Let op: los eerst de essenti\u00eble olie op in een theelepel plantolie. Het rozen- en lavendelwater vervangen het \u2018gewone\u2019 water en de essenti\u00eble oli\u00ebn uit de oude formule. Hydrolaten zijn zeer zacht voor de huid, ze werken samentrekkend, tonifi\u00ebrend, zuiverend en hebben een heerlijke geur.<\/p>\n<h2>Over groene klei<\/h2>\n<p>Vertargil groene leem of groene klei\u00a0is 100% door de natuur samengesteld, onbewerkt en wordt al vanaf de oudheid gebruikt. Klei is een levende, intelligente stof waarvan de werking nog nooit in het laboratorium is nagebootst.\u00a0De oude Egyptenaren gebruikten klei uit de Nijl in de wondverzorging en ze gebruikten het bij het mummificeren.\u00a0Boeren behandelden van oudsher de kwalen van hun huisdieren en vee met klei.\u00a0Vaak was het aan wilde dieren te danken dat men de plaatsen met helende aarde ontdekte. Men merkte op dat gewonde dieren zich op speciale plaatsen in de modder wentelden en daarna snel herstelden.<\/p>\n<p>Groene leem of groene klei lijkt de krachtigste en meest werkzame onder de kleisoorten te zijn en is sterk reinigend. Groene klei bevat veel mineralen zoals aluminium, ijzer, silicium, calcium, magnesium, natrium en kalium. Er zijn restsporen van waterstof, titanium, chloor, fosfor, koolstof, mangaan en zwavel in aangetroffen. Het is rijk aan enzymen die het opnemen van mineralen en vitaminen bevorderen.<\/p>\n<h2>Eigenschappen groene klei<\/h2>\n<ul>\n<li>Sterk reinigend: zuivert de huid<\/li>\n<li>Ondersteunt alledaagse huidproblemen<\/li>\n<li>Ondersteunt het herstellend vermogen van de huid<\/li>\n<li>Verjongt en verfrist de huid<\/li>\n<li>Bij puistjes en acne<\/li>\n<li>Werkt als een natuurlijke trekzalf<\/li>\n<\/ul>\n<p>&nbsp;<\/p>\n<h2>Groene klei masker<\/h2>\n<p>Groene\u00a0klei pasta is uitstekend in te zetten als reinigend en huidherstellend masker bij de normale tot vette huid. En zeer effectief bij puistjes en acne. Breng de groene\u00a0klei pasta ruim aan op het gezicht. De groene\u00a0klei pasta droogt in. Laat het masker maximaal 20 minuten inwerken. Verwijder het masker met warm water. De ingedroogde groene\u00a0klei pasta is het makkelijkst te verwijderen onder de douche. Zo wordt de klei ook goed weggespoeld.<\/p>\n<p>Het is mogelijk om aan deze kant-en-klare tube 1-2 druppel(s) essenti\u00eble olie toe te voegen aan 1 eetlepel groene klei masker. Let op: los eerst de essenti\u00eble olie op in een theelepel plantolie.<\/p>\n<p>Heb je een\u00a0<strong>droge en\/of gevoelige huid<\/strong>? Ook dan kun je het groene\u00a0klei gebruiken voor een reinigend en huidherstellend masker. Vanwege de sterk reinigende en uitdrogende werking van de klei is ons advies is dan om extra plantolie toe te voegen of af te dekken met folie of kompresdoeken. Op deze manier is het masker wat zachter en vriendelijker voor de huid en droogt het masker niet in. Na maximaal 20 minuten kun je het masker verwijderen met watjes of tissues en na reinigen met warm water.<br \/>\nOok kun je gebruik maken van\u00a0<a href=\"https:\/\/www.chi.nl\/groene-leem-superfijn.html\">groene klei poeder<\/a>\u00a0en deze mengen met een basisolie, zoals amandel of jojobaolie.<\/p>\n<h2>Groene klei pakkingen en kompressen<\/h2>\n<p>De kant en klare groene klei pasta is ook uitstekend te gebruiken voor pakkingen en kompressen. Geef je hele lichaam een reinigende pakking door de klei ruim op het hele lichaam aan te brengen. Laat de klei 20 minuten indrogen en verwijder de klei met een warme douche. De kant en klare groene\u00a0klei pasta is ook te gebruiken als koud kompres.\u00a0Een koud kleikompres onttrekt warmte aan de huid en het lichaam. Onder andere ideaal na training of sport!<\/p>\n<h2>Kwaliteit<\/h2>\n<p>In het diepe zuiden van Frankrijk zijn in miljoenen jaren tijd kleilagen gevormd. Door het warme, zonnige klimaat is er veel zonne-energie in de klei opgeslagen. De klei wordt gewonnen, gedroogd in de zon en via een speciale techniek fijn getrild en gefilterd. Elke batch wordt door een laboratorium gecontroleerd op de hoogste normen voor inhoudsstoffen om een topkwaliteit te garanderen!<\/p>\n<h2>Inhoudsstoffen groene klei<\/h2>\n<ul>\n<li>SiO2 Silicium +\/- 47.0 \u2013 52.0 %<\/li>\n<li>AL2O3 Aluminiumoxide +\/- 13.0 \u2013 15.0 %<\/li>\n<li>CaO Calcium +\/- 7.0 \u2013 9.0%<\/li>\n<li>Fe2O3 IJzeroxide +\/- 4.0 \u2013 6.0%<\/li>\n<li>K2O Potassium +\/- 3.0 \u2013 5.0%<\/li>\n<li>MgO Magnesiumoxide +\/- 2.0 \u2013 3.0%<\/li>\n<li>Na2O Natrium +\/- 0.1 \u2013 0.3%<\/li>\n<li>MnO Mangaan +\/- 0.1 \u2013 0.3%<\/li>\n<li>P2O5 Fosfor +\/- 0.1 \u2013 0.2%<\/li>\n<li>Cu Koper +\/- 20 +\/- 10 ppm<\/li>\n<li>Co Kobalt +\/- 15 +\/- 10 ppm<\/li>\n<li>Li Lithium +\/- 3 +\/- 1 ppm<\/li>\n<li>Mo Molybdeen &lt; 1 ppm<\/li>\n<\/ul>\n<p><span data-ccp-props=\"{&quot;201341983&quot;:0,&quot;335559739&quot;:160,&quot;335559740&quot;:259}\">\u00a0<\/span><\/p>\n<h2><span data-contrast=\"none\">Waarom kies je voor Chi?<\/span><span data-ccp-props=\"{&quot;201341983&quot;:0,&quot;335559738&quot;:40,&quot;335559739&quot;:160,&quot;335559740&quot;:259}\">\u00a0<\/span><\/h2>\n<ul>\n<li><span data-contrast=\"none\">Sinds 1979, 40 jaar kennis en ervaring met aromatherapie!<\/span><span data-ccp-props=\"{&quot;134233279&quot;:true,&quot;201341983&quot;:0,&quot;335551550&quot;:1,&quot;335551620&quot;:1,&quot;335559739&quot;:160,&quot;335559740&quot;:259}\">\u00a0<\/span><\/li>\n<li><span data-contrast=\"none\">100% pure kracht uit de natuur<\/span><span data-ccp-props=\"{&quot;134233279&quot;:true,&quot;201341983&quot;:0,&quot;335551550&quot;:1,&quot;335551620&quot;:1,&quot;335559739&quot;:160,&quot;335559740&quot;:259}\">\u00a0<\/span><\/li>\n<li><span data-contrast=\"none\">Altijd de hoogste kwaliteit\u00a0<\/span><\/li>\n<li><span data-contrast=\"none\">Eigen productontwikkeling<\/span><span data-ccp-props=\"{&quot;134233279&quot;:true,&quot;201341983&quot;:0,&quot;335551550&quot;:1,&quot;335551620&quot;:1,&quot;335559685&quot;:720,&quot;335559737&quot;:0,&quot;335559739&quot;:160,&quot;335559740&quot;:259,&quot;335559991&quot;:360}\">\u00a0<\/span><\/li>\n<li><span data-contrast=\"none\">Eerlijke samenwerking met boeren over de hele wereld\u00a0<\/span><span data-ccp-props=\"{&quot;134233279&quot;:true,&quot;201341983&quot;:0,&quot;335551550&quot;:1,&quot;335551620&quot;:1,&quot;335559739&quot;:160,&quot;335559740&quot;:259}\">\u00a0<\/span><\/li>\n<li><span data-contrast=\"none\">Eerlijke prijzen voor alle producten\u00a0<\/span><span data-ccp-props=\"{&quot;134233279&quot;:true,&quot;201341983&quot;:0,&quot;335551550&quot;:1,&quot;335551620&quot;:1,&quot;335559739&quot;:160,&quot;335559740&quot;:259}\">\u00a0<\/span><\/li>\n<\/ul>\n<p>&nbsp;<\/p>\n<p>&nbsp;<\/p>\n","protected":false},"excerpt":{"rendered":"<p>Deze vernieuwde formule heeft een heerlijke geur, is beter aan te brengen en is zeer huidvriendelijk. De kant-en-klare formule bestaat alleen uit pure groene klei uit Zuid-Frankrijk, biologisch rozen- en lavendelwater uit Bulgarije en, voor de houdbaarheid, een zeer kleine hoeveelheid (achter de komma) houdbaarheidsstof voor natuurcosmetica (Ecocert gecertificeerd). Producten gemengd met water zijn bederfelijk en moeten daarom altijd worden geconserveerd om bacterie- en schimmelvorming tegen te gaan.<\/p>\n<p>De essenti\u00eble oli\u00ebn van tea tree en lavendel zijn op verzoek van vele professionals uit de formulering gehaald, zo kun je (indien nodig) zelf een essenti\u00eble olie toevoegen. Voeg dan 1-2 druppel(s) essenti\u00eble olie toe aan 1 eetlepel groene klei masker. Let op: los eerst de essenti\u00eble olie op in een theelepel plantolie. Het rozen- en lavendelwater vervangen het \u2018gewone\u2019 water en de essenti\u00eble oli\u00ebn uit de oude formule. Hydrolaten zijn zeer zacht voor de huid, ze werken samentrekkend, tonifi\u00ebrend, zuiverend en hebben een heerlijke geur.<\/p>\n","protected":false},"featured_media":1419,"template":"","meta":[],"product_brand":[],"product_cat":[17,74,39],"product_tag":[],"class_list":{"0":"post-516","1":"product","2":"type-product","3":"status-publish","4":"has-post-thumbnail","6":"product_cat-chi-100-procent-natural-cosmetics","7":"product_cat-groene-leem-witte-leem-maskers","8":"product_cat-leem-producten","10":"first","11":"instock","12":"shipping-taxable","13":"purchasable","14":"product-type-simple"},"jetpack_sharing_enabled":true,"_links":{"self":[{"href":"https:\/\/skinperfection.nl\/index.php\/wp-json\/wp\/v2\/product\/516","targetHints":{"allow":["GET"]}}],"collection":[{"href":"https:\/\/skinperfection.nl\/index.php\/wp-json\/wp\/v2\/product"}],"about":[{"href":"https:\/\/skinperfection.nl\/index.php\/wp-json\/wp\/v2\/types\/product"}],"wp:featuredmedia":[{"embeddable":true,"href":"https:\/\/skinperfection.nl\/index.php\/wp-json\/wp\/v2\/media\/1419"}],"wp:attachment":[{"href":"https:\/\/skinperfection.nl\/index.php\/wp-json\/wp\/v2\/media?parent=516"}],"wp:term":[{"taxonomy":"product_brand","embeddable":true,"href":"https:\/\/skinperfection.nl\/index.php\/wp-json\/wp\/v2\/product_brand?post=516"},{"taxonomy":"product_cat","embeddable":true,"href":"https:\/\/skinperfection.nl\/index.php\/wp-json\/wp\/v2\/product_cat?post=516"},{"taxonomy":"product_tag","embeddable":true,"href":"https:\/\/skinperfection.nl\/index.php\/wp-json\/wp\/v2\/product_tag?post=516"}],"curies":[{"name":"wp","href":"https:\/\/api.w.org\/{rel}","templated":true}]}}