{"id":662,"date":"2020-05-30T15:01:45","date_gmt":"2020-05-30T15:01:45","guid":{"rendered":"https:\/\/www.skinperfection.nl\/?post_type=product&#038;p=662"},"modified":"2023-12-13T15:05:22","modified_gmt":"2023-12-13T15:05:22","slug":"argan-multi-repair-creme-uva","status":"publish","type":"product","link":"https:\/\/skinperfection.nl\/index.php\/product\/argan-multi-repair-creme-uva\/","title":{"rendered":"Argan Multi Repair Cr\u00e8me (+UVA)"},"content":{"rendered":"<p>De Argan Multi Repair Cr\u00e8me is een hydraterende anti-aging cr\u00e8me die dag en nacht verzorgt, zich richt op herstel en speciaal is ontwikkeld voor de huid tot 40 jaar.\u00a0De Multi Repair Cr\u00e8me ondersteunt het herstel van de beschadigde of schrale huid en is rijk aan biologische ingredi\u00ebnten.\u00a0Voor een optimale verzorging gebruik je Multi Repair Cr\u00e8me in combinatie met Antioxidanten Serum.\u00a0Onze Argan Multi Repair Cr\u00e8me heeft, met reden, geen SPF of UVB filter, maar wel een UVA filter.\u00a0Wil je meer voor je huid of ben je ouder dan 40 jaar? Dan adviseren wij\u00a0de Ageless Anti-Rimpel Cr\u00e8me (+UVA)<\/p>\n","protected":false},"excerpt":{"rendered":"<p>50 ml<\/p>\n","protected":false},"featured_media":829,"template":"","meta":[],"product_brand":[],"product_cat":[30,31],"product_tag":[],"class_list":{"0":"post-662","1":"product","2":"type-product","3":"status-publish","4":"has-post-thumbnail","6":"product_cat-botanical-beauty","7":"product_cat-organic-argania-face","9":"first","10":"outofstock","11":"shipping-taxable","12":"purchasable","13":"product-type-simple"},"jetpack_sharing_enabled":true,"_links":{"self":[{"href":"https:\/\/skinperfection.nl\/index.php\/wp-json\/wp\/v2\/product\/662","targetHints":{"allow":["GET"]}}],"collection":[{"href":"https:\/\/skinperfection.nl\/index.php\/wp-json\/wp\/v2\/product"}],"about":[{"href":"https:\/\/skinperfection.nl\/index.php\/wp-json\/wp\/v2\/types\/product"}],"wp:featuredmedia":[{"embeddable":true,"href":"https:\/\/skinperfection.nl\/index.php\/wp-json\/wp\/v2\/media\/829"}],"wp:attachment":[{"href":"https:\/\/skinperfection.nl\/index.php\/wp-json\/wp\/v2\/media?parent=662"}],"wp:term":[{"taxonomy":"product_brand","embeddable":true,"href":"https:\/\/skinperfection.nl\/index.php\/wp-json\/wp\/v2\/product_brand?post=662"},{"taxonomy":"product_cat","embeddable":true,"href":"https:\/\/skinperfection.nl\/index.php\/wp-json\/wp\/v2\/product_cat?post=662"},{"taxonomy":"product_tag","embeddable":true,"href":"https:\/\/skinperfection.nl\/index.php\/wp-json\/wp\/v2\/product_tag?post=662"}],"curies":[{"name":"wp","href":"https:\/\/api.w.org\/{rel}","templated":true}]}}