{"id":664,"date":"2020-05-30T15:04:55","date_gmt":"2020-05-30T15:04:55","guid":{"rendered":"https:\/\/www.skinperfection.nl\/?post_type=product&#038;p=664"},"modified":"2024-01-16T14:59:45","modified_gmt":"2024-01-16T14:59:45","slug":"balancing-dag-en-nachtcreme-in-1","status":"publish","type":"product","link":"https:\/\/skinperfection.nl\/index.php\/product\/balancing-dag-en-nachtcreme-in-1\/","title":{"rendered":"Balancing Dag- en Nachtcr\u00e8me in 1"},"content":{"rendered":"<p>De 100% natuurlijke Balancing Dag- en Nachtcr\u00e8me van Botanical Beauty is de meest volwaardige verzorging voor de normale, droge en gevoelige huid tot 30 jaar in \u00e9\u00e9n potje.\u00a0De cr\u00e8me bevat onder andere biologische amandelolie en druivenpitolie. Deze oli\u00ebn zorgen ervoor dat de huid herstelt en intens gevoed wordt gedurende de nacht.\u00a0Gedurende de dag zorgt het hoge gehalte biologische Jojobaolie in combinatie met de Meadowfoamolie voor een optimale hydratatie en bescherming van de huid tegen invloeden van buitenaf.\u00a0Voor een oudere huid vanaf ongeveer 30 jaar raden we\u00a0de Multi Repair Cr\u00e8me (+UVA)\u00a0of\u00a0de Ageless Anti-Rimpel Cr\u00e8me (+UVA)\u00a0vanaf ongeveer 40 jaar. Ook deze cr\u00e8mes zijn geschikt voor dag- en nachtverzorging).<\/p>\n","protected":false},"excerpt":{"rendered":"<p>50 ml<\/p>\n","protected":false},"featured_media":828,"template":"","meta":[],"product_brand":[],"product_cat":[30,31],"product_tag":[],"class_list":{"0":"post-664","1":"product","2":"type-product","3":"status-publish","4":"has-post-thumbnail","6":"product_cat-botanical-beauty","7":"product_cat-organic-argania-face","9":"first","10":"instock","11":"shipping-taxable","12":"purchasable","13":"product-type-simple"},"jetpack_sharing_enabled":true,"_links":{"self":[{"href":"https:\/\/skinperfection.nl\/index.php\/wp-json\/wp\/v2\/product\/664","targetHints":{"allow":["GET"]}}],"collection":[{"href":"https:\/\/skinperfection.nl\/index.php\/wp-json\/wp\/v2\/product"}],"about":[{"href":"https:\/\/skinperfection.nl\/index.php\/wp-json\/wp\/v2\/types\/product"}],"wp:featuredmedia":[{"embeddable":true,"href":"https:\/\/skinperfection.nl\/index.php\/wp-json\/wp\/v2\/media\/828"}],"wp:attachment":[{"href":"https:\/\/skinperfection.nl\/index.php\/wp-json\/wp\/v2\/media?parent=664"}],"wp:term":[{"taxonomy":"product_brand","embeddable":true,"href":"https:\/\/skinperfection.nl\/index.php\/wp-json\/wp\/v2\/product_brand?post=664"},{"taxonomy":"product_cat","embeddable":true,"href":"https:\/\/skinperfection.nl\/index.php\/wp-json\/wp\/v2\/product_cat?post=664"},{"taxonomy":"product_tag","embeddable":true,"href":"https:\/\/skinperfection.nl\/index.php\/wp-json\/wp\/v2\/product_tag?post=664"}],"curies":[{"name":"wp","href":"https:\/\/api.w.org\/{rel}","templated":true}]}}