{"id":680,"date":"2020-05-30T15:20:22","date_gmt":"2020-05-30T15:20:22","guid":{"rendered":"https:\/\/www.skinperfection.nl\/?post_type=product&#038;p=680"},"modified":"2024-01-16T14:58:45","modified_gmt":"2024-01-16T14:58:45","slug":"reinigingslotion","status":"publish","type":"product","link":"https:\/\/skinperfection.nl\/index.php\/product\/reinigingslotion\/","title":{"rendered":"Reinigingslotion"},"content":{"rendered":"<p>Argan Reinigingslotion herstelt door de toepassing van heilzame kruiden, aroma-oli\u00ebn en verzachtende biologische ingredi\u00ebnten, zoals rozenwater en Alo\u00eb Vera, het biologische evenwicht van de huid.<\/p>\n<p>De Argan Reinigingslotion reinigt zacht en mild tot diep in de pori\u00ebn, verfrist, bevordert een natuurlijke doorbloeding en heeft een zacht verkoelend effect.<\/p>\n<p>Voor een optimale reiniging gebruik je reinigingslotion altijd met reinigingsmelk.<\/p>\n","protected":false},"excerpt":{"rendered":"<p>150 ml<\/p>\n<p>Zachte milde reinigingslotion met heilzame kruiden.<\/p>\n","protected":false},"featured_media":840,"template":"","meta":[],"product_brand":[],"product_cat":[30,31],"product_tag":[],"class_list":{"0":"post-680","1":"product","2":"type-product","3":"status-publish","4":"has-post-thumbnail","6":"product_cat-botanical-beauty","7":"product_cat-organic-argania-face","9":"first","10":"instock","11":"shipping-taxable","12":"purchasable","13":"product-type-simple"},"jetpack_sharing_enabled":true,"_links":{"self":[{"href":"https:\/\/skinperfection.nl\/index.php\/wp-json\/wp\/v2\/product\/680","targetHints":{"allow":["GET"]}}],"collection":[{"href":"https:\/\/skinperfection.nl\/index.php\/wp-json\/wp\/v2\/product"}],"about":[{"href":"https:\/\/skinperfection.nl\/index.php\/wp-json\/wp\/v2\/types\/product"}],"wp:featuredmedia":[{"embeddable":true,"href":"https:\/\/skinperfection.nl\/index.php\/wp-json\/wp\/v2\/media\/840"}],"wp:attachment":[{"href":"https:\/\/skinperfection.nl\/index.php\/wp-json\/wp\/v2\/media?parent=680"}],"wp:term":[{"taxonomy":"product_brand","embeddable":true,"href":"https:\/\/skinperfection.nl\/index.php\/wp-json\/wp\/v2\/product_brand?post=680"},{"taxonomy":"product_cat","embeddable":true,"href":"https:\/\/skinperfection.nl\/index.php\/wp-json\/wp\/v2\/product_cat?post=680"},{"taxonomy":"product_tag","embeddable":true,"href":"https:\/\/skinperfection.nl\/index.php\/wp-json\/wp\/v2\/product_tag?post=680"}],"curies":[{"name":"wp","href":"https:\/\/api.w.org\/{rel}","templated":true}]}}