{"id":969,"date":"2020-06-09T14:59:23","date_gmt":"2020-06-09T14:59:23","guid":{"rendered":"https:\/\/www.skinperfection.nl\/?post_type=product&#038;p=969"},"modified":"2025-06-28T06:25:45","modified_gmt":"2025-06-28T06:25:45","slug":"dagcreme-met-uv-filter","status":"publish","type":"product","link":"https:\/\/skinperfection.nl\/index.php\/product\/dagcreme-met-uv-filter\/","title":{"rendered":"Dagcr\u00e8me met UV-Filter"},"content":{"rendered":"<p>De vertrouwde Dagcr\u00e8me, maar dan met UV-bescherming. Wanneer de zon weer volop gaat schijnen, bij deze 2 cr\u00e8mes in 1!<\/p>\n<p>Deze dagcr\u00e8me biedt bescherming tegen vrije radicalen. Deze cr\u00e8me wordt eenvoudig door de huid opgenomen, werkt vochtregulerend en hierdoor behoudt de huid haar elasticiteit en spankracht. Daarnaast ook met UV-bescherming met factor 15.<\/p>\n","protected":false},"excerpt":{"rendered":"<p>inhoud<\/p>\n<p>50 ml<\/p>\n","protected":false},"featured_media":970,"template":"","meta":[],"product_brand":[],"product_cat":[47,50],"product_tag":[],"class_list":{"0":"post-969","1":"product","2":"type-product","3":"status-publish","4":"has-post-thumbnail","6":"product_cat-goldflower","7":"product_cat-vochtarme-jeugdige-gevoelige-droge-huid","9":"first","10":"outofstock","11":"shipping-taxable","12":"purchasable","13":"product-type-simple"},"jetpack_sharing_enabled":true,"_links":{"self":[{"href":"https:\/\/skinperfection.nl\/index.php\/wp-json\/wp\/v2\/product\/969","targetHints":{"allow":["GET"]}}],"collection":[{"href":"https:\/\/skinperfection.nl\/index.php\/wp-json\/wp\/v2\/product"}],"about":[{"href":"https:\/\/skinperfection.nl\/index.php\/wp-json\/wp\/v2\/types\/product"}],"wp:featuredmedia":[{"embeddable":true,"href":"https:\/\/skinperfection.nl\/index.php\/wp-json\/wp\/v2\/media\/970"}],"wp:attachment":[{"href":"https:\/\/skinperfection.nl\/index.php\/wp-json\/wp\/v2\/media?parent=969"}],"wp:term":[{"taxonomy":"product_brand","embeddable":true,"href":"https:\/\/skinperfection.nl\/index.php\/wp-json\/wp\/v2\/product_brand?post=969"},{"taxonomy":"product_cat","embeddable":true,"href":"https:\/\/skinperfection.nl\/index.php\/wp-json\/wp\/v2\/product_cat?post=969"},{"taxonomy":"product_tag","embeddable":true,"href":"https:\/\/skinperfection.nl\/index.php\/wp-json\/wp\/v2\/product_tag?post=969"}],"curies":[{"name":"wp","href":"https:\/\/api.w.org\/{rel}","templated":true}]}}